{"id":2,"date":"2017-01-13T07:30:25","date_gmt":"2017-01-13T07:30:25","guid":{"rendered":"http:\/\/autismancaar.ro\/abil\/?page_id=2"},"modified":"2017-10-06T17:42:59","modified_gmt":"2017-10-06T17:42:59","slug":"proiectul-abil","status":"publish","type":"page","link":"http:\/\/autismancaar.ro\/abil\/proiectul-abil\/","title":{"rendered":"Proiectul Abil"},"content":{"rendered":"<p style=\"font-size: 30px; text-align: center;\"><img loading=\"lazy\" decoding=\"async\" class=\"size-medium wp-image-105 aligncenter\" src=\"http:\/\/autismancaar.ro\/abil\/wp-content\/uploads\/2017\/10\/ABIL-300x245.jpg\" alt=\"\" width=\"300\" height=\"245\" srcset=\"http:\/\/autismancaar.ro\/abil\/wp-content\/uploads\/2017\/10\/ABIL-300x245.jpg 300w, http:\/\/autismancaar.ro\/abil\/wp-content\/uploads\/2017\/10\/ABIL.jpg 546w\" sizes=\"auto, (max-width: 300px) 100vw, 300px\" \/><\/p>\n<p>&nbsp;<\/p>\n<h2 style=\"text-align: center;\">Asocia\u021bia Na\u021bional\u0103 pentru Copii \u0219i Adul\u021bi cu Autism din Rom\u00e2nia continu\u0103 procesul de sus\u021binere al persoanelor cu Tulbur\u0103ri din Spectrul Autismului \u0219i familiilor acestora prin lansarea Proiectului ABIL.<\/h2>\n<h2 style=\"text-align: center;\"><strong>ABIL<\/strong> \u00eenseamn\u0103 normalitate! \u00censeamn\u0103 abilitatea persoanei cu autism! pentru bun\u0103stare \u0219i incluziune \u00een libertate. ABIL preg\u0103te\u0219te persoana cu autism, pe apar\u021bin\u0103torii acesteia \u0219i societatea pentru o via\u021b\u0103 activ\u0103, incluziv\u0103.<\/h2>\n<h2 style=\"text-align: center;\">Acest proiect vine \u00een continuarea Proiectului RESPIRO, \u0219i conduce persoana cu autism din atelierul de terapii specifice, atunci c\u00e2nd momentul este propice, \u00een procesul de formare profesional\u0103, c\u0103tre ocuparea unui loc de munc\u0103 \u0219i un stil de via\u021b\u0103 s\u0103n\u0103tos. T\u00e2n\u0103rului cu autism i se ofer\u0103 oportunit\u0103\u021bi de afirmare \u0219i integrare social\u0103 real\u0103, iar speciali\u0219tii no\u0219tri asigur\u0103 o informare corect\u0103 c\u0103tre membrii societ\u0103\u021bii \u0219i activeaz\u0103 ca facilitator pentru acesta.<\/h2>\n<h2 style=\"text-align: center;\">Conceptul unic al ANCAAR ce presupune testarea voca\u021bional\u0103 a oric\u0103rei persoane cu autism, prin proceduri proprii, ca proces antemergator aceluia de formare profesional\u0103, reprezint\u0103 baza structurii Proiectului ABIL \u0219i \u00eent\u0103re\u0219te credin\u021ba asocia\u021biei, mereu adus\u0103 \u00een primplan prin toate activit\u0103\u021bile \u0219i proiectele acesteia, conform c\u0103reia orice persoan\u0103 poate fi valorizat\u0103 \u0219i poate progresa, \u00een ritmul ei, spre propria performan\u021b\u0103, devenind un pion valoros \u00een societate.<\/h2>\n","protected":false},"excerpt":{"rendered":"<p>&nbsp; Asocia\u021bia Na\u021bional\u0103 pentru Copii \u0219i Adul\u021bi cu Autism din Rom\u00e2nia continu\u0103 procesul de sus\u021binere al persoanelor cu Tulbur\u0103ri din Spectrul Autismului \u0219i familiilor acestora prin lansarea Proiectului ABIL. ABIL \u00eenseamn\u0103 normalitate! \u00censeamn\u0103 abilitatea persoanei cu autism! pentru bun\u0103stare \u0219i incluziune \u00een libertate. ABIL preg\u0103te\u0219te persoana cu autism, pe apar\u021bin\u0103torii acesteia \u0219i societatea pentru o [&hellip;]<\/p>\n","protected":false},"author":1,"featured_media":0,"parent":0,"menu_order":0,"comment_status":"closed","ping_status":"open","template":"","meta":{"footnotes":""},"class_list":["post-2","page","type-page","status-publish","hentry"],"_links":{"self":[{"href":"http:\/\/autismancaar.ro\/abil\/wp-json\/wp\/v2\/pages\/2","targetHints":{"allow":["GET"]}}],"collection":[{"href":"http:\/\/autismancaar.ro\/abil\/wp-json\/wp\/v2\/pages"}],"about":[{"href":"http:\/\/autismancaar.ro\/abil\/wp-json\/wp\/v2\/types\/page"}],"author":[{"embeddable":true,"href":"http:\/\/autismancaar.ro\/abil\/wp-json\/wp\/v2\/users\/1"}],"replies":[{"embeddable":true,"href":"http:\/\/autismancaar.ro\/abil\/wp-json\/wp\/v2\/comments?post=2"}],"version-history":[{"count":15,"href":"http:\/\/autismancaar.ro\/abil\/wp-json\/wp\/v2\/pages\/2\/revisions"}],"predecessor-version":[{"id":108,"href":"http:\/\/autismancaar.ro\/abil\/wp-json\/wp\/v2\/pages\/2\/revisions\/108"}],"wp:attachment":[{"href":"http:\/\/autismancaar.ro\/abil\/wp-json\/wp\/v2\/media?parent=2"}],"curies":[{"name":"wp","href":"https:\/\/api.w.org\/{rel}","templated":true}]}}