{"id":2,"date":"2017-01-13T07:30:25","date_gmt":"2017-01-13T07:30:25","guid":{"rendered":"http:\/\/autismancaar.ro\/respiro\/?page_id=2"},"modified":"2017-01-13T10:02:49","modified_gmt":"2017-01-13T10:02:49","slug":"sample-page","status":"publish","type":"page","link":"http:\/\/autismancaar.ro\/respiro\/sample-page\/","title":{"rendered":"Proiectul Respiro"},"content":{"rendered":"<p><img loading=\"lazy\" decoding=\"async\" class=\"size-full wp-image-23 aligncenter\" src=\"http:\/\/autismancaar.ro\/respiro\/wp-content\/uploads\/2017\/01\/respiro-s-1.jpg\" alt=\"\" width=\"280\" height=\"240\" \/><\/p>\n<p>&nbsp;<\/p>\n<p>Prin\u00a0<strong>Proiectul RESPIRO<\/strong>, ANCAAR propune un centru de zi multifunc\u0163ional. Centrul ofer\u0103 servicii educa\u0163ionale, activit\u0103\u0163i ocupa\u0163ionale precum \u015fi consiliere pentru copii \u015fi tineri cu TSA. De asemenea, centrul \u00a0ofer\u0103 servicii de consiliere pentru adul\u0163ii cu Tulbur\u0103ri din Spectrul Autismului \u015fi pentru familiile acestora \u00een vederea men\u0163inerii unui standard ridicat de func\u0163ionare \u00een societate.<\/p>\n<p>Scopul principal al acestui proiect este sus\u0163inerea persoanelor cu TSA \u00een \u00eembun\u0103t\u0103\u0163irea comunic\u0103rii cu membrii comunit\u0103\u0163ii, acumularea unor deprinderi specifice vie\u0163ii de zi cu zi, \u00een preg\u0103tirea unei vie\u0163i independente, \u00een identificarea talentelor \u015fi abilit\u0103\u0163ilor \u00eenn\u0103scute \u015fi \u00eenv\u0103\u0163area exploat\u0103rii acestora. RESPIRO ofer\u0103 posibilitatea acces\u0103rii unui grad de educare superior prin abordarea inovatoare psihopedagogic\u0103, utilizarea metodelor terapeutice adaptate fiec\u0103rui individ (Eu sunt special, Denver, PRT, etc) \u015fi prin speciali\u015ftii preg\u0103ti\u0163i intensiv.<\/p>\n<p>Prin\u00a0<strong>Proiectul RESPIRO<\/strong>, ANCAAR asigur\u0103 preg\u0103tirea viitorilor speciali\u015fti, prin posibilitatea acces\u0103rii programelor de tip intrernship \u015fi voluntariat pentru membrii familiilor persoanelor cu TSA, speciali\u015fti \u00een formare sau studen\u0163i. Centrul ofer\u0103 preg\u0103tire \u201ein situ\u201d membrilor familiilor sau personelor care \u00eengrijesc \u00een mod curent tinerii cu TSA. De asemenea, se asigur\u0103 consilierea speciali\u015ftilor care intr\u0103 \u00een contact cu persoanele cu TSA (grup suport \u015fi consiliere individual\u0103).<\/p>\n<p><strong>Proiectul RESPIRO<\/strong>\u00a0se adreseaz\u0103 copiilor \u015fi tinerilor cu TSA cu v\u00e2rste curpinse \u00eentre 3 \u015fi 25 de ani \u015fi familiilor acestora precum \u015fi preg\u0103tirii unor persoane specializate \u00een interac\u0163iunea tinerilor cu TSA. Proiectul va implica beneficiarii at\u00e2t \u00eentr-un proces de fundamentare teoretic\u0103 c\u00eet \u015fi \u00eentr-o serie de activit\u0103\u0163i practice, concrete, care vor duce la acumularea de experien\u0163\u0103 din partea speciali\u015ftilor \u015fi familiilor persoanelor cu TSA, precum \u015fi a ridic\u0103rii gradului de formare a aptitudinilor de lucru \u015fi a abilit\u0103\u0163ilor de via\u0163\u0103 independent\u0103 a tinerilor cu TSA. \u00a0Adiacent, apar\u0163in\u0103torii se vor bucura de o bucat\u0103 de timp liber, timp \u00een care persoana cu autism este supravegheat\u0103 \u015fi antrenat\u0103 \u00een activit\u0103\u0163i benefice condi\u0163iei sale.<\/p>\n<p><strong>Acest proiect este finan\u0163at de<\/strong><strong>\u00a0<a href=\"http:\/\/www.veluxfoundations.dk\/\">Velux Foundations<\/a>.\u00a0<\/strong><strong>Mai multe despre aceast\u0103 funda\u0163ie, v\u0103 invit\u0103m s\u0103 accesa\u0163i\u00a0<\/strong><strong><a href=\"http:\/\/autismancaar.ro\/respiro\/finan\u021bator\/\">pagina destinat\u0103 finan\u0163atorului<\/a>.<\/strong><\/p>\n<p>Programul de Ateliere ANCAAR \u015fi programele de terapie ocupa\u0163ional\u0103 s-au dovedit a avea\u00a0 o evolu\u0163ie benefic\u0103 a calit\u0103\u0163ii vie\u0163ii autistului \u015fi familiei acestuia. De asemenea, to\u0163i beneficiarii acestor programe au \u00eenregistrat progrese pe toate palierele de dezvoltare \u015fi s-au rezolvat probleme existen\u0163iale pentru ace\u015ftia.<\/p>\n<p>Mai mult, prin\u00a0<strong>Proiectul RESPIRO<\/strong>\u00a0se propune \u015fi o grup\u0103 de profesionalizare a tinerilor cu TSA. \u00a0\u00centruc\u00e2t \u00eenc\u0103 nu exist\u0103 o asemenea ini\u0163iativ\u0103, autistul din Romania nu poate desf\u0103\u015fura nici o profesie ( \u00een prezent nu exist\u0103 cursuri speciale pentru persoane cu autism).<\/p>\n<p>Toate aceste ini\u0163iative au o singur\u0103 \u0163int\u0103: crearea unei independen\u0163e pentru persoana cu autism, pornind de la autonomie, p\u00e2n\u0103 la independen\u0163a financiar\u0103.<\/p>\n<p>Proiectul este primul de acest gen din Romania \u015fi pe l\u00e2ng\u0103 experien\u0163a \u015fi informa\u0163iile pe care urmeaz\u0103 s\u0103 le acumuleze \u015fi s\u0103 le disemineze, se configureaz\u0103 ca un proiect-pilot ce va putea fi replicat \u00een viitor de c\u0103tre filialele ANCAAR \u015fi alte ONG-uri sau alte institu\u0163ii active \u00een acest sector social, oferind sesiuni de preg\u0103tire pentru viitori profesioni\u015fti \u00een domeniul TSA sau voluntarilor care se implic\u0103 \u00een acest sector.<\/p>\n<p><a href=\"http:\/\/autismancaar.ro\/respiro\/respiro-project\/\">Check our English version of this page.<\/a><\/p>\n<p><a href=\"http:\/\/autismancaar.ro\/respiro\/projekt-respiro\/\">Tjek vores danske version af denne side.<\/a><\/p>\n<p>&nbsp;<\/p>\n","protected":false},"excerpt":{"rendered":"<p>&nbsp; Prin\u00a0Proiectul RESPIRO, ANCAAR propune un centru de zi multifunc\u0163ional. Centrul ofer\u0103 servicii educa\u0163ionale, activit\u0103\u0163i ocupa\u0163ionale precum \u015fi consiliere pentru copii \u015fi tineri cu TSA. De asemenea, centrul \u00a0ofer\u0103 servicii de consiliere pentru adul\u0163ii cu Tulbur\u0103ri din Spectrul Autismului \u015fi pentru familiile acestora \u00een vederea men\u0163inerii unui standard ridicat de func\u0163ionare \u00een societate. Scopul principal [&hellip;]<\/p>\n","protected":false},"author":1,"featured_media":0,"parent":0,"menu_order":0,"comment_status":"closed","ping_status":"open","template":"","meta":{"footnotes":""},"class_list":["post-2","page","type-page","status-publish","hentry"],"_links":{"self":[{"href":"http:\/\/autismancaar.ro\/respiro\/wp-json\/wp\/v2\/pages\/2","targetHints":{"allow":["GET"]}}],"collection":[{"href":"http:\/\/autismancaar.ro\/respiro\/wp-json\/wp\/v2\/pages"}],"about":[{"href":"http:\/\/autismancaar.ro\/respiro\/wp-json\/wp\/v2\/types\/page"}],"author":[{"embeddable":true,"href":"http:\/\/autismancaar.ro\/respiro\/wp-json\/wp\/v2\/users\/1"}],"replies":[{"embeddable":true,"href":"http:\/\/autismancaar.ro\/respiro\/wp-json\/wp\/v2\/comments?post=2"}],"version-history":[{"count":6,"href":"http:\/\/autismancaar.ro\/respiro\/wp-json\/wp\/v2\/pages\/2\/revisions"}],"predecessor-version":[{"id":100,"href":"http:\/\/autismancaar.ro\/respiro\/wp-json\/wp\/v2\/pages\/2\/revisions\/100"}],"wp:attachment":[{"href":"http:\/\/autismancaar.ro\/respiro\/wp-json\/wp\/v2\/media?parent=2"}],"curies":[{"name":"wp","href":"https:\/\/api.w.org\/{rel}","templated":true}]}}