{"id":64,"date":"2017-01-13T09:04:03","date_gmt":"2017-01-13T09:04:03","guid":{"rendered":"http:\/\/autismancaar.ro\/respiro\/?page_id=64"},"modified":"2017-01-13T09:04:03","modified_gmt":"2017-01-13T09:04:03","slug":"projekt-respiro","status":"publish","type":"page","link":"http:\/\/autismancaar.ro\/respiro\/projekt-respiro\/","title":{"rendered":"Projekt Respiro"},"content":{"rendered":"<p><strong><a href=\"http:\/\/autismancaar.ro\/respiro\/proiectul-respiro\/?lang=da\">Projekt Respiro<\/a><\/strong><\/p>\n<p>17 Januar 2015<\/p>\n<p>Ved\u00a0<strong>Projekt Respiro<\/strong>, ANCAAR foresl\u00e5 en multipurpose daginstitution. Centret tilbyder uddannelsesydelser, erhvervsm\u00e6ssige aktiviteter og r\u00e5d for b\u00f8rn og unge med ASF. Ogs\u00e5, centret tilbyder r\u00e5dgivning til voksne med autisme spektrum forstyrrelser og deres familier til at opretholde en h\u00f8j standard for drift i samfundet.<\/p>\n<p>Hovedform\u00e5let med dette projekt er at st\u00f8tte mennesker med ASF at forbedre kommunikationen med medlemmer af f\u00e6llesskabet, ophobning af s\u00e6rlige kvalifikationer til hverdagen, som forberedelse til et selvst\u00e6ndigt liv, at identificere talenter og medf\u00f8dte evner og l\u00e6re deres udnyttelse. Respiro giver mulighed for at f\u00e5 adgang til en videreg\u00e5ende uddannelse gennem innovativ p\u00e6dagogisk tilgang, bruge terapeutiske metoder, der er tilpasset den enkelte (Jeg er is\u00e6r, Denver, PRT, etc) og intensivt tr\u00e6nede specialister.<\/p>\n<p>Ved\u00a0<strong>Projekt Respiro<\/strong>, ANCAAR sikre fremtidige specialister, muligheden for at f\u00e5 adgang til intrernship og frivillige programmer som familiemedlemmer til personer med ASF, uddannelse specialister og studerende. Centret tilbyder uddannelse &#8220;in situ&#8221; eller personelor familier, der plejer de unge med ASF i dag. Ogs\u00e5, det giver r\u00e5dgivning fagfolk, som kommer i kontakt med mennesker med ASF (st\u00f8ttegruppe og individuel r\u00e5dgivning).<\/p>\n<p><strong>Projekt Respiro<\/strong>\u00a0rettet mod b\u00f8rn og unge med ASF til b\u00f8rn i alderen 3 og 25 \u00e5r og deres familier og uddannelse af unge mennesker med speciale i samspil med TSA. Projektet vil involvere modtagerne i processen b\u00e5de teoretisk baggrund samt en r\u00e6kke praktiske aktiviteter, beton, f\u00f8rer til ophobning af erfaring fra fagfolk og familier af personer med ASF, og at \u00f8ge omfanget af arbejdet faglig uddannelse og livsf\u00e6rdigheder til unge med ASF. Tilst\u00f8dende, p\u00e5r\u00f8rende vil nyde et stykke af fritid, Mens personen med autisme overv\u00e5ges og coachet i hans tilstand gavnlige aktiviteter.<\/p>\n<p><strong>Dette projekt er finansieret af<\/strong><strong>\u00a0<a href=\"http:\/\/www.veluxfoundations.dk\/\">Velux Fonde<\/a>.\u00a0<\/strong><strong>Mere om dette fundament, kan du bes\u00f8ge\u00a0<\/strong><strong><a href=\"http:\/\/autismancaar.ro\/respiro\/financier\/\">side dedikeret Funder<\/a>.<\/strong><\/p>\n<p>Workshops Program ANCAAR og programmer ergoterapeutiske har vist sig at have en gavnlig udvikling af autisme og hans familie livskvalitet. Ogs\u00e5, alle modtagere af disse programmer har gjort fremskridt p\u00e5 alle niveauer i udvikling og eksistentielle problemer blev l\u00f8st for dem.<\/p>\n<p>Mere, ved\u00a0<strong>Projekt Respiro<\/strong>\u00a0foresl\u00e5s og en gruppe af professionalisering af unge med ASF. Der er endnu ingen s\u00e5dant initiativ, autistisk i Rum\u00e6nien kan ikke deltage i nogen erhverv ( Der er i \u00f8jeblikket ingen s\u00e6rlige kurser for mennesker med autisme).<\/p>\n<p>Alle disse initiativer har \u00e9t m\u00e5l: oprettelsen af \u200b\u200ben uafh\u00e6ngig person med autisme, fra autonomi, til \u00f8konomisk uafh\u00e6ngighed.<\/p>\n<p>Projektet er det f\u00f8rste af sin art i Rum\u00e6nien og over erfaring og information til at akkumulere og formidle, er udformet som et pilotprojekt, der kunne gentages i fremtiden ved ANCAAR datterselskaber og andre ngo&#8217;er og andre institutioner, der er aktive i den sociale sektor, tilbyder kurser for kommende professionelle TSA eller frivillige involveret i denne sektor.<\/p>\n","protected":false},"excerpt":{"rendered":"<p>Projekt Respiro 17 Januar 2015 Ved\u00a0Projekt Respiro, ANCAAR foresl\u00e5 en multipurpose daginstitution. Centret tilbyder uddannelsesydelser, erhvervsm\u00e6ssige aktiviteter og r\u00e5d for b\u00f8rn og unge med ASF. Ogs\u00e5, centret tilbyder r\u00e5dgivning til voksne med autisme spektrum forstyrrelser og deres familier til at opretholde en h\u00f8j standard for drift i samfundet. Hovedform\u00e5let med dette projekt er at st\u00f8tte [&hellip;]<\/p>\n","protected":false},"author":1,"featured_media":0,"parent":0,"menu_order":0,"comment_status":"closed","ping_status":"closed","template":"","meta":{"footnotes":""},"class_list":["post-64","page","type-page","status-publish","hentry"],"_links":{"self":[{"href":"http:\/\/autismancaar.ro\/respiro\/wp-json\/wp\/v2\/pages\/64","targetHints":{"allow":["GET"]}}],"collection":[{"href":"http:\/\/autismancaar.ro\/respiro\/wp-json\/wp\/v2\/pages"}],"about":[{"href":"http:\/\/autismancaar.ro\/respiro\/wp-json\/wp\/v2\/types\/page"}],"author":[{"embeddable":true,"href":"http:\/\/autismancaar.ro\/respiro\/wp-json\/wp\/v2\/users\/1"}],"replies":[{"embeddable":true,"href":"http:\/\/autismancaar.ro\/respiro\/wp-json\/wp\/v2\/comments?post=64"}],"version-history":[{"count":1,"href":"http:\/\/autismancaar.ro\/respiro\/wp-json\/wp\/v2\/pages\/64\/revisions"}],"predecessor-version":[{"id":65,"href":"http:\/\/autismancaar.ro\/respiro\/wp-json\/wp\/v2\/pages\/64\/revisions\/65"}],"wp:attachment":[{"href":"http:\/\/autismancaar.ro\/respiro\/wp-json\/wp\/v2\/media?parent=64"}],"curies":[{"name":"wp","href":"https:\/\/api.w.org\/{rel}","templated":true}]}}