{"id":1115,"date":"2012-01-21T18:40:33","date_gmt":"2012-01-21T18:40:33","guid":{"rendered":"http:\/\/autismancaar.ro\/?page_id=1115"},"modified":"2021-03-16T12:57:03","modified_gmt":"2021-03-16T12:57:03","slug":"cursuri","status":"publish","type":"page","link":"http:\/\/autismancaar.ro\/ro\/noutati-2\/cursuri\/","title":{"rendered":"Cursuri"},"content":{"rendered":"<ul>\n<li><strong>Program de formare tip ini\u021biere &#8211; &nbsp;Lucr\u0103tor Social, cod COR :5139.2.2.<a href=\"http:\/\/autismancaar.ro\/ro\/noutati-2\/cursuri\/curs-de-calificare-lucrator-social\/\">Citeste programa<\/a>.<\/strong><\/li>\n<li><strong>Program de formare tip specializare &#8211; Consilier Voca<\/strong><strong>\u021bional, cod COR: 242315. <a href=\"http:\/\/autismancaar.ro\/ro\/noutati-2\/cursuri\/consilier-vocational\/\" target=\"_blank\" rel=\"noopener\">Citeste programa<\/a>.<\/strong><\/li>\n<li><strong>Program de formare tip ini\u021biere &#8211; Florar \u2013 Decorator, cod COR 611203.<a href=\"http:\/\/autismancaar.ro\/ro\/noutati-2\/cursuri\/florar-decorator\/\" target=\"_blank\" rel=\"noopener\"> Citeste programa<\/a><\/strong><\/li>\n<li><strong>Program de formare tip ini\u021biere &#8211; Lucr\u0103tor prin arte combinate, COR 532903. <a href=\"http:\/\/autismancaar.ro\/ro\/noutati-2\/cursuri\/lucrator-prin-arte-combinate\/\" target=\"_blank\" rel=\"noopener\">Citeste programa<\/a><\/strong><\/li>\n<li><strong>Training Formativ &#8222;Interven\u021bie \u00een Autism prin metoda <em>Eu sunt special&#8221;, &nbsp;<\/em><a href=\"http:\/\/autismancaar.ro\/ro\/noutati-2\/cursuri\/866-2\/\">Cite\u0219te programa<\/a><\/strong><\/li>\n<li><strong>Curs &#8222;Managementul situa\u021biilor de criz\u0103 \u00een autism&#8221;.&nbsp;<a href=\"http:\/\/autismancaar.ro\/ro\/noutati-2\/cursuri\/managementul-crizei-in-autism\/\">Cite\u0219te programa<\/a><\/strong><\/li>\n<li><strong>Program de specializare&nbsp;pentru ocupatia Pedagog de recuperare (autism), acreditat ANC, COD COR 235205<\/strong>&nbsp;<strong><a href=\"http:\/\/wp.me\/P7wONI-Bb\">Citeste programa<\/a><\/strong><\/li>\n<li><strong>Workshop &#8222;Autismul dincolo de copil\u0103rie&#8221;.&nbsp;<a href=\"http:\/\/autismancaar.ro\/ro\/noutati-2\/cursuri\/autismul-dincolo-de-copilarie\/\">Cite\u0219te programa<\/a><\/strong><\/li>\n<li><strong>Training Formativ &#8222;Interven\u021bie \u00een Autism prin Modelul Denver&#8221;.&nbsp;<a href=\"http:\/\/autismancaar.ro\/ro\/noutati-2\/cursuri\/trainingul-formativ-interventie-timpurie-in-autism-prin-modelul-denver\/\">Cite\u0219te programa<\/a><\/strong><\/li>\n<li><strong>Workshop &#8222;Ce mai face copilul t\u0103u, mami?&#8221;.&nbsp;<a href=\"http:\/\/autismancaar.ro\/ro\/noutati-2\/cursuri\/ce-mai-face-copilul-tau-mami\/\">Cite\u0219te programa<\/a><\/strong><\/li>\n<li><strong>Workshop &#8222;Cu u\u015fa \u00eenchis\u0103. Autism \u015fi sexualitate.&#8221;&nbsp;<a href=\"http:\/\/autismancaar.ro\/ro\/noutati-2\/cursuri\/cu-usa-inchisa-autism-si-sexualitate\/\">Cite\u0219te programa<\/a><\/strong><\/li>\n<li><strong>Workshop &#8222;Rutine. Benefice sau nu pentru persoana cu TSA?&#8221;.&nbsp;<a href=\"http:\/\/autismancaar.ro\/ro\/noutati-2\/cursuri\/rutine-benefice-sau-nu-pentru-persoana-cu-tsa\/\">Cite\u0219te programa<\/a><\/strong><\/li>\n<\/ul>\n","protected":false},"excerpt":{"rendered":"<p>Program de formare tip ini\u021biere &#8211; &nbsp;Lucr\u0103tor Social, cod COR :5139.2.2.Citeste programa. Program de formare tip specializare &#8211; Consilier Voca\u021bional, cod COR: 242315. Citeste programa. Program de formare tip ini\u021biere &#8211; Florar \u2013 Decorator, cod COR 611203. Citeste programa Program de formare tip ini\u021biere &#8211; Lucr\u0103tor prin arte combinate, COR 532903. Citeste programa Training Formativ [&hellip;]<\/p>\n","protected":false},"author":2,"featured_media":0,"parent":195,"menu_order":3,"comment_status":"open","ping_status":"closed","template":"","meta":{"ngg_post_thumbnail":0,"footnotes":""},"class_list":["post-1115","page","type-page","status-publish","hentry"],"_links":{"self":[{"href":"http:\/\/autismancaar.ro\/ro\/wp-json\/wp\/v2\/pages\/1115","targetHints":{"allow":["GET"]}}],"collection":[{"href":"http:\/\/autismancaar.ro\/ro\/wp-json\/wp\/v2\/pages"}],"about":[{"href":"http:\/\/autismancaar.ro\/ro\/wp-json\/wp\/v2\/types\/page"}],"author":[{"embeddable":true,"href":"http:\/\/autismancaar.ro\/ro\/wp-json\/wp\/v2\/users\/2"}],"replies":[{"embeddable":true,"href":"http:\/\/autismancaar.ro\/ro\/wp-json\/wp\/v2\/comments?post=1115"}],"version-history":[{"count":15,"href":"http:\/\/autismancaar.ro\/ro\/wp-json\/wp\/v2\/pages\/1115\/revisions"}],"predecessor-version":[{"id":3602,"href":"http:\/\/autismancaar.ro\/ro\/wp-json\/wp\/v2\/pages\/1115\/revisions\/3602"}],"up":[{"embeddable":true,"href":"http:\/\/autismancaar.ro\/ro\/wp-json\/wp\/v2\/pages\/195"}],"wp:attachment":[{"href":"http:\/\/autismancaar.ro\/ro\/wp-json\/wp\/v2\/media?parent=1115"}],"curies":[{"name":"wp","href":"https:\/\/api.w.org\/{rel}","templated":true}]}}