{"id":1133,"date":"2012-01-21T19:02:03","date_gmt":"2012-01-21T19:02:03","guid":{"rendered":"http:\/\/autismancaar.ro\/?page_id=1133"},"modified":"2019-11-11T13:19:33","modified_gmt":"2019-11-11T13:19:33","slug":"managementul-crizei-in-autism","status":"publish","type":"page","link":"http:\/\/autismancaar.ro\/ro\/noutati-2\/cursuri\/managementul-crizei-in-autism\/","title":{"rendered":"Managementul crizei \u00een autism"},"content":{"rendered":"<p>Cursul&nbsp;<strong>\u201cManagementul situa\u021biilor de criz\u0103 \u00een autism\u201d&nbsp;<\/strong>se adreseaz\u0103 speciali\u0219tilor care lucreaz\u0103 \u00een domeniul autismului, cadrelor didactice din \u0219colile speciale \u0219i din \u00eenv\u0103\u021b\u0103m\u00e2ntul de mas\u0103, apar\u021bin\u0103torilor.<\/p>\n<p>Cursul are \u00een vedere acumularea cuno\u0219tin\u021belor de baz\u0103 despre comportamentele \u00een autism care conduc la situa\u021bii de criz\u0103, gestionarea unei situa\u021bii de criz\u0103, stabilirea unui plan de interven\u021bie individualizat, aplicarea \u0219i&nbsp; monitorizarea acestuia.<\/p>\n<p>Cursul este structurat \u00een 12 de ore de teorie \u0219i practic\u0103, respectiv 3 module a c\u00e2te 4 ore de curs.<\/p>\n<p><strong><u>MODUL 1 (4 ore)<\/u><\/strong><strong>. Obiective:<\/strong><\/p>\n<p><strong>1.Definirea comportamentelor \u00een autism<\/strong><\/p>\n<ul>\n<li>Comportamente \u00een autism<\/li>\n<li>Tipuri de comportamente<\/li>\n<li>Comportamente diferite la persoane diferite<\/li>\n<\/ul>\n<ol start=\"2\">\n<li><strong> Definirea comportamentelor neadecvate<\/strong><\/li>\n<\/ol>\n<p><strong><u>MODUL 2 (4 ore)<\/u><\/strong><strong>. Obiective:<\/strong><\/p>\n<p><strong>Identificarea \u0219i eviden\u021bierea situa\u021biilor de criz\u0103<\/strong><\/p>\n<ul>\n<li>Criz\u0103: pentru cine?<\/li>\n<li>Efectele crizei asupra persoanei cu autism \u0219i a mediului<\/li>\n<li>Diferite perspective<\/li>\n<\/ul>\n<p><strong><u>MODUL 3 (4 ore)<\/u><\/strong><strong>. Obiective:<\/strong><\/p>\n<p><strong>Strategii \u0219i stabilirea pa\u0219ilor \u00een managementul situa\u021biilor de criz\u0103<\/strong><\/p>\n<ul>\n<li>Analiza comportamentelor<\/li>\n<li>Ipoteze de interven\u021bie<\/li>\n<li>Analiza modului de interven\u021bie<\/li>\n<li>Aplicarea interven\u021biei adecvate<\/li>\n<li>Monitorizarea interven\u021biei<\/li>\n<\/ul>\n<p><strong><u>Date organizatorice:<\/u><\/strong><\/p>\n<p>Durata workshopului: 3 module a c\u00e2te 4 ore.<\/p>\n<p><strong>Num\u0103rul maxim de participanti<\/strong>: grupa de 20 de persoane<\/p>\n<p><strong><em>Pre\u021bul cursului<\/em><\/strong>&nbsp;este 600 RON (200 RON\/modul), iar \u00eenscrierea se face \u00een baza complet\u0103rii formularului de mai jos \u0219i a achit\u0103rii taxei de curs \u00een contul ANCAAR: ANCAAR Cod fiscal 13342650, IBAN CONT LEI:RO16RNCB0072049714260001 BCR sucursala sector 1 Bucure\u0219ti.<\/p>\n<p><strong><u>Persoan\u0103 de contact<\/u><\/strong>:&nbsp; tel. 0726 207 808, sau prin email la office@autismancaar.ro<\/p>\n","protected":false},"excerpt":{"rendered":"<p>Cursul&nbsp;\u201cManagementul situa\u021biilor de criz\u0103 \u00een autism\u201d&nbsp;se adreseaz\u0103 speciali\u0219tilor care lucreaz\u0103 \u00een domeniul autismului, cadrelor didactice din \u0219colile speciale \u0219i din \u00eenv\u0103\u021b\u0103m\u00e2ntul de mas\u0103, apar\u021bin\u0103torilor. Cursul are \u00een vedere acumularea cuno\u0219tin\u021belor de baz\u0103 despre comportamentele \u00een autism care conduc la situa\u021bii de criz\u0103, gestionarea unei situa\u021bii de criz\u0103, stabilirea unui plan de interven\u021bie individualizat, aplicarea \u0219i&nbsp; [&hellip;]<\/p>\n","protected":false},"author":2,"featured_media":0,"parent":1115,"menu_order":0,"comment_status":"open","ping_status":"closed","template":"","meta":{"ngg_post_thumbnail":0,"footnotes":""},"class_list":["post-1133","page","type-page","status-publish","hentry"],"_links":{"self":[{"href":"http:\/\/autismancaar.ro\/ro\/wp-json\/wp\/v2\/pages\/1133","targetHints":{"allow":["GET"]}}],"collection":[{"href":"http:\/\/autismancaar.ro\/ro\/wp-json\/wp\/v2\/pages"}],"about":[{"href":"http:\/\/autismancaar.ro\/ro\/wp-json\/wp\/v2\/types\/page"}],"author":[{"embeddable":true,"href":"http:\/\/autismancaar.ro\/ro\/wp-json\/wp\/v2\/users\/2"}],"replies":[{"embeddable":true,"href":"http:\/\/autismancaar.ro\/ro\/wp-json\/wp\/v2\/comments?post=1133"}],"version-history":[{"count":2,"href":"http:\/\/autismancaar.ro\/ro\/wp-json\/wp\/v2\/pages\/1133\/revisions"}],"predecessor-version":[{"id":3555,"href":"http:\/\/autismancaar.ro\/ro\/wp-json\/wp\/v2\/pages\/1133\/revisions\/3555"}],"up":[{"embeddable":true,"href":"http:\/\/autismancaar.ro\/ro\/wp-json\/wp\/v2\/pages\/1115"}],"wp:attachment":[{"href":"http:\/\/autismancaar.ro\/ro\/wp-json\/wp\/v2\/media?parent=1133"}],"curies":[{"name":"wp","href":"https:\/\/api.w.org\/{rel}","templated":true}]}}