{"id":1183,"date":"2012-03-01T16:41:19","date_gmt":"2012-03-01T16:41:19","guid":{"rendered":"http:\/\/autismancaar.ro\/?page_id=1183"},"modified":"2014-11-03T15:41:51","modified_gmt":"2014-11-03T15:41:51","slug":"cercetare","status":"publish","type":"page","link":"http:\/\/autismancaar.ro\/ro\/noutati-2\/cercetare\/","title":{"rendered":"Cercetare"},"content":{"rendered":"<p>Cite\u0219te cele mai noi studii de cercetare \u00een domeniul autismului:<\/p>\n<ul>\n<li><strong>Conform ultimei statistici, 1 din 54 de b\u0103ie\u021bi este autist.<\/strong> (<a href=\"http:\/\/www.autismspeaks.org\/science\/science-news\/autism-prevalence-rises-1-88\">englez\u0103<\/a>)<\/li>\n<li><strong>Neuronii oglind\u0103 sunt disfunc\u021bionali la persoanele cu autism.<\/strong> (<a href=\"http:\/\/www.disabilityscoop.com\/2012\/03\/06\/study-explain-social-skills\/15113\/\">englez\u0103<\/a>)<\/li>\n<li><strong>Testarea RMN a lui Temple Grandin.<\/strong> (<a href=\"http:\/\/www.youtube.com\/watch?v=aT0zCzCp6yY\">englez\u0103<\/a>)<\/li>\n<li><strong>Disfuc\u021biile motorii sunt tr\u0103s\u0103tura principal\u0103 \u00een autism.<\/strong> (<a href=\"http:\/\/www.disabilityscoop.com\/2012\/02\/21\/motor-impairments-autism\/15022\/\">englez\u0103<\/a>)<\/li>\n<li><strong>Hipersensibilitatea la sunete. O explica\u021bie genetic\u0103.<\/strong> (<a href=\"http:\/\/www.autismspeaks.org\/science\/science-news\/autism-risk-gene-linked-sensory-overload\">englez\u0103<\/a>)<\/li>\n<li><strong>Poten\u021bialul ascuns al copiilor cu autism.<\/strong> (<a href=\"http:\/\/www.scientificamerican.com\/article.cfm?id=the-hidden-potential-of-autistic-kids\">englez\u0103<\/a>)<\/li>\n<li><strong>Studiu privind diagnosticarea precoce.<\/strong> (<a href=\"http:\/\/www.ucdmc.ucdavis.edu\/mindinstitute\/newsroom\/newsletter\/MIND_matters_winter_2009.pdf\">englez\u0103<\/a>)<\/li>\n<li><strong>Privirea bebelu\u0219ului poate indica autismul.<\/strong> (<a href=\"http:\/\/www.autismspeaks.org\/science\/science-news\/infant-brain-activity-flags-autism-risk\">englez\u0103<\/a>)<\/li>\n<li><strong>Defecte la ADN-ul copiilor cu autism.<\/strong> (e<a href=\"http:\/\/www.redorbit.com\/news\/health\/1958597\/cellular_energy_defects_discovered_in_autistic_children\/\">nglez\u0103<\/a>)<\/li>\n<li><strong>Terapia cu oxitocin\u0103 poate \u00eembun\u0103t\u0103\u021bi contactul social.<\/strong> (<a href=\"http:\/\/sante.lefigaro.fr\/actualite\/2010\/02\/16\/10051-molecule-pour-sortir-autistes-lisolement\">francez\u0103<\/a>)<\/li>\n<li><strong>Discreditarea cauzelor genetice \u00een autism.<\/strong> (<a href=\"http:\/\/www.descopera.ro\/dnews\/8557723-autismul-implica-mai-putina-genetica-decat-se-credea\">rom\u00e2n\u0103<\/a>) (<a href=\"http:\/\/www.npr.org\/2011\/07\/30\/138850892\/a-childs-autism-risk-might-not-depend-on-genes\">englez\u0103<\/a>)<\/li>\n<li><strong>Autismul este legat de num\u0103rul de neuroni.<\/strong> (<a href=\"..\/autismul-este-legat-de-numarul-de-neuroni\/\">rom\u00e2n\u0103<\/a>) (<a href=\"http:\/\/www.huffingtonpost.com\/2011\/11\/09\/autism-brain-cells_n_1084897.html\">englez\u0103<\/a>) (<a href=\"http:\/\/www.5min.com\/Video\/Study-Children-With-Autism-Have-More-Brain-Cells-517199100\">video<\/a>)<\/li>\n<li><strong>Un cercet\u0103tor rom\u00e2n din America vorbe\u0219te despre autism.<\/strong> (<a href=\"http:\/\/dilemaveche.ro\/sectiune\/societate\/articol\/niciodata-nu-am-stiut-mai-multe-creier-bolile-sale#\">rom\u00e2n\u0103<\/a>)<\/li>\n<\/ul>\n","protected":false},"excerpt":{"rendered":"<p>Cite\u0219te cele mai noi studii de cercetare \u00een domeniul autismului: Conform ultimei statistici, 1 din 54 de b\u0103ie\u021bi este autist. (englez\u0103) Neuronii oglind\u0103 sunt disfunc\u021bionali la persoanele cu autism. (englez\u0103) Testarea RMN a lui Temple Grandin. (englez\u0103) Disfuc\u021biile motorii sunt tr\u0103s\u0103tura principal\u0103 \u00een autism. (englez\u0103) Hipersensibilitatea la sunete. O explica\u021bie genetic\u0103. (englez\u0103) Poten\u021bialul ascuns al [&hellip;]<\/p>\n","protected":false},"author":2,"featured_media":0,"parent":195,"menu_order":2,"comment_status":"open","ping_status":"closed","template":"","meta":{"ngg_post_thumbnail":0,"footnotes":""},"class_list":["post-1183","page","type-page","status-publish","hentry"],"_links":{"self":[{"href":"http:\/\/autismancaar.ro\/ro\/wp-json\/wp\/v2\/pages\/1183","targetHints":{"allow":["GET"]}}],"collection":[{"href":"http:\/\/autismancaar.ro\/ro\/wp-json\/wp\/v2\/pages"}],"about":[{"href":"http:\/\/autismancaar.ro\/ro\/wp-json\/wp\/v2\/types\/page"}],"author":[{"embeddable":true,"href":"http:\/\/autismancaar.ro\/ro\/wp-json\/wp\/v2\/users\/2"}],"replies":[{"embeddable":true,"href":"http:\/\/autismancaar.ro\/ro\/wp-json\/wp\/v2\/comments?post=1183"}],"version-history":[{"count":1,"href":"http:\/\/autismancaar.ro\/ro\/wp-json\/wp\/v2\/pages\/1183\/revisions"}],"predecessor-version":[{"id":2054,"href":"http:\/\/autismancaar.ro\/ro\/wp-json\/wp\/v2\/pages\/1183\/revisions\/2054"}],"up":[{"embeddable":true,"href":"http:\/\/autismancaar.ro\/ro\/wp-json\/wp\/v2\/pages\/195"}],"wp:attachment":[{"href":"http:\/\/autismancaar.ro\/ro\/wp-json\/wp\/v2\/media?parent=1183"}],"curies":[{"name":"wp","href":"https:\/\/api.w.org\/{rel}","templated":true}]}}