{"id":1187,"date":"2012-03-01T16:43:35","date_gmt":"2012-03-01T16:43:35","guid":{"rendered":"http:\/\/autismancaar.ro\/?page_id=1187"},"modified":"2014-11-03T15:50:35","modified_gmt":"2014-11-03T15:50:35","slug":"povesti-de-succes","status":"publish","type":"page","link":"http:\/\/autismancaar.ro\/ro\/noutati-2\/povesti-de-succes\/","title":{"rendered":"Povesti de succes"},"content":{"rendered":"<p><strong>Francisco Violat<\/strong> este un spaniol \u00een v\u00e2rst\u0103 de 48 de ani, supradotat, astrofizian \u0219i astronom, diagnosticat cu sindrom Asperger. Cite\u0219te <a href=\"http:\/\/www.elperiodicoextremadura.com\/noticias\/caceres\/francisco-violat-ser-autista-a-los-48-anos_640916.html\">aici<\/a><\/p>\n<p><strong>Pipoye<\/strong> este un pictor digital din Maroc, diagnosticat cu autism. La v\u00e2rsta de 8 ani a primit un computer \u0219i a \u00eenceput s\u0103 \u00eenve\u021be arta picturilor digitale de unul singur. Citi\u021bi povestea lui <a href=\"http:\/\/lemondedepipoye.hautetfort.com\/\">aici<\/a>.<\/p>\n<p><strong>Victor<\/strong> este un adolescent de 16 ani din Rom\u00e2nia. C\u00e2nt\u0103 la pian cu un talent extraordinar, \u00een ciuda diagnosticului de autism care \u00eei afecteaz\u0103 ariile de dezvoltare. Ascult\u0103-l <a href=\"http:\/\/www.youtube.com\/watch?v=30JkPeVERZg\">aici<\/a>.<\/p>\n<p><strong>Scott James<\/strong>, b\u0103rbat diagnosticat cu sindrom Asperger, la emisiunea X Factor. Vezi <a href=\"http:\/\/www.godvine.com\/Man-With-Autism-Absolutely-Stuns-an-Entire-Crowd-881.html\">aici<\/a>.<\/p>\n<p><em>Dac\u0103 cunoa\u0219te\u021bi oameni cu autism cu talente extraordinare, spune\u021bi-ne despre ei! Scrie\u021bi-ne \u00a0\u0219i \u00een cel mai scurt timp posibil vom publica pove\u0219tile lor pe site<\/em><\/p>\n","protected":false},"excerpt":{"rendered":"<p>Francisco Violat este un spaniol \u00een v\u00e2rst\u0103 de 48 de ani, supradotat, astrofizian \u0219i astronom, diagnosticat cu sindrom Asperger. Cite\u0219te aici Pipoye este un pictor digital din Maroc, diagnosticat cu autism. La v\u00e2rsta de 8 ani a primit un computer \u0219i a \u00eenceput s\u0103 \u00eenve\u021be arta picturilor digitale de unul singur. Citi\u021bi povestea lui aici. [&hellip;]<\/p>\n","protected":false},"author":2,"featured_media":0,"parent":195,"menu_order":4,"comment_status":"open","ping_status":"closed","template":"","meta":{"ngg_post_thumbnail":0,"footnotes":""},"class_list":["post-1187","page","type-page","status-publish","hentry"],"_links":{"self":[{"href":"http:\/\/autismancaar.ro\/ro\/wp-json\/wp\/v2\/pages\/1187","targetHints":{"allow":["GET"]}}],"collection":[{"href":"http:\/\/autismancaar.ro\/ro\/wp-json\/wp\/v2\/pages"}],"about":[{"href":"http:\/\/autismancaar.ro\/ro\/wp-json\/wp\/v2\/types\/page"}],"author":[{"embeddable":true,"href":"http:\/\/autismancaar.ro\/ro\/wp-json\/wp\/v2\/users\/2"}],"replies":[{"embeddable":true,"href":"http:\/\/autismancaar.ro\/ro\/wp-json\/wp\/v2\/comments?post=1187"}],"version-history":[{"count":1,"href":"http:\/\/autismancaar.ro\/ro\/wp-json\/wp\/v2\/pages\/1187\/revisions"}],"predecessor-version":[{"id":2062,"href":"http:\/\/autismancaar.ro\/ro\/wp-json\/wp\/v2\/pages\/1187\/revisions\/2062"}],"up":[{"embeddable":true,"href":"http:\/\/autismancaar.ro\/ro\/wp-json\/wp\/v2\/pages\/195"}],"wp:attachment":[{"href":"http:\/\/autismancaar.ro\/ro\/wp-json\/wp\/v2\/media?parent=1187"}],"curies":[{"name":"wp","href":"https:\/\/api.w.org\/{rel}","templated":true}]}}