{"id":1233,"date":"2012-03-02T18:09:53","date_gmt":"2012-03-02T18:09:53","guid":{"rendered":"http:\/\/autismancaar.ro\/?page_id=1233"},"modified":"2014-11-03T16:21:41","modified_gmt":"2014-11-03T16:21:41","slug":"simpozion-traiesc-in-lumea-ta","status":"publish","type":"page","link":"http:\/\/autismancaar.ro\/ro\/campanie\/evenimentele-campaniei\/simpozion-traiesc-in-lumea-ta\/","title":{"rendered":"Simpozion Traiesc in lumea ta"},"content":{"rendered":"<p>ANCAAR \u00een parteneriat cu Facultatea de Sociologie-Psihologie a Universit\u0103\u021bii Spiru Haret au organizat Simpozionului &#8222;Tr\u0103iesc \u00een lumea ta&#8230;&#8221; cu ocazia Zilei Interna\u021bionale a Con\u0219tientiz\u0103rii Autismului din 2 aprilie 2012, la care au participat peste 120 de speciali\u0219ti, studen\u021bi, familii ale persoanelor cu TSA, pres\u0103 \u0219i public larg.<br \/>\n<strong>Comunicatul de pres\u0103 <a href=\"http:\/\/autismancaar.ro\/ro\/wp-content\/uploads\/2012\/03\/cp-simpozionn.pdf\">aici<\/a><\/strong><\/p>\n<p>Evenimentul a avut loc pe data de 5 aprilie 2012, \u00eentre orele 9-18, la sediul Facult\u0103\u021bii de Sociologie-Psihologie a Universit\u0103\u021bii Spiru Haret din Bucure\u0219ti, \u0219i a fost deschis de domnul decan prof.univ.dr Florin Tudose \u0219i prorector Laura Goran, reprezentan\u021bi al institu\u021biei partenere \u00een organizarea acestei manifest\u0103ri. Universitatea Spiru Haret, institu\u0163ie de \u00eenv\u0103\u0163\u0103m\u00e2nt superior \u015fi parte a sistemului na\u0163ional de \u00eenv\u0103\u0163\u0103m\u00e2nt, reprezint\u0103, de peste 20 de ani, un centru academic de formare \u015fi dezvoltare a speciali\u015ftilor \u00een diferite domenii. Misiunea Universit\u0103\u0163ii Spiru Haret este orientat\u0103 c\u0103tre valori, creativitate, competen\u0163e \u015fi abilit\u0103\u0163i de utilitate direct\u0103 \u00een profesie \u015fi societate. Ca parte a preocup\u0103rilor de cercetare \u015ftiin\u0163ific\u0103 de nivel european, Universitatea Spiru Haret colaboreaz\u0103 cu institu\u0163ii, comunit\u0103\u0163i locale \u015fi organiza\u0163ii profesionale, fiind anual gazda unor numeroase manifest\u0103ri \u015ftiin\u0163ifice de interes na\u0163ional \u015fi interna\u0163ional.\u00a0<a href=\"http:\/\/www.spiruharet.ro\/\">www.spiruharet.ro<\/a><\/p>\n<p>Evenimentul a continuat cu o prelegere tematic\u0103 despre Diagnosticarea Tulbur\u0103rilor din Spectrul Autismului sus\u021binut\u0103 de prof.dr.Iuliana Dobrescu. Medic primar de neuropsihiatrie pediatric\u0103 \u0219i \u0219eful Clinicii de psihiatrie a copilului \u015fi adolescentului de la Spitalul Clinic de Psihiatrie \u201cProf. Dr. Al. Obregia\u201d din Bucure\u015fti, Iuliana\u00a0 Dobrescu este \u0219i profesor universitar \u00een Catedra de psihiatrie \u015fi psihologie a copilului \u015fi adolescentului. Pre\u015fedinte al Asocia\u0163iei Rom\u00e2ne de Psihiatrie a Copilului \u015fi Adolescentului \u015fi Profesii Asociate, a coordonat Proiectului Ministerului S\u0103n\u0103t\u0103\u0163ii: Proiectul Na\u0163ional de S\u0103n\u0103tate Mintal\u0103 dezvoltarea serviciilor specializate \u00een tratamentul tulbur\u0103rii autiste \u015fi ADHD (activitatea nr 13 a ordinului 570\/116\/2007). <a href=\"http:\/\/www.youtube.com\/watch?v=J8RAmkVHIhc&amp;feature=youtu.be&amp;hd=1\">Ascult\u0103 prelegerea&#8230;<\/a><br \/>\nPrelegerea a fost urmat\u0103 de proiec\u021bia documentarului <strong>Omul din spatele autismului<\/strong> (ANCAAR, 2011) care sus\u021bine campania na\u021bional\u0103 a ANCAAR \u0219i prezint\u0103 situa\u021bia real\u0103 a c\u00e2torva adolescen\u021bi \u0219i adul\u021bi cu autism, cazuri tipice pentru categoriile care exist\u0103 in Rom\u00e2nia: este vorba despre persoane care au un parcurs educa\u021bional, care \u0219i-au dezvoltat abilit\u0103\u021bi \u0219i \u0219i-au cultivat talentele, dar care nu sunt integrate \u00een colectivit\u0103\u021bi specifice de munc\u0103, fiind marginalizate pe plan social. Prin povestea lui Drago\u0219, a lui \u0218tefan, a Cameliei, a lui C\u0103t\u0103lin \u0219i Silviu, a lui M\u0103d\u0103lin, Bogdan, Carmen, Mihai \u0219i a familiilor lor, ANCAAR dore\u0219te s\u0103 trag\u0103 un semnal de alarm\u0103: m\u0103sura \u00een care persoanele cu autism se pot integra pe pia\u021ba muncii nu depinde de inteligen\u0163a, aptitudinile sau posibilit\u0103\u0163ile lor de comunicare, ci de <em>toleran\u0163a <\/em>noastr\u0103. Accept\u0103 Omul din spatele Autismului! <a href=\"http:\/\/www.youtube.com\/watch?v=UQYz9a4wKpE\">Vezi documentarul Omul din spatele Autismului (trailer)<\/a><\/p>\n<p>Dup\u0103-amiaz\u0103 au avut loc dou\u0103 workshopuri (<em>Integrarea copilului cu autism \u00een \u00eenv\u0103\u021b\u0103m\u00e2ntul normal. C\u00e2nd, unde, cum?<\/em> &#8211; Daniela Martinescu, pre\u0219edinte AITA \u0219i <em>Profesionalizarea tinerilor \u0219i adul\u021bilor cu autism<\/em> &#8211; Georgeta Cri\u0219u, pre\u0219edinte ANCAAR).<br \/>\n<strong>Daniela Martinescu<\/strong> a vorbit despre integrarea copilului cu TSA \u00een gr\u0103dini\u021b\u0103, despre cuno\u0219tin\u021bele sale obligatorii \u00een momentul \u00eenscrierii \u0219i despre procesul de integrare, sus\u021binut de un <em>shadow<\/em> care-l ajut\u0103 s\u0103 fac\u0103 fa\u021b\u0103 cerin\u021belor educa\u021bionale. Daniela Martinescu este consultant \u00een Analiza aplicat\u0103 a comportamentului (programe de interven\u021bie terapeutic\u0103 pentru copii diagnostica\u021bi cu tulbur\u0103ri din spectrul autist, tulbur\u0103ri comportamentale, tulbur\u0103ri de dezvoltare), \u00een curs de\u00a0acreditare BCBA, \u0219i pre\u0219edinte al Asocia\u021biei pentru Interven\u021bie Terapeutic\u0103 \u00een Autism (AITA). Despre simpozionul <em>Tr\u0103iesc \u00een lumea ta<\/em>&#8230;, Daniela Martinescu declar\u0103: &#8222;Simpozionul de anul acesta a adus \u00een discu\u021bie problematica integr\u0103rii persoanelor cu autism \u00een societate: \u00een gr\u0103dini\u021be, \u00een \u0219coli, \u00een c\u00e2mpul muncii. Pentru c\u0103 aceste persoane au nevoie de suport pe toat\u0103 durata vie\u021bii lor, informarea \u0219i con\u0219tientizarea trebuie f\u0103cut\u0103 at\u00e2t \u00een comunitate \u0219i la nivelul factorilor de decizie, precum \u0219i intensiv \u00een r\u00e2ndul profesioni\u0219tilor. Interven\u021bia precoce este la fel de important\u0103 ca \u0219i suportul \u00een via\u021ba adult\u0103, at\u00e2t pentru persoana cu autism, c\u00e2t \u0219i pentru familia sa.&#8221; <a href=\"http:\/\/www.youtube.com\/watch?v=GOIxJdFKqQY\">Ascult\u0103 prezentarea&#8230;<\/a><\/p>\n<p><strong>Georgeta Cri\u0219u<\/strong> a adus \u00een discu\u021bie solu\u021biile viabile pentru adul\u021bii cu autism \u00een ceea ce prive\u0219te at\u00e2t profesionalizarea lor, c\u00e2t \u0219i valorificarea muncii acestora la nivel de economie social\u0103. Georgeta Cri\u0219u este consilier educa\u021bional \u0219i psihopedagog, av\u00e2nd o experien\u021b\u0103 \u00eendelungat\u0103 \u00een lucrul cu persoanele afectate de TSA. Ca mam\u0103 a unui copil cu autism, a f\u0103cut parte din primul grup de p\u0103rin\u021bi instruit s\u0103 lucreze cu proprii copii, \u00een anul 1984. \u00centre 2002-2004 a participat la organizarea \u0219i desf\u0103\u0219urarea activit\u0103\u021bii \u00een primul centru pentru copii cu autism din Bucure\u0219ti, al Funda\u021biei Copii \u00een Dificultate.\u00a0 \u00cen prezent activeaz\u0103 ca specialist \u00een cadrul ANCAAR, al c\u0103rei pre\u0219edinte este, \u015fi ofer\u0103 servicii tuturor categoriilor de beneficiari ai asocia\u0163iei.\u00a0 Despre simpozionul <em>Tr\u0103iesc \u00een lumea ta<\/em>&#8230;, Georgeta Cri\u0219u declar\u0103: &#8222;A fost un eveniment \u00eenc\u0103rcat de emo\u021bii\u00a0 prin subiectele abordate. Familiile persoanelor cu autism tr\u0103iesc adev\u0103rate drame. Dna prof. dr. Iuliana Dobrescu a ar\u0103tat celor prezen\u021bi c\u0103 diagnosticarea corect\u0103 \u0219i timpurie poate cre\u0219te\u00a0 speran\u021ba \u00a0acestor familii. Pe de alt\u0103 parte, documentarul prezentat a reflectat realitatea actual\u0103 \u00een ce prive\u0219te situa\u021bia tinerilor \u0219i a adul\u021bilor cu TSA. Concluzia este una singur\u0103: depinde de noi to\u021bi ca lucrurile s\u0103 se schimbe!&#8221;.<\/p>\n<p>Evenimentul face parte din <strong>Campania Na\u021bional\u0103 Omul din spatele autismului<\/strong> organizat\u0103 de ANCAAR, care are ca scop principal informarea opiniei publice cu privire la Tulbur\u0103rile din Spectrul Autist \u00een cazul adolescen\u0163ilor \u015fi adul\u0163ilor, dar \u015fi str\u00e2ngerea fondurilor necesare pentru construirea unei case familiale, o comunitate reziden\u0163ial\u0103 \u015fi de lucru dedicat\u0103 adolescen\u0163ilor \u015fi adul\u0163ilor cu autism.<\/p>\n<p>Simpozionul a fost creditat de Colegiul Psihologilor din Rom\u00e2nia cu 5 credite.<\/p>\n<p><strong>Partener media oficial al evenimentului: TVH2.0.<\/strong><\/p>\n","protected":false},"excerpt":{"rendered":"<p>ANCAAR \u00een parteneriat cu Facultatea de Sociologie-Psihologie a Universit\u0103\u021bii Spiru Haret au organizat Simpozionului &#8222;Tr\u0103iesc \u00een lumea ta&#8230;&#8221; cu ocazia Zilei Interna\u021bionale a Con\u0219tientiz\u0103rii Autismului din 2 aprilie 2012, la care au participat peste 120 de speciali\u0219ti, studen\u021bi, familii ale persoanelor cu TSA, pres\u0103 \u0219i public larg. Comunicatul de pres\u0103 aici Evenimentul a avut loc [&hellip;]<\/p>\n","protected":false},"author":2,"featured_media":0,"parent":440,"menu_order":1,"comment_status":"open","ping_status":"closed","template":"","meta":{"ngg_post_thumbnail":0,"footnotes":""},"class_list":["post-1233","page","type-page","status-publish","hentry"],"_links":{"self":[{"href":"http:\/\/autismancaar.ro\/ro\/wp-json\/wp\/v2\/pages\/1233","targetHints":{"allow":["GET"]}}],"collection":[{"href":"http:\/\/autismancaar.ro\/ro\/wp-json\/wp\/v2\/pages"}],"about":[{"href":"http:\/\/autismancaar.ro\/ro\/wp-json\/wp\/v2\/types\/page"}],"author":[{"embeddable":true,"href":"http:\/\/autismancaar.ro\/ro\/wp-json\/wp\/v2\/users\/2"}],"replies":[{"embeddable":true,"href":"http:\/\/autismancaar.ro\/ro\/wp-json\/wp\/v2\/comments?post=1233"}],"version-history":[{"count":4,"href":"http:\/\/autismancaar.ro\/ro\/wp-json\/wp\/v2\/pages\/1233\/revisions"}],"predecessor-version":[{"id":2078,"href":"http:\/\/autismancaar.ro\/ro\/wp-json\/wp\/v2\/pages\/1233\/revisions\/2078"}],"up":[{"embeddable":true,"href":"http:\/\/autismancaar.ro\/ro\/wp-json\/wp\/v2\/pages\/440"}],"wp:attachment":[{"href":"http:\/\/autismancaar.ro\/ro\/wp-json\/wp\/v2\/media?parent=1233"}],"curies":[{"name":"wp","href":"https:\/\/api.w.org\/{rel}","templated":true}]}}