{"id":1511,"date":"2013-04-09T15:18:49","date_gmt":"2013-04-09T15:18:49","guid":{"rendered":"http:\/\/autismancaar.ro\/?page_id=1511"},"modified":"2014-11-03T16:13:52","modified_gmt":"2014-11-03T16:13:52","slug":"conferinta-noutati-in-diversitatea-autismului","status":"publish","type":"page","link":"http:\/\/autismancaar.ro\/ro\/campanie\/evenimentele-campaniei\/conferinta-noutati-in-diversitatea-autismului\/","title":{"rendered":"Conferinta Noutati in diversitatea Autismului"},"content":{"rendered":"<p>Asocia\u021bia Na\u021bional\u0103 pentru Copii \u0219i Adul\u021bi cu Autism din Rom\u00e2nia \u2013 ANCAAR \u00een parteneriat cu Universitatea Spiru Haret, Funda\u021bia Rom\u00e2nia de m\u00e2ine au organizat \u00een Bucure\u0219ti \u00een 31 mai \u2013 1 iunie 2013 Conferin\u021ba na\u021bional\u0103 cu participare interna\u021bional\u0103 intitulat\u0103 <b><i>Nout\u0103\u021bi \u00een diversitatea Autismului<\/i>.<\/b><\/p>\n<p><b>Publicul \u021bint\u0103:<\/b> conferin\u021ba s-a adresat speciali\u0219tilor care lucreaz\u0103 \u00een domeniul autismului, cadrelor didactice, familiilor persoanelor cu autism \u0219i anturajul acestora, studen\u021bilor \u0219i altor categorii de persoane interesate de domeniul autismului.<\/p>\n<p><i>Manifestarea a fost creditata de Colegiul Psihologilor (5 credite).<\/i><\/p>\n<p><strong>Loca\u021bie:<\/strong> Facultatea de Sociologie-Psihologie a Universit\u0103\u021bii Spiru Haret, Bd. Basarabia 256, sector 3, Bucure\u0219ti.<\/p>\n<p><span style=\"background-color: #ccffff;\"><b>Programul<\/b> conferin\u021bei<\/span> a fost urm\u0103torul:<\/p>\n<p>&#8211;&#8211;&#8211;&#8211;&#8211;&#8211;&#8211;&#8211;&#8211;&#8211;&#8211;&#8211;&#8211;&#8211;&#8211;&#8211;&#8211;&#8211;&#8211;&#8211;&#8211;&#8211;&#8211;&#8211;<\/p>\n<p><b>VINERI, 31 mai 2013<\/b><\/p>\n<table border=\"0\" cellspacing=\"0\" cellpadding=\"0\">\n<tbody>\n<tr>\n<td valign=\"top\" width=\"130\">8,30 \u2013 9,30<\/td>\n<td valign=\"top\" width=\"486\">Primirea \u015fi \u00eenregistrarea participan\u0163ilor<\/td>\n<\/tr>\n<tr>\n<td valign=\"top\" width=\"130\">9,30 \u2013 10,00<\/td>\n<td valign=\"top\" width=\"486\">Deschiderea lucr\u0103rilor Conferin\u0163ei: Cuv\u00e2nt introductiv de conf. univ. dr. Laura Goran, prorector al Universit\u0103\u0163ii Spiru Haret<\/td>\n<\/tr>\n<tr>\n<td colspan=\"2\" valign=\"top\" width=\"616\"><b>Prelegeri \u00een plen<\/b><\/td>\n<\/tr>\n<tr>\n<td valign=\"top\" width=\"130\">10,00-10.45<\/td>\n<td valign=\"top\" width=\"486\">Wil Koning, Centrum Autisme, Olanda \u2013 <b><i>Diagnosticarea adul\u0163ilor cu autism la Centrum Autisme, Olanda \u2013 Metoda Eu sunt special<\/i><\/b><\/td>\n<\/tr>\n<tr>\n<td valign=\"top\" width=\"130\">10,45-12.15<\/td>\n<td valign=\"top\" width=\"486\">Prof.univ. dr. Iuliana Dobrescu \u2013 UMF Carol Davilla, \u015fef sec\u0163ie Neuropsihiatrie infantil\u0103, spitalul <i>Al.Obregia<\/i>, Bucure\u015fti \u2013 <b><i>Criteriile noi de diagnosticare a autismului din DSM V<\/i><\/b><\/td>\n<\/tr>\n<tr>\n<td valign=\"top\" width=\"130\">12.15-13.00<\/td>\n<td valign=\"top\" width=\"486\">Medic primar neuropsihiatrie infantil\u0103, dr.\u00een medicina Rodica Urziceanu, Spitalul <i>C. Gorgos<\/i>, Bucure\u015fti \u2013 <strong><i>Timpul pentru persoana cu autism<\/i><\/strong><\/td>\n<\/tr>\n<tr>\n<td valign=\"top\" width=\"130\">13.00-13.30<\/td>\n<td valign=\"top\" width=\"486\">Lansarea c\u0103r\u0163ii <b><i>Interven\u0163ia timpurie la copilul cu autism. Modelul Denver<\/i><\/b><i> <\/i>de Sally J Rogers et.co si Lansarea c\u0103r\u0163ii <strong><i>G\u00e2ndesc \u00een imagini: autismul <\/i><\/strong><strong><i>\u015f<\/i><\/strong><strong><i>i via<\/i><\/strong><strong><i>\u021b<\/i><\/strong><strong><i>a mea<\/i><\/strong>\u00a0\u00a0\u00a0 de dr. Temple Grandin. Informatii <a href=\"http:\/\/autismancaar.ro\/noutati-2\/carti\/\">aici <\/a><\/td>\n<\/tr>\n<tr>\n<td valign=\"top\" width=\"130\">13.30-14.30<\/td>\n<td valign=\"top\" width=\"486\">Pauz\u0103 de pr\u00e2nz<\/td>\n<\/tr>\n<tr>\n<td colspan=\"2\" valign=\"top\" width=\"616\"><b>Work-shop-uri<\/b><\/td>\n<\/tr>\n<tr>\n<td valign=\"top\" width=\"130\">14.30 \u2013 16.30<\/td>\n<td valign=\"top\" width=\"486\"><b><i>Tehnici inovative de interven\u0163ie logopedic\u0103<\/i><\/b> \u2013 Daniela Niculescu, Spitalul <i>C. Gorgos<\/i>, Bucure\u015fti<\/td>\n<\/tr>\n<tr>\n<td valign=\"top\" width=\"130\">16.30\u00a0 \u2013 18.30<\/td>\n<td valign=\"top\" width=\"486\"><b><i>Revizuirea Metodei Eu sunt special<\/i><\/b> &#8211;\u00a0 Wil Koning, Olanda<\/td>\n<\/tr>\n<\/tbody>\n<\/table>\n<p><b>S\u00c2MB\u0102T\u0102, 1 iunie 2013<\/b><\/p>\n<table border=\"0\" cellspacing=\"0\" cellpadding=\"0\">\n<tbody>\n<tr>\n<td colspan=\"2\" valign=\"top\" width=\"616\"><b>Prelegeri \u00een plen<\/b><\/td>\n<\/tr>\n<tr>\n<td valign=\"top\" width=\"140\">9,00-9.45<\/td>\n<td valign=\"top\" width=\"477\">Hetty Joustra, Centrum Autisme, Olanda \u2013 <b><i>Metoda Pivotal Response Treatment (PRT)<\/i><\/b><\/td>\n<\/tr>\n<tr>\n<td valign=\"top\" width=\"140\">9.45-10.45<\/td>\n<td valign=\"top\" width=\"477\">Prelegere Steven Richardson, BCBA (S.U.A.) \u2013 <b><i>Revizuirea analizei comportamentale aplicate (ABA)<\/i><\/b><\/td>\n<\/tr>\n<tr>\n<td valign=\"top\" width=\"140\">10.45-11.15<\/td>\n<td valign=\"top\" width=\"477\">Georgeta Cri\u015fu, pre\u015fedinte Ancaar \u2013 <b><i>Interven\u0163ia timpurie la copilul cu autism. Modelul Denver<\/i><\/b><\/td>\n<\/tr>\n<tr>\n<td valign=\"top\" width=\"140\">11.15 \u2013 11.45<\/td>\n<td valign=\"top\" width=\"477\">Psih. Ana Maria Popescu, Psih. Marius Ghinete \u2013 <b><i>Terapia TOMATIS<\/i><\/b><\/td>\n<\/tr>\n<tr>\n<td valign=\"top\" width=\"140\">11.45 \u2013 12.15<\/td>\n<td valign=\"top\" width=\"477\">Psih. Paul Moro\u015fanu \u2013 <em><b>Fereastra de aten\u0163ie \u2013 element cheie \u00een interven\u0163ia de recuperare a copilului cu autism<\/b><\/em><\/td>\n<\/tr>\n<tr>\n<td valign=\"top\" width=\"140\">12.15\u00a0 \u2013 12.45<\/td>\n<td valign=\"top\" width=\"477\">Psih. Lili Covaci, Pyramid Consultants \u2013 <em><b>Comunicarea alternativ\u0103 \u015fi augumentativ\u0103<\/b><\/em><\/td>\n<\/tr>\n<tr>\n<td valign=\"top\" width=\"140\">12.45-13.15<\/td>\n<td valign=\"top\" width=\"477\">Psih. Marius-Teodor Zamfir- <b><i>Autism \u015fi ADHD. De ce 80% b\u0103ie\u0163i \u015fi 20% fete?<\/i><\/b><\/td>\n<\/tr>\n<tr>\n<td valign=\"top\" width=\"140\">13.30-14.30<\/td>\n<td valign=\"top\" width=\"477\">Pauz\u0103 de pr\u00e2nz<\/td>\n<\/tr>\n<tr>\n<td colspan=\"2\" valign=\"top\" width=\"616\"><b>Work-shop-uri<\/b><\/td>\n<\/tr>\n<tr>\n<td valign=\"top\" width=\"140\">14.30 \u2013 16.30<\/td>\n<td valign=\"top\" width=\"477\">Hetty Joustra, Centrum Autisme, Olanda \u2013 <b><i>Metoda Pivotal Response Treatment (PRT)<\/i><\/b><\/td>\n<\/tr>\n<tr>\n<td valign=\"top\" width=\"140\">16.30\u00a0 \u2013 18.30<\/td>\n<td valign=\"top\" width=\"477\"><b><i>Noi abord\u0103ri ale<\/i><\/b><b> <i>comportamentelor problem\u0103 \u00een autism<\/i><\/b> \u2013 Luciana Haloiu Richardson<\/td>\n<\/tr>\n<\/tbody>\n<\/table>\n<p>&nbsp;<\/p>\n<p>&nbsp;<\/p>\n<p>&nbsp;<\/p>\n","protected":false},"excerpt":{"rendered":"<p>Asocia\u021bia Na\u021bional\u0103 pentru Copii \u0219i Adul\u021bi cu Autism din Rom\u00e2nia \u2013 ANCAAR \u00een parteneriat cu Universitatea Spiru Haret, Funda\u021bia Rom\u00e2nia de m\u00e2ine au organizat \u00een Bucure\u0219ti \u00een 31 mai \u2013 1 iunie 2013 Conferin\u021ba na\u021bional\u0103 cu participare interna\u021bional\u0103 intitulat\u0103 Nout\u0103\u021bi \u00een diversitatea Autismului. Publicul \u021bint\u0103: conferin\u021ba s-a adresat speciali\u0219tilor care lucreaz\u0103 \u00een domeniul autismului, cadrelor [&hellip;]<\/p>\n","protected":false},"author":2,"featured_media":0,"parent":440,"menu_order":1,"comment_status":"open","ping_status":"open","template":"","meta":{"ngg_post_thumbnail":0,"footnotes":""},"class_list":["post-1511","page","type-page","status-publish","hentry"],"_links":{"self":[{"href":"http:\/\/autismancaar.ro\/ro\/wp-json\/wp\/v2\/pages\/1511","targetHints":{"allow":["GET"]}}],"collection":[{"href":"http:\/\/autismancaar.ro\/ro\/wp-json\/wp\/v2\/pages"}],"about":[{"href":"http:\/\/autismancaar.ro\/ro\/wp-json\/wp\/v2\/types\/page"}],"author":[{"embeddable":true,"href":"http:\/\/autismancaar.ro\/ro\/wp-json\/wp\/v2\/users\/2"}],"replies":[{"embeddable":true,"href":"http:\/\/autismancaar.ro\/ro\/wp-json\/wp\/v2\/comments?post=1511"}],"version-history":[{"count":1,"href":"http:\/\/autismancaar.ro\/ro\/wp-json\/wp\/v2\/pages\/1511\/revisions"}],"predecessor-version":[{"id":2074,"href":"http:\/\/autismancaar.ro\/ro\/wp-json\/wp\/v2\/pages\/1511\/revisions\/2074"}],"up":[{"embeddable":true,"href":"http:\/\/autismancaar.ro\/ro\/wp-json\/wp\/v2\/pages\/440"}],"wp:attachment":[{"href":"http:\/\/autismancaar.ro\/ro\/wp-json\/wp\/v2\/media?parent=1511"}],"curies":[{"name":"wp","href":"https:\/\/api.w.org\/{rel}","templated":true}]}}