{"id":1517,"date":"2013-04-30T14:13:52","date_gmt":"2013-04-30T14:13:52","guid":{"rendered":"http:\/\/autismancaar.ro\/?page_id=1517"},"modified":"2017-01-25T08:46:53","modified_gmt":"2017-01-25T08:46:53","slug":"modelul-denver-de-interventie-timpurie","status":"publish","type":"page","link":"http:\/\/autismancaar.ro\/ro\/noutati-2\/carti\/modelul-denver-de-interventie-timpurie\/","title":{"rendered":"Modelul Denver de Interventie Timpurie"},"content":{"rendered":"<p><span style=\"font-size: medium;\"><b>Cartea <i>Interven\u021bia Timpurie la Copilul cu Autism. Modelul Denver <\/i>este o publica\u021bie Autism Speaks din 2012. Pentru prezenta traducere \u00een limba rom\u00e2n\u0103 drepturile apar\u021bin ANCAAR.<\/b><\/span><\/p>\n<p><span style=\"font-size: medium;\"><a href=\"http:\/\/autismancaar.ro\/ro\/wp-content\/uploads\/2013\/04\/coperta-1.jpg\"><img loading=\"lazy\" decoding=\"async\" class=\"alignright size-medium wp-image-1523\" src=\"http:\/\/autismancaar.ro\/ro\/wp-content\/uploads\/2013\/04\/coperta-1-239x300.jpg\" alt=\"coperta 1\" width=\"239\" height=\"300\" srcset=\"http:\/\/autismancaar.ro\/ro\/wp-content\/uploads\/2013\/04\/coperta-1-239x300.jpg 239w, http:\/\/autismancaar.ro\/ro\/wp-content\/uploads\/2013\/04\/coperta-1.jpg 520w\" sizes=\"auto, (max-width: 239px) 100vw, 239px\" \/><\/a><\/span><\/p>\n<p><span style=\"font-size: medium;\"><b>Prezentarea c\u0103r\u021bii<\/b><\/span><\/p>\n<p><span style=\"font-size: medium;\">Scopul acestei c\u0103r\u0163i este de a le oferi p\u0103rin\u0163ilor, rudelor, educatorilor \u0219i tuturor celor care fac parte din anturajul unui copil cu autism instrumentele \u015fi strategiile care s\u0103-l ajute s\u0103 p\u0103\u015feasc\u0103, pe c\u00e2t de cur\u00e2nd posibil, pe drumul dezvolt\u0103rii pozitive. Oric\u00e2t de dificil ar p\u0103rea \u00een prezent, sunt lucruri care se pot face imediat \u00een interven\u021bia terapeutic\u0103 \u015fi care, \u00een timp, vor schimba \u00een mod fundamental via\u0163a copilului cu autism. \u00cel putem \u00eenv\u0103\u0163a s\u0103 interac\u0163ioneze cu noi \u015fi cu cei din jur, s\u0103 comunice, s\u0103 se bucure de interac\u0163iunile sociale \u015fi s\u0103 se joace.<\/span><\/p>\n<p><span style=\"font-size: medium;\">Strategiile prezentate \u00een aceast\u0103 carte sunt concepute pentru a fi folosite \u00een timpul interac\u0163iunilor zilnice cu copilul \u2013 la joac\u0103, \u00een timp ce este schimbat \u0219i \u00eembracat, \u00een timp ce m\u0103n\u00e2nc\u0103, la plimbare, c\u00e2nd i se cite\u015fte sau chiar atunci c\u00e2nd ne ocup\u0103m de treburile casnice. Ele pot transforma experien\u0163ele de zi cu zi tr\u0103ite al\u0103turi de copilul cu autism \u00een oportunit\u0103\u0163i uria\u015fe de \u00eenv\u0103\u0163are.<\/span><\/p>\n<p><span style=\"font-size: medium;\">Dota\u021bi cu asemenea strategii, vom \u00eenv\u0103\u021ba copilul cu autism s\u0103 comunice \u015fi s\u0103 se joace. Ve\u021bi \u00eencepe s\u0103 observa\u021bi schimb\u0103ri la el\/ea pe zi de zi, s\u0103pt\u0103m\u00e2n\u0103 de s\u0103pt\u0103m\u00e2n\u0103. Atunci c\u00e2nd le ve\u021bi folosi, ve\u021bi vedea cu c\u00e2t\u0103 eficien\u0163\u0103 pute\u0163i ajuta copilul cu TSA \u015fi c\u00e2t de receptiv va fi acesta fa\u0163\u0103 de noile posibilit\u0103\u0163i de \u00eenv\u0103\u0163are. Sper\u0103m c\u0103 m\u0103car unele dintre sentimentele voastre de team\u0103 \u015fi frustrare vor fi \u00eenlocuite de speran\u0163\u0103, hot\u0103r\u00e2re \u015fi \u00eencredere.<\/span><\/p>\n<p><span style=\"font-size: medium;\">Cartea de fa\u0163\u0103 are la baz\u0103 activitatea ampl\u0103 a celor trei autoare cu Modelul Denver de Interven\u0163ie Timpurie, care \u00eei ajut\u0103 pe copii auti\u0219ti s\u0103 devin\u0103 activi, curio\u0219i \u015fi implica\u021bi cognitiv \u00een mediul \u00eenconjur\u0103tor. Strategiile propuse de autoare au la baz\u0103 studii \u015ftiin\u0163ifice formale, care dovedesc dezvoltarea accelerat\u0103 a copiilor atunci c\u00e2nd Modelul Denver de Interven\u0163ie Timpurie este aplicat consecvent.<\/span><\/p>\n<p><span style=\"font-size: medium;\"><b>Despre autoare<\/b><\/span><\/p>\n<p><span style=\"font-size: medium;\"><b>Dr. Sally J. Rogers <\/b>este profesoar la Institutul <i>Davis MINDS <\/i>al Universit\u0103\u0163ii din California, Statele Unite ale Americii. \u00cen domeniul autismului, Rogers este un cercet\u0103tor de referin\u0163\u0103, fiind recunoscut\u0103 pentru lucr\u0103rile despre interven\u0163ia timpurie la pre\u015fcolari, despre dificult\u0103\u0163ile de imita\u0163ie, despre consilierea familiilor implicate \u00een recuperarea propriilor copii. Cu dr. Geraldine Dawson \u015fi colaboratorii acesteia, dr. Rogers a elaborat <i>modelul Denver pentru interven\u0163ie timpurie<\/i>, care st\u0103 la baza acestei c\u0103r\u0163i.<\/span><\/p>\n<p><span style=\"font-size: medium;\"><b>Dr. Geraldine Dawson <\/b>este director al departamentului \u015ftiin\u0163ific de la <i>Autism Speaks <\/i>\u015fi profesoar la Universitatea Carolina de Nord din Chapel Hill, Statele Unite ale Americii. A fost director fondator al <i>Centrului pentru Autism <\/i>de la Universitatea Washington. Este un expert de talie interna\u0163ional\u0103 \u00een autism, a c\u0103rui munc\u0103 se centreaz\u0103 pe diagnosticarea \u015fi interven\u0163ia timpurie, pe imagistica cerebral\u0103 \u015fi pe studiile genetice. Dr. Dawson este implicat\u0103 \u00een consilierea familiilor cu copii cu autism.<\/span><\/p>\n<p><span style=\"font-size: medium;\"><b>Dr. Laurie A. Vismara <\/b>este cercet\u0103tor de la Institutul David MIND, al Universit\u0103\u0163ii din California, Statele Unite ale Americii, \u015fi analist comportamental acreditat. Interesele \u015ftiin\u0163ifice ale dr. Vismara includ descoperirea unor modalit\u0103\u0163i inovative de predare \u015fi de \u00eenv\u0103\u0163are \u00een cadrul interven\u0163iei timpurii realizate de p\u0103rin\u0163i \u015fi de profesioni\u015fti.<\/span><\/p>\n<p><span style=\"font-size: medium;\"><strong>Lansarea c\u0103r\u021bii <\/strong>a avut loc \u00een cadrul conferin\u021bei <em>Nout\u0103\u021bi \u00een diversitatea autismului <\/em>de la Bucure\u0219ti,&nbsp; pe 31 mai 2013. Detalii <a href=\"http:\/\/autismancaar.ro\/ro\/campanie\/evenimentele-campaniei\/conferinta-noutati-in-diversitatea-autismului\/\">aici<\/a>.<br \/>\n<\/span><\/p>\n<p><span style=\"font-size: medium;\"><em>Pre\u021bul c\u0103r\u021bii este de 85 de ron.<\/em> Formatul 234&#215;166 mm, 384 de pagini.<\/span><\/p>\n<p><span style=\"font-size: medium;\"><strong>COMAND\u0102:<\/strong> Cu ajutorul formularului de mai jos pute\u021bi <strong>comanda<\/strong> cartea, care v\u0103 va fi livrat\u0103 prin po\u0219t\u0103 \u00een sistem ramburs \u00een termen de 2-3 zile lucr\u0103toare. V\u0103 rug\u0103m s\u0103 specifica\u021bi clar adresa dvs. din buletin, Codul Numeric Personal \u0219i num\u0103rul de telefon pentru a facilita ridicarea coletului. Pentru Bucure\u0219ti, cartea este livrat\u0103 personal, la domiciliu.<\/span><\/p>\n<p><span style=\"font-size: medium;\">Contact: office@autismancaar.ro, tel. 0726 207 808.<\/span><\/p>\n<p>&nbsp;<\/p>\n<p>&nbsp;<\/p>\n<p>&nbsp;<\/p>\n<p><span style=\"font-size: medium;\"><b>&nbsp;<\/b><\/span><\/p>\n","protected":false},"excerpt":{"rendered":"<p>Cartea Interven\u021bia Timpurie la Copilul cu Autism. Modelul Denver este o publica\u021bie Autism Speaks din 2012. Pentru prezenta traducere \u00een limba rom\u00e2n\u0103 drepturile apar\u021bin ANCAAR. Prezentarea c\u0103r\u021bii Scopul acestei c\u0103r\u0163i este de a le oferi p\u0103rin\u0163ilor, rudelor, educatorilor \u0219i tuturor celor care fac parte din anturajul unui copil cu autism instrumentele \u015fi strategiile care s\u0103-l [&hellip;]<\/p>\n","protected":false},"author":2,"featured_media":0,"parent":1481,"menu_order":0,"comment_status":"open","ping_status":"open","template":"","meta":{"ngg_post_thumbnail":0,"footnotes":""},"class_list":["post-1517","page","type-page","status-publish","hentry"],"_links":{"self":[{"href":"http:\/\/autismancaar.ro\/ro\/wp-json\/wp\/v2\/pages\/1517","targetHints":{"allow":["GET"]}}],"collection":[{"href":"http:\/\/autismancaar.ro\/ro\/wp-json\/wp\/v2\/pages"}],"about":[{"href":"http:\/\/autismancaar.ro\/ro\/wp-json\/wp\/v2\/types\/page"}],"author":[{"embeddable":true,"href":"http:\/\/autismancaar.ro\/ro\/wp-json\/wp\/v2\/users\/2"}],"replies":[{"embeddable":true,"href":"http:\/\/autismancaar.ro\/ro\/wp-json\/wp\/v2\/comments?post=1517"}],"version-history":[{"count":2,"href":"http:\/\/autismancaar.ro\/ro\/wp-json\/wp\/v2\/pages\/1517\/revisions"}],"predecessor-version":[{"id":2534,"href":"http:\/\/autismancaar.ro\/ro\/wp-json\/wp\/v2\/pages\/1517\/revisions\/2534"}],"up":[{"embeddable":true,"href":"http:\/\/autismancaar.ro\/ro\/wp-json\/wp\/v2\/pages\/1481"}],"wp:attachment":[{"href":"http:\/\/autismancaar.ro\/ro\/wp-json\/wp\/v2\/media?parent=1517"}],"curies":[{"name":"wp","href":"https:\/\/api.w.org\/{rel}","templated":true}]}}