{"id":1553,"date":"2013-05-08T15:55:50","date_gmt":"2013-05-08T15:55:50","guid":{"rendered":"http:\/\/autismancaar.ro\/?page_id=1553"},"modified":"2014-11-03T15:37:30","modified_gmt":"2014-11-03T15:37:30","slug":"gandesc-in-imagini","status":"publish","type":"page","link":"http:\/\/autismancaar.ro\/ro\/noutati-2\/carti\/gandesc-in-imagini\/","title":{"rendered":"Gandesc in imagini: autismul si viata mea"},"content":{"rendered":"<p>Cartea <b><i>G\u00e2ndesc \u00een imagini: autismul \u0219i via\u021ba mea <\/i><\/b>este traducerea \u00een limba rom\u00e2n\u0103 a autobiografiei lui dr. Temple Grandin, <strong>Thinking in Pictures: And Other Reports from My Life with Autism<\/strong><b>.\u00a0<\/b><\/p>\n<p><span style=\"font-size: medium;\"><em>Copyright \u00a9 1995, 2006 by Temple Grandin.<\/em><\/span><br \/>\n<span style=\"font-size: medium;\"> <em>This translation is published by arrangement with the author.<\/em><\/span><br \/>\n<span style=\"font-size: medium;\"> <em>THINKING IN PICTURES is published in the U.S. by Vintage Books and in the<\/em><\/span><br \/>\n<span style=\"font-size: medium;\"> <em>U.K. by Bloomsbury.<\/em><\/span><\/p>\n<p><span style=\"font-size: medium;\"><em>Copyright \u00a9 Editura Punkt, 2013.<br \/>\n<\/em><\/span><\/p>\n<p><span style=\"font-size: medium;\">\u00a0<\/span><b>Prezentarea c\u0103r\u021bii<\/b><\/p>\n<p><span style=\"font-size: medium;\"><a href=\"http:\/\/autismancaar.ro\/ro\/wp-content\/uploads\/2013\/03\/Coperte-Gandesc-in-imagini-copy.jpg\"><img loading=\"lazy\" decoding=\"async\" class=\"alignright size-medium wp-image-1542\" src=\"http:\/\/autismancaar.ro\/ro\/wp-content\/uploads\/2013\/03\/Coperte-Gandesc-in-imagini-copy-208x300.jpg\" alt=\"Layout 1\" width=\"243\" height=\"370\" \/><\/a><\/span><\/p>\n<p><span style=\"font-size: medium;\">\u201e\u00cen aceast\u0103 carte, putem vedea \u015fi retr\u0103i copil\u0103ria\u00a0 lui Temple \u2013 senza\u0163iile, mirosurile \u015fi sunetele copl<\/span><span style=\"font-size: medium;\">e<\/span><span style=\"font-size: medium;\">\u015fit<\/span><span style=\"font-size: medium;\">oar<\/span><span style=\"font-size: medium;\">e<\/span><span style=\"font-size: medium;\">, ati<\/span><span style=\"font-size: medium;\">ngerile pe care nu le putea suporta; \u0163ipetele \u015fi leg\u0103natul ne\u00eencetat, \u00een timp ce era deconectat\u0103 de lumea din exteri<\/span><span style=\"font-size: medium;\">or<\/span><span style=\"font-size: medium;\">ul ei; sau despre cum, \u00eentr-un fel de acces de furie brusc\u0103, arunca totul \u00een jurul ei; sau despre cum (av\u00e2nd o concentra<\/span><span style=\"font-size: medium;\">re stranie \u015fi o \u00eenchidere complet\u0103 \u00een sine) \u00ee\u015fi fixa aten\u0163ia, cu orele, pe c\u00e2teva fire de nisip sau pe nervurile degetelor. Sim\u0163im haosul \u015fi teroarea acelei copil\u0103rii \u00eenfrico\u015f\u0103toare, \u00eentrev\u0103z\u00e2ndu-se posibilitatea ca Temple s\u0103 fie institu\u0163ionalizat\u0103, \u00eenchis\u0103 pentru toat\u0103 via\u0163a. Dob\u00e2ndim parc\u0103, odat\u0103 cu ea, \u015fi primele cuvinte, de ne\u00een\u0163eles \u2013 se formeaz\u0103 \u00een mintea noastr\u0103 ideea c\u0103 sensul limbii \u00eei poate oferi o miraculoas\u0103 putere de st\u0103p\u00e2nire \u00a0de sine, \u00eei poate facilita <\/span><span style=\"font-size: medium;\">primele contacte cu ceilal\u0163i \u015fi comunicarea liber\u0103 \u00een lume. Retr\u0103im zilele ei din timpul \u015fcolii \u2013 e\u015fecul total \u00een a-i \u00een\u0163elege pe ceilal\u0163i copii \u015fi de a fi \u00een\u0163eleas\u0103 de c\u0103tre ace\u015ftia; dorin\u0163a ei intens\u0103, dar \u00eenc\u0103rcat\u0103 de team\u0103, <\/span><span style=\"font-size: medium;\">de a fi \u00een contact cu al\u0163ii; bizarele ei vise \u2013 despre o ma\u015fin\u0103rie magic\u0103 care i-ar facilita un contact fizic, o \u201e\u00eembr\u0103\u0163i\u015fare\u201d dup\u0103 care r\u00e2vnea, dar asupra c\u0103reia s\u0103 de\u0163in\u0103 un control absolut; \u015fi \u00eent\u00e2lnirea cu acel profesor de fizic\u0103, remarcabil, care, trec\u00e2nd cu vederea bizareria \u015fi manifest\u0103rile patologice, a recunoscut poten\u0163ialul studentei sale ciudate \u015fi i-a direc\u0163ionat obsesiile c\u0103tre o carier\u0103 \u00een domeniul \u015ftiin\u0163elor.<\/span><\/p>\n<p><span style=\"font-size: medium;\">De asemenea, \u00eemp\u0103rt\u0103\u015fim, chiar dac\u0103 nu putem \u00een\u0163elege \u00een totalitate, pasiunea devoratoare \u015fi dedica\u0163ia ei pentru vite, care au determinat-o, treptat, s\u0103 devin\u0103 un expert, recunoscut la nivel mondial, \u00een psihologia \u015fi comportamentul lor, un inventator de aparate \u015fi instala\u0163ii necesare \u00een manevrarea animalelor \u015fi un pasionat avocat pentru tratamentele umane \u00een rela\u0163iile cu acestea (de altfel, titlul provizoriu dat acestei c\u0103r\u0163i a fost <i>A cow\u2019s eye view &#8211; <i>Privind prin ochiul unei vaci<\/i><\/i>). \u015ei mai realiz\u0103m ceva citind aceast\u0103 carte \u2013 poate lucrul cel mai de neimaginat dintre toate: Temple este complet uimit\u0103 de felul \u00een care g\u00e2ndesc oamenii normali \u015fi are o incapacitate de a descifra expresiile lor faciale \u015fi de a le ghici inten\u0163iile, \u00een plus fa\u0163\u0103 de determinarea sa de a-i studia, de a <i>ne<\/i> studia, pe <i>noi<\/i> \u015fi comportamentul <i>nostru<\/i> <i>extraterestru<\/i>, \u00een termeni \u015ftiin\u0163ifici \u015fi sistematici, ca \u015fi cum ar fi (\u00een cuvintele sale)\u00a0<em>un antropolog pe Marte<\/em>.\u201d(Oliver Sacks, <em>Prefa\u021b\u0103<\/em>)<\/span><\/p>\n<p><span style=\"font-size: medium;\"><b>\u00a0<\/b><\/span><b>Despre autoare<\/b><\/p>\n<p><span style=\"font-size: medium;\"><strong><a href=\"http:\/\/autismancaar.ro\/ro\/wp-content\/uploads\/2013\/05\/temple.jpg\"><img loading=\"lazy\" decoding=\"async\" class=\"alignleft size-medium wp-image-1572\" src=\"http:\/\/autismancaar.ro\/ro\/wp-content\/uploads\/2013\/05\/temple-296x300.jpg\" alt=\"temple\" width=\"163\" height=\"165\" srcset=\"http:\/\/autismancaar.ro\/ro\/wp-content\/uploads\/2013\/05\/temple-296x300.jpg 296w, http:\/\/autismancaar.ro\/ro\/wp-content\/uploads\/2013\/05\/temple-1011x1024.jpg 1011w, http:\/\/autismancaar.ro\/ro\/wp-content\/uploads\/2013\/05\/temple.jpg 1012w\" sizes=\"auto, (max-width: 163px) 100vw, 163px\" \/><\/a>Dr. Temple Grandin<\/strong> a fost diagnosticat\u0103 cu autism la v\u00e2rsta de 4 ani. Ea de\u0163ine ast\u0103zi titlul de doctor \u00een \u015ftiin\u0163e oferit de Universitatea din Illinois \u015fi a lucrat ca designer pentru o treime din utilajele din industria zootehnic\u0103 a Statelor Unite ale Americii, dar \u015fi din multe alte \u0163\u0103ri. \u00cen prezent, este profesor colaborator la Departamentul de Zoologie al Universit\u0103\u0163ii de Stat din Colorado \u015fi particip\u0103 frecvent ca lector \u00een cadrul conferin\u0163elor despre autism din toate zonele \u0163\u0103rii. Temple Grandin locuie\u015fte \u00een Fort Collins, Colorado, Statele Unite ale Americii.<\/span><\/p>\n<p><span style=\"font-size: medium;\"><strong>Lansarea c\u0103r\u021bii <\/strong>a avut loc \u00een cadrul conferin\u021bei <em>Nout\u0103\u021bi \u00een diversitatea autismului <\/em>de la Bucure\u0219ti,\u00a0 pe 31 mai 2013. Detalii <a href=\"http:\/\/autismancaar.ro\/campanie\/evenimentele-campaniei\/conferinta-noutati-in-diversitatea-autismului\/\">aici<\/a>.<\/span><\/p>\n<p><span style=\"font-size: medium;\"><em>Pre\u021bul c\u0103r\u021bii este de 50 de ron.<\/em> Formatul A5, 304 de pagini.<\/span><\/p>\n<p><span style=\"font-size: medium;\"><strong>COMAND\u0102:<\/strong> prin email la <span style=\"text-decoration: underline;\">raluca@rpg-publishing.com<\/span>. Cartea v\u0103 va fi livrat\u0103 prin po\u0219t\u0103 \u00een sistem ramburs \u00een termen de 2-3 zile lucr\u0103toare dup\u0103 31 mai 2013. V\u0103 rug\u0103m s\u0103 specifica\u021bi clar adresa dvs. din buletin, Codul Numeric Personal \u0219i num\u0103rul de telefon pentru a facilita ridicarea coletului. Pentru Bucure\u0219ti, cartea este livrat\u0103 personal, la domiciliu. Contact: Raluca Ciochin\u0103, tel. 0722 393 763.<\/span><\/p>\n<p><span style=\"font-size: medium;\">\u00cen <span style=\"color: #ff0000;\">Constan\u0163a<\/span>, cartea <em>G\u00e2ndesc \u00een imagini: autismul \u015fi via\u0163a mea<\/em> se poate achizi\u0163iona de la Libr\u0103ria <strong>Pr\u0103v\u0103lia cu C\u0103r\u0163i<\/strong>, Str. \u015etefan cel Mare nr. 31. Detalii pe: <a href=\"http:\/\/www.pravaliacucarti.ro\/\">http:\/\/www.pravaliacucarti.ro\/<\/a><\/span><\/p>\n<p>&nbsp;<\/p>\n<p>&nbsp;<\/p>\n<p>&nbsp;<\/p>\n<p>&nbsp;<\/p>\n","protected":false},"excerpt":{"rendered":"<p>Cartea G\u00e2ndesc \u00een imagini: autismul \u0219i via\u021ba mea este traducerea \u00een limba rom\u00e2n\u0103 a autobiografiei lui dr. Temple Grandin, Thinking in Pictures: And Other Reports from My Life with Autism.\u00a0 Copyright \u00a9 1995, 2006 by Temple Grandin. This translation is published by arrangement with the author. THINKING IN PICTURES is published in the U.S. by [&hellip;]<\/p>\n","protected":false},"author":2,"featured_media":0,"parent":1481,"menu_order":0,"comment_status":"open","ping_status":"open","template":"","meta":{"ngg_post_thumbnail":0,"footnotes":""},"class_list":["post-1553","page","type-page","status-publish","hentry"],"_links":{"self":[{"href":"http:\/\/autismancaar.ro\/ro\/wp-json\/wp\/v2\/pages\/1553","targetHints":{"allow":["GET"]}}],"collection":[{"href":"http:\/\/autismancaar.ro\/ro\/wp-json\/wp\/v2\/pages"}],"about":[{"href":"http:\/\/autismancaar.ro\/ro\/wp-json\/wp\/v2\/types\/page"}],"author":[{"embeddable":true,"href":"http:\/\/autismancaar.ro\/ro\/wp-json\/wp\/v2\/users\/2"}],"replies":[{"embeddable":true,"href":"http:\/\/autismancaar.ro\/ro\/wp-json\/wp\/v2\/comments?post=1553"}],"version-history":[{"count":1,"href":"http:\/\/autismancaar.ro\/ro\/wp-json\/wp\/v2\/pages\/1553\/revisions"}],"predecessor-version":[{"id":2049,"href":"http:\/\/autismancaar.ro\/ro\/wp-json\/wp\/v2\/pages\/1553\/revisions\/2049"}],"up":[{"embeddable":true,"href":"http:\/\/autismancaar.ro\/ro\/wp-json\/wp\/v2\/pages\/1481"}],"wp:attachment":[{"href":"http:\/\/autismancaar.ro\/ro\/wp-json\/wp\/v2\/media?parent=1553"}],"curies":[{"name":"wp","href":"https:\/\/api.w.org\/{rel}","templated":true}]}}