{"id":1685,"date":"2013-12-08T19:46:32","date_gmt":"2013-12-08T19:46:32","guid":{"rendered":"http:\/\/autismancaar.ro\/?page_id=1685"},"modified":"2016-09-02T07:35:06","modified_gmt":"2016-09-02T07:35:06","slug":"trainingul-formativ-interventie-timpurie-in-autism-prin-modelul-denver","status":"publish","type":"page","link":"http:\/\/autismancaar.ro\/ro\/noutati-2\/cursuri\/trainingul-formativ-interventie-timpurie-in-autism-prin-modelul-denver\/","title":{"rendered":"Trainingul formativ \u201cInterven\u0163ie timpurie \u00een autism prin modelul Denver\u201d"},"content":{"rendered":"<p><strong>Asocia\u0163ia Na\u0163ional\u0103 pentru Copii \u015fi Adul\u0163i cu Autism din Rom\u00e2nia<\/strong> organizeaz\u0103 trainigul cu tematica\u201d Interven\u0163ie timpurie \u00een autism prin modelul Denver\u201d.<\/p>\n<p>Pentru \u00eenscrieri, v\u0103 st\u0103m la dispozi\u0163ie la adresa de e-mail: <a href=\"mailto:office@autismancaar.ro\">office@autismancaar.ro<\/a> \u015fi la num\u0103rul de telefon: 0773 360 741.<\/p>\n<p><strong>Con\u0163inutul trainingului<\/strong><\/p>\n<ol>\n<li>Prezentarea metodei de interven\u0163ie \u00een cazul copiilor cu Tulbur\u0103ri din spectrul autismului<\/li>\n<li>Prezentarea strategiilor zilnice folosite pentru a ajuta copilul cu TSA s\u0103 rela\u0163ioneze,s\u0103 comunice,s\u0103 \u00eenve\u0163e.<\/li>\n<\/ol>\n<p><strong>Obiective<\/strong><br \/>\nLa finalul trainingului participan\u0163ii:<\/p>\n<ul>\n<li>au \u00een\u0163eles particularit\u0103\u0163ile metodei<em>Denver<\/em>;<\/li>\n<li>sunt capabili s\u0103 identifice \u015fi s\u0103 aplice abordarea corect\u0103 \u00een interac\u0163iunea cu copilul cu\u00a0\u00a0 TSA<\/li>\n<li>au dob\u00e2ndit cuno\u015ftin\u0163e privind aplicarea strategiilor zilnice ale metodei;<\/li>\n<li>\u015fi-au dezvoltat abilit\u0103\u0163ile de analiz\u0103 a unei situa\u0163ii de criz\u0103 pentru copilul cu autism \u015fi cunosc abordarea corect\u0103 conform\u0103 cu principiile metodei;<\/li>\n<li>\u015fi-au dezvoltat abilit\u0103\u0163ile de comunicare necesare \u00een interac\u0163iunea cu acest copil<\/li>\n<\/ul>\n<p><strong>Teme<\/strong><\/p>\n<ol>\n<li>Principiile modelului Denver pentru interven\u0163ia timpurie<\/li>\n<li>Criteriile de stabilire a unui program de interven\u0163ie<\/li>\n<li>Cum apreciem calitatea unui program de interven\u0163ie<\/li>\n<li>Cum po\u0163i avea grij\u0103 ca familia copilului cu autism s\u0103 fun\u0163ioneze firesc<\/li>\n<li>Tipuri de strategii specifice problemelor individuale ale copilului cu TSA<\/li>\n<li>Integrarea tuturor informa\u0163iilor<\/li>\n<\/ol>\n<p><strong>Date organizatorice<\/strong><\/p>\n<ul>\n<li>Durata workshopului: 6 ore, 2 zile consecutive<\/li>\n<li>de participanti: grupa de maxim 20 de persoane<\/li>\n<li>Certificat de participare<\/li>\n<li>Organizarea testului de absolvire<\/li>\n<li>Coffee- break<\/li>\n<\/ul>\n<p><strong><em>Prezen\u0163a la training<\/em><\/strong>\u00a0se face \u00een baza\u00a0\u00eenscrierii fiec\u0103rui solicitant prin scrisoare de inten\u0163ie unde se prezint\u0103 motiva\u0163ia particip\u0103rii. Fiecare participant va face dovada achit\u0103rii taxei de \u00eenscriere de 150 RON.<\/p>\n","protected":false},"excerpt":{"rendered":"<p>Asocia\u0163ia Na\u0163ional\u0103 pentru Copii \u015fi Adul\u0163i cu Autism din Rom\u00e2nia organizeaz\u0103 trainigul cu tematica\u201d Interven\u0163ie timpurie \u00een autism prin modelul Denver\u201d. Pentru \u00eenscrieri, v\u0103 st\u0103m la dispozi\u0163ie la adresa de e-mail: office@autismancaar.ro \u015fi la num\u0103rul de telefon: 0773 360 741. Con\u0163inutul trainingului Prezentarea metodei de interven\u0163ie \u00een cazul copiilor cu Tulbur\u0103ri din spectrul autismului Prezentarea [&hellip;]<\/p>\n","protected":false},"author":1,"featured_media":0,"parent":1115,"menu_order":0,"comment_status":"open","ping_status":"open","template":"","meta":{"ngg_post_thumbnail":0,"footnotes":""},"class_list":["post-1685","page","type-page","status-publish","hentry"],"_links":{"self":[{"href":"http:\/\/autismancaar.ro\/ro\/wp-json\/wp\/v2\/pages\/1685","targetHints":{"allow":["GET"]}}],"collection":[{"href":"http:\/\/autismancaar.ro\/ro\/wp-json\/wp\/v2\/pages"}],"about":[{"href":"http:\/\/autismancaar.ro\/ro\/wp-json\/wp\/v2\/types\/page"}],"author":[{"embeddable":true,"href":"http:\/\/autismancaar.ro\/ro\/wp-json\/wp\/v2\/users\/1"}],"replies":[{"embeddable":true,"href":"http:\/\/autismancaar.ro\/ro\/wp-json\/wp\/v2\/comments?post=1685"}],"version-history":[{"count":4,"href":"http:\/\/autismancaar.ro\/ro\/wp-json\/wp\/v2\/pages\/1685\/revisions"}],"predecessor-version":[{"id":2419,"href":"http:\/\/autismancaar.ro\/ro\/wp-json\/wp\/v2\/pages\/1685\/revisions\/2419"}],"up":[{"embeddable":true,"href":"http:\/\/autismancaar.ro\/ro\/wp-json\/wp\/v2\/pages\/1115"}],"wp:attachment":[{"href":"http:\/\/autismancaar.ro\/ro\/wp-json\/wp\/v2\/media?parent=1685"}],"curies":[{"name":"wp","href":"https:\/\/api.w.org\/{rel}","templated":true}]}}