{"id":1703,"date":"2014-01-15T13:43:39","date_gmt":"2014-01-15T13:43:39","guid":{"rendered":"http:\/\/autismancaar.ro\/?page_id=1703"},"modified":"2016-05-11T04:50:44","modified_gmt":"2016-05-11T04:50:44","slug":"revista-hazard-autism","status":"publish","type":"page","link":"http:\/\/autismancaar.ro\/ro\/noutati-2\/carti\/revista-hazard-autism\/","title":{"rendered":"Revista Hazard Autism"},"content":{"rendered":"<p>Hazard Autism este o revist\u0103 marca ANCAAR \u00een care o s\u0103 g\u0103si\u0163i articole pe diferite teme din domeniul autismului,m\u0103rturii ale p\u0103rin\u0163ilor \u015fi ale terapeu\u0163ilor dar \u015fi aspecte legate de activitatea ANCAAR \u015fi a filialelor.<\/p>\n<p>Pentru comenzi Bucure\u0219ti: office @autismancaar.ro, tel. 0726207808.<\/p>\n<table>\n<tbody>\n<tr>\n<td><a href=\"http:\/\/autismancaar.ro\/ro\/wp-content\/uploads\/2014\/01\/revista10-1.jpg\"><img loading=\"lazy\" decoding=\"async\" class=\"aligncenter size-medium wp-image-2380\" src=\"http:\/\/autismancaar.ro\/ro\/wp-content\/uploads\/2014\/01\/revista10-1-300x212.jpg\" alt=\"revista10-1\" width=\"300\" height=\"212\" srcset=\"http:\/\/autismancaar.ro\/ro\/wp-content\/uploads\/2014\/01\/revista10-1-300x212.jpg 300w, http:\/\/autismancaar.ro\/ro\/wp-content\/uploads\/2014\/01\/revista10-1.jpg 640w\" sizes=\"auto, (max-width: 300px) 100vw, 300px\" \/><\/a><\/td>\n<td><\/td>\n<td><\/td>\n<\/tr>\n<\/tbody>\n<\/table>\n","protected":false},"excerpt":{"rendered":"<p>Hazard Autism este o revist\u0103 marca ANCAAR \u00een care o s\u0103 g\u0103si\u0163i articole pe diferite teme din domeniul autismului,m\u0103rturii ale p\u0103rin\u0163ilor \u015fi ale terapeu\u0163ilor dar \u015fi aspecte legate de activitatea ANCAAR \u015fi a filialelor. Pentru comenzi Bucure\u0219ti: office @autismancaar.ro, tel. 0726207808.<\/p>\n","protected":false},"author":1,"featured_media":0,"parent":1481,"menu_order":0,"comment_status":"open","ping_status":"open","template":"","meta":{"ngg_post_thumbnail":0,"footnotes":""},"class_list":["post-1703","page","type-page","status-publish","hentry"],"_links":{"self":[{"href":"http:\/\/autismancaar.ro\/ro\/wp-json\/wp\/v2\/pages\/1703","targetHints":{"allow":["GET"]}}],"collection":[{"href":"http:\/\/autismancaar.ro\/ro\/wp-json\/wp\/v2\/pages"}],"about":[{"href":"http:\/\/autismancaar.ro\/ro\/wp-json\/wp\/v2\/types\/page"}],"author":[{"embeddable":true,"href":"http:\/\/autismancaar.ro\/ro\/wp-json\/wp\/v2\/users\/1"}],"replies":[{"embeddable":true,"href":"http:\/\/autismancaar.ro\/ro\/wp-json\/wp\/v2\/comments?post=1703"}],"version-history":[{"count":5,"href":"http:\/\/autismancaar.ro\/ro\/wp-json\/wp\/v2\/pages\/1703\/revisions"}],"predecessor-version":[{"id":2395,"href":"http:\/\/autismancaar.ro\/ro\/wp-json\/wp\/v2\/pages\/1703\/revisions\/2395"}],"up":[{"embeddable":true,"href":"http:\/\/autismancaar.ro\/ro\/wp-json\/wp\/v2\/pages\/1481"}],"wp:attachment":[{"href":"http:\/\/autismancaar.ro\/ro\/wp-json\/wp\/v2\/media?parent=1703"}],"curies":[{"name":"wp","href":"https:\/\/api.w.org\/{rel}","templated":true}]}}