{"id":1720,"date":"2014-01-15T14:23:00","date_gmt":"2014-01-15T14:23:00","guid":{"rendered":"http:\/\/autismancaar.ro\/?page_id=1720"},"modified":"2014-01-15T14:23:00","modified_gmt":"2014-01-15T14:23:00","slug":"activitatile-desfasurate-la-ancaar","status":"publish","type":"page","link":"http:\/\/autismancaar.ro\/ro\/misiunea-ancaar\/activitatile-desfasurate-la-ancaar\/","title":{"rendered":"Activitatile desfasurate  la ANCAAR"},"content":{"rendered":"<p><strong><i>Activit\u0103\u0163ile desf\u0103\u015furate de echipa ANCAAR vizeaz\u0103 toate categoriile de persoane din spectrul autismului (copii,adolescen\u0163i,tineri \u015fi adul\u0163i) si familiile acestora<\/i><\/strong><\/p>\n<ul>\n<li>evaluarea complex\u0103 a persoanei cu tulbur\u0103ri din spectrul autismului<\/li>\n<li>elaborarea \u0219i urm\u0103rirea planurilor de interven\u021bie personalizat\u0103<\/li>\n<li>supervizarea planurilor de interven\u0163ie personalizate \u00een Bucure\u015fti \u015fi \u00een \u0163ar\u0103<\/li>\n<li>terapie individual\u0103 \u0219i de grup<\/li>\n<li>terapia comunic\u0103rii \u015fi a limbajului<\/li>\n<li>terapie de integrare senzorial\u0103<\/li>\n<li>programe individualizate de kinetoterapie<\/li>\n<li>programe de dezvoltare a abilit\u0103\u0163ilor sociale de grup<\/li>\n<li>incluziune \u00een grupele de gr\u0103dini\u0163\u0103 \u015fi \u015fcoal\u0103<\/li>\n<li>excursii si activitati ludice cu scopul generalizarii itemilor invatati<\/li>\n<li>programe de respiro pentru \u00a0familiile persoanelor cu autism<\/li>\n<li>consiliere si interventii in situatii de criza<\/li>\n<li>tabere terapeutice (generalizarea programelor de autonomie, independent, adaptarea la locatii si situatii noi) \u00een toate sezoanele<\/li>\n<li>ateliere de vara (terapie ocupationala in mediu nerestrictiv)<\/li>\n<li>work-shop-uri de vara cu participarea persoanei cu autism impreuna cu familia<\/li>\n<li>consiliere de suport pentru familia persoanei cu autism la diagnosticare<\/li>\n<li>consilierea adultilor cu autism si a apartinatorilor acestora<\/li>\n<li>cursuri de formare \u00een metode specifice de interven\u021bie \u00een autism pentru specialist si pentru apartinatori<\/li>\n<li>prezent\u0103ri terapeutice \u015fi consiliere pentru comunitate<\/li>\n<li>grup de dezvoltare personal\u0103 \u00een psihoterapie<\/li>\n<li>activitati ludice alaturi de copii tipici<\/li>\n<\/ul>\n","protected":false},"excerpt":{"rendered":"<p>Activit\u0103\u0163ile desf\u0103\u015furate de echipa ANCAAR vizeaz\u0103 toate categoriile de persoane din spectrul autismului (copii,adolescen\u0163i,tineri \u015fi adul\u0163i) si familiile acestora evaluarea complex\u0103 a persoanei cu tulbur\u0103ri din spectrul autismului elaborarea \u0219i urm\u0103rirea planurilor de interven\u021bie personalizat\u0103 supervizarea planurilor de interven\u0163ie personalizate \u00een Bucure\u015fti \u015fi \u00een \u0163ar\u0103 terapie individual\u0103 \u0219i de grup terapia comunic\u0103rii \u015fi a limbajului [&hellip;]<\/p>\n","protected":false},"author":1,"featured_media":0,"parent":6,"menu_order":0,"comment_status":"open","ping_status":"open","template":"","meta":{"ngg_post_thumbnail":0,"footnotes":""},"class_list":["post-1720","page","type-page","status-publish","hentry"],"_links":{"self":[{"href":"http:\/\/autismancaar.ro\/ro\/wp-json\/wp\/v2\/pages\/1720","targetHints":{"allow":["GET"]}}],"collection":[{"href":"http:\/\/autismancaar.ro\/ro\/wp-json\/wp\/v2\/pages"}],"about":[{"href":"http:\/\/autismancaar.ro\/ro\/wp-json\/wp\/v2\/types\/page"}],"author":[{"embeddable":true,"href":"http:\/\/autismancaar.ro\/ro\/wp-json\/wp\/v2\/users\/1"}],"replies":[{"embeddable":true,"href":"http:\/\/autismancaar.ro\/ro\/wp-json\/wp\/v2\/comments?post=1720"}],"version-history":[{"count":0,"href":"http:\/\/autismancaar.ro\/ro\/wp-json\/wp\/v2\/pages\/1720\/revisions"}],"up":[{"embeddable":true,"href":"http:\/\/autismancaar.ro\/ro\/wp-json\/wp\/v2\/pages\/6"}],"wp:attachment":[{"href":"http:\/\/autismancaar.ro\/ro\/wp-json\/wp\/v2\/media?parent=1720"}],"curies":[{"name":"wp","href":"https:\/\/api.w.org\/{rel}","templated":true}]}}