{"id":1728,"date":"2014-01-22T18:12:33","date_gmt":"2014-01-22T18:12:33","guid":{"rendered":"http:\/\/autismancaar.ro\/?page_id=1728"},"modified":"2014-11-03T16:13:13","modified_gmt":"2014-11-03T16:13:13","slug":"conferinta-nationala-cu-participare-internationala-pe-drumul-cunoasterii-in-autism-3-4-aprilie-2014","status":"publish","type":"page","link":"http:\/\/autismancaar.ro\/ro\/campanie\/evenimentele-campaniei\/conferinta-nationala-cu-participare-internationala-pe-drumul-cunoasterii-in-autism-3-4-aprilie-2014\/","title":{"rendered":"Conferinta nationala cu participare internationala &#8222;PE DRUMUL CUNOASTERII IN AUTISM&#8221; 3 &#8211; 4 aprilie 2014"},"content":{"rendered":"<p><b>Asocia\u021bia Na\u021bional\u0103 pentru Copii \u0219i Adul\u021bi cu Autism din Rom\u00e2nia (ANCAAR)<\/b> \u0219i <b>Universitatea\u00a0 <i>Spiru Haret<\/i>, prin Facultatea de <i>Sociologie-Psihologie<\/i>, organizeaz\u0103<\/b><br \/>\n<b>Conferin\u021ba Na\u021bional\u0103 cu participare interna\u0163ional\u0103 \u201cPE DRUMUL CUNOA\u015eTERII \u00ceN AUTISM<\/b>\u201d, care se va desf\u0103\u0219ura \u00een perioada <b>3-4 aprilie 2014 \u00een Bucure\u0219ti<\/b>, la Universitatea <i>Spiru Haret<\/i>, Sala Studio, Str. Ion Ghica nr. 13, Bucure\u015fti.<\/p>\n<p>Evenimentul organizat de\u00a0 <b>Asocia\u021bia Na\u021bional\u0103 pentru Copii \u0219i Adul\u021bi cu Autism din Rom\u00e2nia<\/b> <b>\u015fi Universitatea <i>Spiru Haret<\/i> <\/b>marcheaz\u0103 \u015fi <b>Ziua Interna\u0163ional\u0103 de Con\u015ftientizare a Autismului<\/b>, s\u0103rbatorit\u0103 anual la nivel mondial pe data de<b> 2 aprilie<\/b>, \u00een vederea dinamiz\u0103rii eforturilor mondiale de promovare a unei mai bune \u00een\u0163elegeri a autismului \u015fi a cre\u015fterii nivelului de con\u0219tientizare \u00een r\u00e2ndul publicului larg privind nevoile speciale ale persoanelor cu autism \u0219i ale familiilor acestora.<\/p>\n<p><b>Conferin\u021ba Na\u021bional\u0103 cu participare interna\u0163ional\u0103 \u201cPe drumul cunoa\u015fterii \u00een autism<\/b>\u201deste conceput\u0103 sub forma unui eveniment special, ce urm\u0103re\u0219te s\u0103 marcheze \u00a0at\u00e2t colaborarea semnificativ\u0103 \u00eentre parteneri, c\u00e2t \u015fi aceea \u00eentre to\u0163i factorii implica\u0163i \u00een managementul autismului din Rom\u00e2nia.<\/p>\n<p>Scopul Conferin\u021bei este de a prezenta informa\u0163ii la zi cu privire la cauzele apari\u0163iei, evolu\u0163ia, terapiile, standardele de \u00eengrijire specifice persoanelor cu autism (copii,tineri \u015fi adul\u0163i), abordate holistic integrativ.<\/p>\n<p>Evenimentul va cuprinde <b>prezent\u0103ri \u00een plen<\/b> ale unor speciali\u015fti \u00een domeniul tulbur\u0103rilor din spectrul autismului (<b>Prof.univ.dr. Iuliana Dobrescu<\/b>, UMF Carol Davilla, \u015eef de sec\u0163ie Neuropsihiatrie infantil\u0103, Spitalul <i>Al. Obregia<\/i>, Bucure\u015fti; <b>dr. Florina Rad<\/b>, Spitalul <i>Al. Obregia<\/i>, Bucure\u015fti; <b>dr. Cristina Anghel <\/b>Spitalul <i>Al. Obregia<\/i>, Bucure\u015fti; <b>dr. Rodica Urziceanu<\/b>, Spitalul <i>C-tin Gorgos<\/i>,Bucure\u015fti; <b>dr. Vasilica Pl\u0103ia\u015fu<\/b>,Departamentul de Genetic\u0103 Clinic\u0103, IOMC Alfred Rusescu, <b>Psih. Paul Moro\u015fanu<\/b>; <b>psih. Radu Stoenescu<\/b>, Spitalul <i>C-tin Gorgos<\/i>, Bucure\u015fti; <b>lect.univ.dr. Simona Marica<\/b>, Facultatea de <i>Sociologie-Psihologie<\/i>, Universitatea <i>Spiru Haret<\/i>; <b>psihopedagog Georgeta Cri\u015fu<\/b>, ANCAAR; <b>Steven Richardson<\/b>, BCBA, U.S.A.), precum \u015fi <b>workshop-uri<\/b> pe problematici variate ale domeniului (<b>Hetty Joustra<\/b>, Centrum Autisme, Olanda; logoped <b>Daniela Niculescu<\/b>, Spitalul <i>C-tin Gorgos<\/i>, Bucure\u015fti; <b>asist.univ.drd. Loredana B\u0103nic\u0103<\/b>, Facultatea de <i>Sociologie-Psihologie<\/i>, Universitatea <i>Spiru Haret<\/i>).<\/p>\n<p>Vor fi\u00a0 prezentate urm\u0103toarele prelegeri:<\/p>\n<p><b>-&#8222;Comorbidit\u0103\u0163ile Tulbur\u0103rilor de spectru autist \u00een rela\u0163ie cu evolu\u0163ia \u015fi prognosticul<\/b>&#8222;. Autori: Iuliana Dobrescu, Ilinca Mih\u0103ilescu, Cristina Petrescu Ghenea. Vor fi abordate\u00a0 at\u00e2t comorbidit\u0103\u0163ile la v\u00e2rsta mic\u0103 \u015fi la adolescen\u0163\u0103 c\u00e2t \u015fi noua \u00eencadrare \u015fi criteriile DSM V.<\/p>\n<p><b>-&#8222;P\u0103rin\u0163ii copiilor cu Tulburare de spectru autist din perspectiva teoriei hipersistematiz\u0103rii&#8221;.<\/b> Florina Rad, Ilinca Mih\u0103ilescu, Georgiana Tocaci, Alexandra Buic\u0103, Iuliana Dobrescu<\/p>\n<p>Cristina Anghel va va trimite titlul<\/p>\n<p>&#8211;\u00a0\u00a0\u00a0\u00a0\u00a0\u00a0\u00a0\u00a0\u00a0 \u201e<b>Ar putea fi rezilient\u0103 persoana cu autism?\u201d<\/b> Rodica Urziceanu<\/p>\n<p>&#8211;\u00a0\u00a0\u00a0\u00a0\u00a0\u00a0\u00a0\u00a0\u00a0 <b>\u201cTulbur\u0103rile de spectru autist \u00een genetica clinic\u0103\u201d<\/b> Vasilica Pl\u0103ia\u015fu<\/p>\n<p>&#8211;\u00a0\u00a0\u00a0\u00a0\u00a0\u00a0\u00a0\u00a0\u00a0 <b>\u201cRecunoa\u015fterea emo\u0163iilor \u00een Tulburarea de spectru Autist<\/b>&#8221; Cristina Anghel<\/p>\n<p>Publicul \u0163int\u0103 al evenimentului este format din medici speciali\u015fti, medici de familie, psihologi, pedagogi, psihoterapeu\u0163i, asisten\u0163i social, familii ale persoanelor ce prezint\u0103 tulbur\u0103ri din spectrul autismului, deopotriv\u0103 studen\u0163i, masteranzi \u015fi persoane interesate de problematica abordat\u0103.<\/p>\n<p>Evenimentul va fi <b>creditat de Colegiul Psihologilor din Romania<\/b> (CPR).<\/p>\n<p>Creditele sunt dup\u0103 cum urmeaz\u0103:<\/p>\n<ul>\n<li>5 credite pentru prelegeri (nu se cumuleaz\u0103 cu celelalte)<\/li>\n<li>10 credite pentru participare cu lucrare<\/li>\n<li>10 credite pt fiecare work-shop (acestea se cumuleaz\u0103)<\/li>\n<li>12 credite pentru organizatori profesionali ( trainerii).<\/li>\n<\/ul>\n<p><b>Taxe de participare<\/b><\/p>\n<ul>\n<li>prelegeri: <b>25 lei<\/b><\/li>\n<li>4 workshop-uri \u00a0&#8211; <b>50 lei \/workshop<\/b><\/li>\n<li>2Workshop-uri <b>PRT- HETTY JOUSTRA<\/b> \u00a0&#8211; <b>100 lei\/workshop<\/b><\/li>\n<\/ul>\n<p>Workshop-urile sus\u0163inute de Hetty Joustra, psiholog la Centrum Autisme, Olanda propun participan\u0163ilor \u00een\u0163elegerea interven\u0163iei prin metoda PRT. Tehnicile de lucru prezentate au drept scop experimentarea unor secven\u0163e de lucru pentru stimularea interac\u0163iunii sociale \u015fi a comunic\u0103rii, cu accent pe exersarea tehnicilor motiva\u0163ionale\u00a0 importante.<\/p>\n<p>\u00censcrierile la workshop-uri se fac \u00een limita locurilor disponibile, maxim 25 de participan\u0163i\/workshop.<\/p>\n<p>&#8211; membrii ANCAAR \u015fi studen\u0163ii Universit\u0103\u0163ii <i>Spiru Haret<\/i> vor avea gratuitate .<\/p>\n<p>Contact: office@autismancaar.ro\u00a0<span style=\"line-height: 1.5em;\">\u00a0<\/span><\/p>\n<p><strong> <a href=\"http:\/\/autismancaar.ro\/comunicat-post-eveniment-conferinta-nationala-cu-participare-internationala-pe-drumul-cunoasterii-in-autism\/\"> Comunicat post eveniment Conferinta <\/a><\/strong><\/p>\n<p style=\"text-align: left;\" align=\"right\"><b>V\u0103 a\u015ftept\u0103m, <\/b><\/p>\n<p style=\"text-align: left;\" align=\"right\"><b>Organizatorii evenimentului:<\/b><\/p>\n<ul>\n<li><b>Prorector Universitatea <i>Spiru Haret<\/i>, conf.univ.dr. Laura Goran<\/b><\/li>\n<li><b>Decan, Facultatea de Sociologie-Psihologie, Conf.univ.dr. Beatrice Manu<\/b><\/li>\n<li><b>Pre\u015fedinte ANCAAR, Georgeta Cri\u015fu<\/b><\/li>\n<\/ul>\n","protected":false},"excerpt":{"rendered":"<p>Asocia\u021bia Na\u021bional\u0103 pentru Copii \u0219i Adul\u021bi cu Autism din Rom\u00e2nia (ANCAAR) \u0219i Universitatea\u00a0 Spiru Haret, prin Facultatea de Sociologie-Psihologie, organizeaz\u0103 Conferin\u021ba Na\u021bional\u0103 cu participare interna\u0163ional\u0103 \u201cPE DRUMUL CUNOA\u015eTERII \u00ceN AUTISM\u201d, care se va desf\u0103\u0219ura \u00een perioada 3-4 aprilie 2014 \u00een Bucure\u0219ti, la Universitatea Spiru Haret, Sala Studio, Str. Ion Ghica nr. 13, Bucure\u015fti. Evenimentul organizat [&hellip;]<\/p>\n","protected":false},"author":1,"featured_media":0,"parent":440,"menu_order":0,"comment_status":"open","ping_status":"open","template":"","meta":{"ngg_post_thumbnail":0,"footnotes":""},"class_list":["post-1728","page","type-page","status-publish","hentry"],"_links":{"self":[{"href":"http:\/\/autismancaar.ro\/ro\/wp-json\/wp\/v2\/pages\/1728","targetHints":{"allow":["GET"]}}],"collection":[{"href":"http:\/\/autismancaar.ro\/ro\/wp-json\/wp\/v2\/pages"}],"about":[{"href":"http:\/\/autismancaar.ro\/ro\/wp-json\/wp\/v2\/types\/page"}],"author":[{"embeddable":true,"href":"http:\/\/autismancaar.ro\/ro\/wp-json\/wp\/v2\/users\/1"}],"replies":[{"embeddable":true,"href":"http:\/\/autismancaar.ro\/ro\/wp-json\/wp\/v2\/comments?post=1728"}],"version-history":[{"count":4,"href":"http:\/\/autismancaar.ro\/ro\/wp-json\/wp\/v2\/pages\/1728\/revisions"}],"predecessor-version":[{"id":2073,"href":"http:\/\/autismancaar.ro\/ro\/wp-json\/wp\/v2\/pages\/1728\/revisions\/2073"}],"up":[{"embeddable":true,"href":"http:\/\/autismancaar.ro\/ro\/wp-json\/wp\/v2\/pages\/440"}],"wp:attachment":[{"href":"http:\/\/autismancaar.ro\/ro\/wp-json\/wp\/v2\/media?parent=1728"}],"curies":[{"name":"wp","href":"https:\/\/api.w.org\/{rel}","templated":true}]}}