{"id":2131,"date":"2014-12-15T07:04:11","date_gmt":"2014-12-15T07:04:11","guid":{"rendered":"http:\/\/autismancaar.ro\/ro\/?page_id=2131"},"modified":"2014-12-15T07:09:23","modified_gmt":"2014-12-15T07:09:23","slug":"exercitii-si-povesti-terapeutice-dezvoltare-personala","status":"publish","type":"page","link":"http:\/\/autismancaar.ro\/ro\/noutati-2\/carti\/exercitii-si-povesti-terapeutice-dezvoltare-personala\/","title":{"rendered":"Exercitii si povesti terapeutice. Dezvoltare personala"},"content":{"rendered":"<p><a href=\"http:\/\/autismancaar.ro\/ro\/wp-content\/uploads\/2013\/03\/exercitii-povesti.jpg\" target=\"_blank\"><img loading=\"lazy\" decoding=\"async\" class=\"alignleft wp-image-2128 size-medium\" src=\"http:\/\/autismancaar.ro\/ro\/wp-content\/uploads\/2013\/03\/exercitii-povesti-229x300.jpg\" alt=\"exercitii-povesti\" width=\"229\" height=\"300\" srcset=\"http:\/\/autismancaar.ro\/ro\/wp-content\/uploads\/2013\/03\/exercitii-povesti-229x300.jpg 229w, http:\/\/autismancaar.ro\/ro\/wp-content\/uploads\/2013\/03\/exercitii-povesti.jpg 412w\" sizes=\"auto, (max-width: 229px) 100vw, 229px\" \/><\/a>Cartea<strong> \u201eExerci\u0163ii \u015fi pove\u015fti terapeutice. Dezvoltare personal\u0103<\/strong>\u201d este o lucrare dedicat\u0103 tuturor educatorilor, formatorilor \u015fi p\u0103rin\u0163ilor care vizeaz\u0103 dezvoltarea socio-emo\u0163ional\u0103 a copiilor. Aplica\u0163iile pot fi folosite \u00een \u00eendrumarea at\u00e2t a copiilor neurotipici c\u00e2t \u015fi a indivizilor cu Tulbur\u0103ri din spectrul Autismului (copii, adolescen\u0163i, tineri).<\/p>\n<p>Aceste metode de stimulare a imagina\u0163iei, empatiei \u015fi a percep\u0163iilor emo\u0163iilor proprii \u015fi ale persoanelor din jur sunt \u00eentocmite de c\u0103tre autorii lucr\u0103rii \u00een urma experien\u0163ei acumulate \u00een\u00a0 timpul interven\u0163iilor terapeutice la persoanle cu TSA \u015fi alte tulbur\u0103ri de dezvoltare.<\/p>\n<p>Nivelul de dezvoltare socio-emo\u0163ional\u0103 este unul din criteriile care asigur\u0103 succesul unui\u00a0 individ \u00een societate. \u00centruc\u00e2t copilul modern caut\u0103 \u015fi se hr\u0103ne\u015fte cu stimulii oferi\u0163i de tehnologie,\u00a0 ajunge \u015fi la v\u00e2rste \u00eenaintate s\u0103 \u00eenregistreze un e\u015fec \u00een integrarea \u015fi rela\u0163ionarea corespunz\u0103toare cu grupurile sociale. \u201eExerci\u0163ii \u015fi pove\u015fti terapeutice. Dezvoltare personal\u0103\u201d vine s\u0103 pre\u00eent\u00e2mpine acest fenomen printr-o abordare facil\u0103.<\/p>\n<p><strong>Lansarea c\u0103r<\/strong><strong>\u021b<\/strong><strong>ii <\/strong>a avut loc \u00een\u00a0 cadrul unui eveniment organizat pe 14 decembrie 2014,la Liceul Bilingv Miguel de Cervantes<\/p>\n<p><em><strong>Pre<\/strong><\/em><em><strong>\u021b<\/strong><\/em><em><strong>ul c\u0103r<\/strong><\/em><em><strong>\u021b<\/strong><\/em><em><strong>ii este de 30 ron<\/strong><\/em><\/p>\n<p><strong>COMAND\u0102:<\/strong> Pute\u021bi <strong>comanda<\/strong> cartea, printr-o comand\u0103 f\u0103cut\u0103 la adresa de contact afi\u015fat\u0103 mai jos. Cartea \u00a0v\u0103 va fi livrat\u0103 prin po\u0219t\u0103 \u00een sistem ramburs \u00een termen de 2-3 zile lucr\u0103toare. V\u0103 rug\u0103m s\u0103 specifica\u021bi clar adresa dvs. din buletin, Codul Numeric Personal \u0219i num\u0103rul de telefon pentru a facilita ridicarea coletului. Pentru Bucure\u0219ti, cartea este livrat\u0103 personal.<\/p>\n<p>Contact: office@autismancaar.ro, tel. 0726 207 808.<\/p>\n","protected":false},"excerpt":{"rendered":"<p>Cartea \u201eExerci\u0163ii \u015fi pove\u015fti terapeutice. Dezvoltare personal\u0103\u201d este o lucrare dedicat\u0103 tuturor educatorilor, formatorilor \u015fi p\u0103rin\u0163ilor care vizeaz\u0103 dezvoltarea socio-emo\u0163ional\u0103 a copiilor. Aplica\u0163iile pot fi folosite \u00een \u00eendrumarea at\u00e2t a copiilor neurotipici c\u00e2t \u015fi a indivizilor cu Tulbur\u0103ri din spectrul Autismului (copii, adolescen\u0163i, tineri). Aceste metode de stimulare a imagina\u0163iei, empatiei \u015fi a percep\u0163iilor emo\u0163iilor [&hellip;]<\/p>\n","protected":false},"author":1,"featured_media":0,"parent":1481,"menu_order":0,"comment_status":"open","ping_status":"open","template":"","meta":{"ngg_post_thumbnail":0,"footnotes":""},"class_list":["post-2131","page","type-page","status-publish","hentry"],"_links":{"self":[{"href":"http:\/\/autismancaar.ro\/ro\/wp-json\/wp\/v2\/pages\/2131","targetHints":{"allow":["GET"]}}],"collection":[{"href":"http:\/\/autismancaar.ro\/ro\/wp-json\/wp\/v2\/pages"}],"about":[{"href":"http:\/\/autismancaar.ro\/ro\/wp-json\/wp\/v2\/types\/page"}],"author":[{"embeddable":true,"href":"http:\/\/autismancaar.ro\/ro\/wp-json\/wp\/v2\/users\/1"}],"replies":[{"embeddable":true,"href":"http:\/\/autismancaar.ro\/ro\/wp-json\/wp\/v2\/comments?post=2131"}],"version-history":[{"count":2,"href":"http:\/\/autismancaar.ro\/ro\/wp-json\/wp\/v2\/pages\/2131\/revisions"}],"predecessor-version":[{"id":2137,"href":"http:\/\/autismancaar.ro\/ro\/wp-json\/wp\/v2\/pages\/2131\/revisions\/2137"}],"up":[{"embeddable":true,"href":"http:\/\/autismancaar.ro\/ro\/wp-json\/wp\/v2\/pages\/1481"}],"wp:attachment":[{"href":"http:\/\/autismancaar.ro\/ro\/wp-json\/wp\/v2\/media?parent=2131"}],"curies":[{"name":"wp","href":"https:\/\/api.w.org\/{rel}","templated":true}]}}