{"id":2305,"date":"2015-09-01T13:40:05","date_gmt":"2015-09-01T13:40:05","guid":{"rendered":"http:\/\/autismancaar.ro\/ro\/?page_id=2305"},"modified":"2021-03-16T13:02:09","modified_gmt":"2021-03-16T13:02:09","slug":"program-de-formare-pedagog-de-recuperare-2","status":"publish","type":"page","link":"http:\/\/autismancaar.ro\/ro\/noutati-2\/cursuri\/program-de-formare-pedagog-de-recuperare-2\/","title":{"rendered":"Program de specializare Pedagog de Recuperare"},"content":{"rendered":"<h2><strong>&nbsp; &nbsp; &nbsp; &nbsp; &nbsp; &nbsp; &nbsp; &nbsp; &nbsp; Program de specializare Pedagog de Recuperare<\/strong><\/h2>\n<p><strong>Asocia\u021bia Na\u021bional\u0103 pentru Copii&nbsp;\u0219i Adul\u021bi cu Autism din Rom\u00e2nia (ANCAAR)<\/strong>&nbsp;a organizat \u00een perioada noiembrie 2012- august 2020, programul de specializare pentru \u201ePedagog de recuperare\u201d, cod COR 235 205, autorizat de Autoritatea Na\u0163ional\u0103 pentru Calific\u0103ri (ANC).<\/p>\n<p><strong>Cursul a fost unul interactiv, dinamic, cu practic\u0103 pe cazurile participan\u021bilor \u0219i cu interac\u021biune pe beneficiar la prima vedere.<\/strong><\/p>\n<p><strong>Tematica cursului<\/strong>&nbsp; 60 de ore, \u00eemp\u0103r\u021bite \u00een&nbsp; 20 de ore de teorie \u015fi 40 de practic\u0103, cu urm\u0103toarele module:<\/p>\n<ul>\n<li>Introducere \u00een Tulbur\u0103rile din Spectrul Autismului<\/li>\n<li>Diagnosticarea \u00een TSA<\/li>\n<li>Evaluarea beneficiarului cu TSA<\/li>\n<li>Stabilirea planului de interven\u021bie personalizat<\/li>\n<li>Managementul de caz<\/li>\n<li>Preterapia<\/li>\n<li>Teoria comportamental\u0103<\/li>\n<li>Managementul comportamentelor indezirabile<\/li>\n<li>Analiza comportamental\u0103 aplicat\u0103 (ABA)<\/li>\n<li>Comunicare alternativ\u0103. PECS<\/li>\n<li>Abordarea TEACCH<\/li>\n<li>Pedagogia Give me 5.<\/li>\n<li>Terapia prin joc<\/li>\n<li>Coaching planuri individualizate-studii de caz<\/li>\n<li>Interven\u0163ie logopedic\u0103<\/li>\n<li>Metoda Eu sunt special<\/li>\n<li>Modelul Denver<\/li>\n<li>Integrarea \u00een colectivitate<\/li>\n<li>Controlul manifest\u0103rilor sexuale ale persoanei cu TSA<\/li>\n<li>Terapia ocupa\u0163ional\u0103.<\/li>\n<\/ul>\n<p><strong>Cursul s-a adresat<\/strong>&nbsp;persoanelor cu studii medii (minim diplom\u0103 de bacalaureat) \u0219i studii universitare care lucreaz\u0103 sau doresc s\u0103 lucreze \u00een domeniul autismului, psihologilor afla\u021bi \u00een formare continu\u0103, logopezilor, asisten\u021bilor sociali, studen\u0163ilor, dar \u0219i familiilor persoanelor cu autism, profesorilor sau educatorilor care intr\u0103 \u00een contact cu persoane cu TSA.<\/p>\n<p><strong>Echipa de traineri a cuprins&nbsp;<\/strong>speciali\u0219ti din domeniu- psiholog, medic specialist, consilier educa\u021bional.<\/p>\n<p><strong>Cursul Pedagog de recuperare sus\u021binut de ANCAAR, r\u0103m\u00e2ne unul de referin\u021b\u0103 pe pia\u021ba form\u0103rilor \u00een autism prin tematic\u0103, desf\u0103\u0219urare \u0219i accesare a informa\u021biilor at\u00e2t de necesare \u00een cunoa\u0219terea autismului \u0219i a modului de abordare a individului din spectru. Este o superb\u0103 poveste de via\u021b\u0103 experimentat\u0103 prin prisma tuturor participan\u021bilor: cursan\u021bi, lectori, persoane cu TSA.&nbsp; <\/strong><\/p>\n<p>Mul\u021bumim tuturor participan\u021bilor la acest curs pe parcursul anilor care au trecut de la startul acestuia \u0219i p\u00e2n\u0103 \u00een prezent (noiembrie 2012- august 2020).&nbsp; A fost o provocare dar \u0219i o mare satisfac\u021bie profesional\u0103!&nbsp;&nbsp;&nbsp;&nbsp;&nbsp; &nbsp;<\/p>\n","protected":false},"excerpt":{"rendered":"<p>&nbsp; &nbsp; &nbsp; &nbsp; &nbsp; &nbsp; &nbsp; &nbsp; &nbsp; Program de specializare Pedagog de Recuperare Asocia\u021bia Na\u021bional\u0103 pentru Copii&nbsp;\u0219i Adul\u021bi cu Autism din Rom\u00e2nia (ANCAAR)&nbsp;a organizat \u00een perioada noiembrie 2012- august 2020, programul de specializare pentru \u201ePedagog de recuperare\u201d, cod COR 235 205, autorizat de Autoritatea Na\u0163ional\u0103 pentru Calific\u0103ri (ANC). Cursul a fost unul interactiv, [&hellip;]<\/p>\n","protected":false},"author":2,"featured_media":0,"parent":1115,"menu_order":0,"comment_status":"closed","ping_status":"closed","template":"","meta":{"ngg_post_thumbnail":0,"footnotes":""},"class_list":["post-2305","page","type-page","status-publish","hentry"],"_links":{"self":[{"href":"http:\/\/autismancaar.ro\/ro\/wp-json\/wp\/v2\/pages\/2305","targetHints":{"allow":["GET"]}}],"collection":[{"href":"http:\/\/autismancaar.ro\/ro\/wp-json\/wp\/v2\/pages"}],"about":[{"href":"http:\/\/autismancaar.ro\/ro\/wp-json\/wp\/v2\/types\/page"}],"author":[{"embeddable":true,"href":"http:\/\/autismancaar.ro\/ro\/wp-json\/wp\/v2\/users\/2"}],"replies":[{"embeddable":true,"href":"http:\/\/autismancaar.ro\/ro\/wp-json\/wp\/v2\/comments?post=2305"}],"version-history":[{"count":9,"href":"http:\/\/autismancaar.ro\/ro\/wp-json\/wp\/v2\/pages\/2305\/revisions"}],"predecessor-version":[{"id":3604,"href":"http:\/\/autismancaar.ro\/ro\/wp-json\/wp\/v2\/pages\/2305\/revisions\/3604"}],"up":[{"embeddable":true,"href":"http:\/\/autismancaar.ro\/ro\/wp-json\/wp\/v2\/pages\/1115"}],"wp:attachment":[{"href":"http:\/\/autismancaar.ro\/ro\/wp-json\/wp\/v2\/media?parent=2305"}],"curies":[{"name":"wp","href":"https:\/\/api.w.org\/{rel}","templated":true}]}}