{"id":2373,"date":"2016-05-10T09:59:53","date_gmt":"2016-05-10T09:59:53","guid":{"rendered":"http:\/\/autismancaar.ro\/ro\/?page_id=2373"},"modified":"2016-05-10T09:59:53","modified_gmt":"2016-05-10T09:59:53","slug":"autismul-in-ani-reflexii","status":"publish","type":"page","link":"http:\/\/autismancaar.ro\/ro\/noutati-2\/carti\/autismul-in-ani-reflexii\/","title":{"rendered":"Autismul in ani: Reflexii"},"content":{"rendered":"<p><a href=\"http:\/\/autismancaar.ro\/ro\/wp-content\/uploads\/2016\/05\/autismul-in-ani.jpg\"><img loading=\"lazy\" decoding=\"async\" class=\"alignleft size-medium wp-image-2374\" src=\"http:\/\/autismancaar.ro\/ro\/wp-content\/uploads\/2016\/05\/autismul-in-ani-300x231.jpg\" alt=\"autismul-in-ani\" width=\"300\" height=\"231\" srcset=\"http:\/\/autismancaar.ro\/ro\/wp-content\/uploads\/2016\/05\/autismul-in-ani-300x231.jpg 300w, http:\/\/autismancaar.ro\/ro\/wp-content\/uploads\/2016\/05\/autismul-in-ani.jpg 494w\" sizes=\"auto, (max-width: 300px) 100vw, 300px\" \/><\/a>\u201cAdun\u0103m \u00een aceast\u0103 carte articole scrise \u00een diferite momente, \u00een ani diferi\u0163i, care ne prezint\u0103 a\u015fa cum suntem, cu respect pentru rolul fiec\u0103ruia.<\/p>\n<p>Credem c\u0103 este un pas \u00een drumul pe care dorim s\u0103-l str\u0103batem \u00eempreun\u0103 cu \u00eencredere \u015fi apreciere reciproc\u0103, cu curaj \u00een a taxa fiec\u0103ruia posibilit\u0103\u0163i \u015fi limite.<\/p>\n<p>Nu ne ferim, ne descoperim. \u00cen scopul evolu\u021biei, iat\u0103 g\u00e2nduri, emo\u021bii \u0219i tr\u0103iri&#8230;\u201d<\/p>\n<p><strong>Georgeta Cri\u0219u \u0219i Andreea Ognean<\/strong>,<\/p>\n<p>Echipa ANCAAR<\/p>\n<p>Acesta lucrare este dedicat\u0103 persoanelor cu TSA \u0219i tuturor celor interesa\u021bi de domeniu; acelora c\u0103rora integrarea social\u0103 reprezint\u0103 un scop, o realitate.<\/p>\n<p><strong>PRE\u021a: 50 RON<\/strong><\/p>\n<p><strong>COMAND\u0102<\/strong>: Cartea poate fi trimis\u0103 prin po\u0219t\u0103\/curier rapid, cu plata la ridicarea coletului, \u00een urma solicit\u0103rii dvs trimis\u0103 pe adresa de e-mail: office@autismancaar.ro. V\u0103 rug\u0103m s\u0103 specifica\u021bi clar adresa dumneavoastr\u0103, CNP-ul \u0219i num\u0103rul de telefon pentru a facilita ridicarea coletului.<\/p>\n","protected":false},"excerpt":{"rendered":"<p>\u201cAdun\u0103m \u00een aceast\u0103 carte articole scrise \u00een diferite momente, \u00een ani diferi\u0163i, care ne prezint\u0103 a\u015fa cum suntem, cu respect pentru rolul fiec\u0103ruia. Credem c\u0103 este un pas \u00een drumul pe care dorim s\u0103-l str\u0103batem \u00eempreun\u0103 cu \u00eencredere \u015fi apreciere reciproc\u0103, cu curaj \u00een a taxa fiec\u0103ruia posibilit\u0103\u0163i \u015fi limite. Nu ne ferim, ne descoperim. [&hellip;]<\/p>\n","protected":false},"author":1,"featured_media":0,"parent":1481,"menu_order":0,"comment_status":"closed","ping_status":"closed","template":"","meta":{"ngg_post_thumbnail":0,"footnotes":""},"class_list":["post-2373","page","type-page","status-publish","hentry"],"_links":{"self":[{"href":"http:\/\/autismancaar.ro\/ro\/wp-json\/wp\/v2\/pages\/2373","targetHints":{"allow":["GET"]}}],"collection":[{"href":"http:\/\/autismancaar.ro\/ro\/wp-json\/wp\/v2\/pages"}],"about":[{"href":"http:\/\/autismancaar.ro\/ro\/wp-json\/wp\/v2\/types\/page"}],"author":[{"embeddable":true,"href":"http:\/\/autismancaar.ro\/ro\/wp-json\/wp\/v2\/users\/1"}],"replies":[{"embeddable":true,"href":"http:\/\/autismancaar.ro\/ro\/wp-json\/wp\/v2\/comments?post=2373"}],"version-history":[{"count":1,"href":"http:\/\/autismancaar.ro\/ro\/wp-json\/wp\/v2\/pages\/2373\/revisions"}],"predecessor-version":[{"id":2375,"href":"http:\/\/autismancaar.ro\/ro\/wp-json\/wp\/v2\/pages\/2373\/revisions\/2375"}],"up":[{"embeddable":true,"href":"http:\/\/autismancaar.ro\/ro\/wp-json\/wp\/v2\/pages\/1481"}],"wp:attachment":[{"href":"http:\/\/autismancaar.ro\/ro\/wp-json\/wp\/v2\/media?parent=2373"}],"curies":[{"name":"wp","href":"https:\/\/api.w.org\/{rel}","templated":true}]}}