{"id":2407,"date":"2016-09-02T07:24:14","date_gmt":"2016-09-02T07:24:14","guid":{"rendered":"http:\/\/autismancaar.ro\/ro\/?page_id=2407"},"modified":"2016-09-02T17:18:57","modified_gmt":"2016-09-02T17:18:57","slug":"autismul-dincolo-de-copilarie","status":"publish","type":"page","link":"http:\/\/autismancaar.ro\/ro\/noutati-2\/cursuri\/autismul-dincolo-de-copilarie\/","title":{"rendered":"Autismul dincolo de copil\u0103rie"},"content":{"rendered":"<h2><strong>\u00a0 \u00a0 \u00a0 \u00a0 \u00a0 \u00a0 \u00a0 \u00a0 \u00a0 \u00a0 \u00a0 \u00a0 \u00a0 \u00a0 \u00a0 \u00a0Autismul dincolo de copil\u0103rie<\/strong><\/h2>\n<p>Participarea la workshop ofer\u0103 r\u0103spunsuri la o serie de \u00eentreb\u0103ri:<\/p>\n<ul>\n<li>Ce cunoa\u0219tem despre adul\u021bii cu autism?<\/li>\n<li>Ce imagine au aceste persoane despre ele?<\/li>\n<li>Cum se desemneaz\u0103 ele?<\/li>\n<li>Cum se raporteaz\u0103 ele la persoanele din anturaj?<\/li>\n<li>Care sunt consecin\u021bele raport\u0103rii lor?<\/li>\n<li>Cum se raporteaz\u0103 anturajul la aceste persoane cu TSA?<\/li>\n<\/ul>\n<p>Workshop-ul se adreseaz\u0103 apar\u021bin\u0103torilor persoanelor cu autism, speciali\u0219tilor ce interac\u021bioneaz\u0103 cu persoane cu TSA, studen\u021bior \u0219i masteranzilor \u00een c\u0103utare de informa\u021bii precum \u0219i oric\u0103rei persoane ce-\u0219i propune s\u0103 interac\u021bioneze corespunz\u0103tor cu un t\u00e2n\u0103r sau adult cu TSA.<\/p>\n<p><strong>Taxa de participare<\/strong>\u00a0este 150 RON\/participant.<\/p>\n<p><strong>Pentru informa\u021bii <\/strong><strong>\u0219i \u00eenscrieri<\/strong>:<\/p>\n<p>ANCAAR: tel. 0773 360 741; 0773 360 744<\/p>\n<p>E- mail\u00a0<a href=\"mailto:office@autismancaar.ro\">office@autismancaar.ro<\/a><\/p>\n","protected":false},"excerpt":{"rendered":"<p>\u00a0 \u00a0 \u00a0 \u00a0 \u00a0 \u00a0 \u00a0 \u00a0 \u00a0 \u00a0 \u00a0 \u00a0 \u00a0 \u00a0 \u00a0 \u00a0Autismul dincolo de copil\u0103rie Participarea la workshop ofer\u0103 r\u0103spunsuri la o serie de \u00eentreb\u0103ri: Ce cunoa\u0219tem despre adul\u021bii cu autism? Ce imagine au aceste persoane despre ele? Cum se desemneaz\u0103 ele? Cum se raporteaz\u0103 ele la persoanele din anturaj? Care [&hellip;]<\/p>\n","protected":false},"author":2,"featured_media":0,"parent":1115,"menu_order":5,"comment_status":"closed","ping_status":"closed","template":"","meta":{"ngg_post_thumbnail":0,"footnotes":""},"class_list":["post-2407","page","type-page","status-publish","hentry"],"_links":{"self":[{"href":"http:\/\/autismancaar.ro\/ro\/wp-json\/wp\/v2\/pages\/2407","targetHints":{"allow":["GET"]}}],"collection":[{"href":"http:\/\/autismancaar.ro\/ro\/wp-json\/wp\/v2\/pages"}],"about":[{"href":"http:\/\/autismancaar.ro\/ro\/wp-json\/wp\/v2\/types\/page"}],"author":[{"embeddable":true,"href":"http:\/\/autismancaar.ro\/ro\/wp-json\/wp\/v2\/users\/2"}],"replies":[{"embeddable":true,"href":"http:\/\/autismancaar.ro\/ro\/wp-json\/wp\/v2\/comments?post=2407"}],"version-history":[{"count":5,"href":"http:\/\/autismancaar.ro\/ro\/wp-json\/wp\/v2\/pages\/2407\/revisions"}],"predecessor-version":[{"id":2422,"href":"http:\/\/autismancaar.ro\/ro\/wp-json\/wp\/v2\/pages\/2407\/revisions\/2422"}],"up":[{"embeddable":true,"href":"http:\/\/autismancaar.ro\/ro\/wp-json\/wp\/v2\/pages\/1115"}],"wp:attachment":[{"href":"http:\/\/autismancaar.ro\/ro\/wp-json\/wp\/v2\/media?parent=2407"}],"curies":[{"name":"wp","href":"https:\/\/api.w.org\/{rel}","templated":true}]}}