{"id":2412,"date":"2016-09-02T07:26:02","date_gmt":"2016-09-02T07:26:02","guid":{"rendered":"http:\/\/autismancaar.ro\/ro\/?page_id=2412"},"modified":"2016-09-02T15:43:43","modified_gmt":"2016-09-02T15:43:43","slug":"ce-mai-face-copilul-tau-mami","status":"publish","type":"page","link":"http:\/\/autismancaar.ro\/ro\/noutati-2\/cursuri\/ce-mai-face-copilul-tau-mami\/","title":{"rendered":"Ce mai face copilul t\u0103u, mami?"},"content":{"rendered":"<h2><strong>\u00a0 \u00a0 \u00a0 \u00a0 \u00a0 \u00a0 \u00a0 \u00a0 \u00a0 \u00a0 \u00a0 \u00a0 \u00a0 \u00a0 \u00a0Ce face copilul t\u0103u, mami?<\/strong><\/h2>\n<p><em>Modificarea percep\u0163iei \u015fi evitarea subiectivismului asigur\u0103 o abordare corect\u0103 asupra unei situa\u0163ii. Atunci c\u00e2nd situa\u0163ia este chiar copilul t\u0103u, persoana pe care \u00eel vei sprijini necondi\u0163ionat, \u00een fa\u0163a oricui \u015fi c\u00e2nd toat\u0103 lumea din jur tinde s\u0103 judece orice mic\u0103 gre\u015feal\u0103 a lui, alegi!<\/em><\/p>\n<p><strong><em>Alegi s\u0103 te min\u0163i sau s\u0103 te ascunzi\u2026<\/em><\/strong><em>Ce face copilul t\u0103u, mami?<\/em><\/p>\n<p>ANCAAR vine \u00een \u00eent\u00e2mpinarea membrilor familiei persoanei cu Tulbur\u0103ri din Spectrul Autismului cu un workshop ce \u00ee\u0219i propune s\u0103 ofere informa\u021bii \u0219i oportunit\u0103\u021bi de comunicare \u00eentr-un cadru cald, f\u0103r\u0103 prejudec\u0103\u021bi \u0219i etichete. Managementul comportamentelor persoanei cu TSA \u0219i metode experimentate de interven\u021bie vor fi abordate.<\/p>\n<p>Workshop-ul se adreseaz\u0103 \u00een special apar\u021bin\u0103torilor persoanelor cu autism \u0219i a speciali\u0219tilor ce interac\u021bioneaz\u0103 cu persoane cu TSA.<\/p>\n<p><strong>Taxa de participare<\/strong>\u00a0este 150 RON\/participant.<\/p>\n<p><strong>Pentru informa\u021bii <\/strong><strong>\u0219i \u00eenscrieri<\/strong>:<\/p>\n<p>ANCAAR: tel. 0773 360 741; 0773 360 744<\/p>\n<p>E- mail\u00a0<a href=\"mailto:office@autismancaar.ro\">office@autismancaar.ro<\/a><\/p>\n","protected":false},"excerpt":{"rendered":"<p>\u00a0 \u00a0 \u00a0 \u00a0 \u00a0 \u00a0 \u00a0 \u00a0 \u00a0 \u00a0 \u00a0 \u00a0 \u00a0 \u00a0 \u00a0Ce face copilul t\u0103u, mami? Modificarea percep\u0163iei \u015fi evitarea subiectivismului asigur\u0103 o abordare corect\u0103 asupra unei situa\u0163ii. Atunci c\u00e2nd situa\u0163ia este chiar copilul t\u0103u, persoana pe care \u00eel vei sprijini necondi\u0163ionat, \u00een fa\u0163a oricui \u015fi c\u00e2nd toat\u0103 lumea din jur tinde [&hellip;]<\/p>\n","protected":false},"author":2,"featured_media":0,"parent":1115,"menu_order":7,"comment_status":"closed","ping_status":"closed","template":"","meta":{"ngg_post_thumbnail":0,"footnotes":""},"class_list":["post-2412","page","type-page","status-publish","hentry"],"_links":{"self":[{"href":"http:\/\/autismancaar.ro\/ro\/wp-json\/wp\/v2\/pages\/2412","targetHints":{"allow":["GET"]}}],"collection":[{"href":"http:\/\/autismancaar.ro\/ro\/wp-json\/wp\/v2\/pages"}],"about":[{"href":"http:\/\/autismancaar.ro\/ro\/wp-json\/wp\/v2\/types\/page"}],"author":[{"embeddable":true,"href":"http:\/\/autismancaar.ro\/ro\/wp-json\/wp\/v2\/users\/2"}],"replies":[{"embeddable":true,"href":"http:\/\/autismancaar.ro\/ro\/wp-json\/wp\/v2\/comments?post=2412"}],"version-history":[{"count":3,"href":"http:\/\/autismancaar.ro\/ro\/wp-json\/wp\/v2\/pages\/2412\/revisions"}],"predecessor-version":[{"id":2425,"href":"http:\/\/autismancaar.ro\/ro\/wp-json\/wp\/v2\/pages\/2412\/revisions\/2425"}],"up":[{"embeddable":true,"href":"http:\/\/autismancaar.ro\/ro\/wp-json\/wp\/v2\/pages\/1115"}],"wp:attachment":[{"href":"http:\/\/autismancaar.ro\/ro\/wp-json\/wp\/v2\/media?parent=2412"}],"curies":[{"name":"wp","href":"https:\/\/api.w.org\/{rel}","templated":true}]}}