{"id":2415,"date":"2016-09-02T07:29:03","date_gmt":"2016-09-02T07:29:03","guid":{"rendered":"http:\/\/autismancaar.ro\/ro\/?page_id=2415"},"modified":"2016-09-02T15:47:34","modified_gmt":"2016-09-02T15:47:34","slug":"rutine-benefice-sau-nu-pentru-persoana-cu-tsa","status":"publish","type":"page","link":"http:\/\/autismancaar.ro\/ro\/noutati-2\/cursuri\/rutine-benefice-sau-nu-pentru-persoana-cu-tsa\/","title":{"rendered":"Rutine. Benefice sau nu pentru persoana cu TSA?"},"content":{"rendered":"<h2><strong>\u00a0 \u00a0 \u00a0 \u00a0 \u00a0 \u00a0 \u00a0 \u00a0 \u00a0 \u00a0 \u00a0 \u00a0 \u00a0 \u00a0 \u00a0 \u00a0 Rutine. Benefice sau nu \u00een TSA?<\/strong><\/h2>\n<p>Participarea la workshop ofer\u0103 r\u0103spunsuri la o serie de dileme frecvent \u00eent\u00e2lnite \u00een gestionarea persoanei cu autism:<\/p>\n<ul>\n<li>Ce sunt rutinele?<\/li>\n<li>De ce sunt importante aceste rutine?<\/li>\n<li>Importan\u021ba programelor bazate pe rutine \u00een interven\u021bia \u00een TSA<\/li>\n<li>Ce se \u00eent\u00e2mpl\u0103 c\u00e2nd spargem rutina?<\/li>\n<li>Cum perturb\u0103 comportamentul persoanei cu TSA spargerea rutinei?<\/li>\n<li>Cum fac fa\u021b\u0103 neprev\u0103zutului cauzat de spargerea rutinelor?<\/li>\n<\/ul>\n<p>Workshop-ul se adreseaz\u0103 apar\u021bin\u0103torilor persoanelor cu autism, speciali\u0219tilor din domeniu, studen\u021bilor \u0219i masteranzilor \u00een c\u0103utare de informa\u021bii \u0219i nu \u00een ultimul r\u00e2nd oric\u0103rei persoane ce dore\u0219te s\u0103 afle mai multe despre persoanele cu Tulbur\u0103ri din Spectrul Autismului.<\/p>\n<p>&nbsp;<\/p>\n<p><strong>Taxa de participare<\/strong>\u00a0este 150 RON\/participant.<\/p>\n<p><strong>Pentru informa\u021bii <\/strong><strong>\u0219i \u00eenscrieri<\/strong>:<\/p>\n<p>ANCAAR: tel. 0773 360 741; 0773 360 744<\/p>\n<p>E- mail\u00a0<a href=\"mailto:office@autismancaar.ro\">office@autismancaar.ro<\/a><\/p>\n","protected":false},"excerpt":{"rendered":"<p>\u00a0 \u00a0 \u00a0 \u00a0 \u00a0 \u00a0 \u00a0 \u00a0 \u00a0 \u00a0 \u00a0 \u00a0 \u00a0 \u00a0 \u00a0 \u00a0 Rutine. Benefice sau nu \u00een TSA? Participarea la workshop ofer\u0103 r\u0103spunsuri la o serie de dileme frecvent \u00eent\u00e2lnite \u00een gestionarea persoanei cu autism: Ce sunt rutinele? De ce sunt importante aceste rutine? Importan\u021ba programelor bazate pe rutine \u00een interven\u021bia [&hellip;]<\/p>\n","protected":false},"author":2,"featured_media":0,"parent":1115,"menu_order":8,"comment_status":"closed","ping_status":"closed","template":"","meta":{"ngg_post_thumbnail":0,"footnotes":""},"class_list":["post-2415","page","type-page","status-publish","hentry"],"_links":{"self":[{"href":"http:\/\/autismancaar.ro\/ro\/wp-json\/wp\/v2\/pages\/2415","targetHints":{"allow":["GET"]}}],"collection":[{"href":"http:\/\/autismancaar.ro\/ro\/wp-json\/wp\/v2\/pages"}],"about":[{"href":"http:\/\/autismancaar.ro\/ro\/wp-json\/wp\/v2\/types\/page"}],"author":[{"embeddable":true,"href":"http:\/\/autismancaar.ro\/ro\/wp-json\/wp\/v2\/users\/2"}],"replies":[{"embeddable":true,"href":"http:\/\/autismancaar.ro\/ro\/wp-json\/wp\/v2\/comments?post=2415"}],"version-history":[{"count":2,"href":"http:\/\/autismancaar.ro\/ro\/wp-json\/wp\/v2\/pages\/2415\/revisions"}],"predecessor-version":[{"id":2428,"href":"http:\/\/autismancaar.ro\/ro\/wp-json\/wp\/v2\/pages\/2415\/revisions\/2428"}],"up":[{"embeddable":true,"href":"http:\/\/autismancaar.ro\/ro\/wp-json\/wp\/v2\/pages\/1115"}],"wp:attachment":[{"href":"http:\/\/autismancaar.ro\/ro\/wp-json\/wp\/v2\/media?parent=2415"}],"curies":[{"name":"wp","href":"https:\/\/api.w.org\/{rel}","templated":true}]}}