{"id":2480,"date":"2017-01-05T13:01:14","date_gmt":"2017-01-05T13:01:14","guid":{"rendered":"http:\/\/autismancaar.ro\/ro\/?page_id=2480"},"modified":"2019-01-17T10:19:13","modified_gmt":"2019-01-17T10:19:13","slug":"ajuta-si-tu","status":"publish","type":"page","link":"http:\/\/autismancaar.ro\/ro\/ajuta-si-tu\/","title":{"rendered":"Ajut\u0103 \u0219i tu!"},"content":{"rendered":"<p><a href=\"http:\/\/autismancaar.ro\/ro\/wp-content\/uploads\/2011\/03\/logo-omul-din-spatele-autismului_rgb-poza-web.jpg\"><img loading=\"lazy\" decoding=\"async\" class=\"aligncenter size-medium wp-image-1425\" title=\"logo-omul-din-spatele-autismului\" src=\"http:\/\/autismancaar.ro\/ro\/wp-content\/uploads\/2011\/03\/logo-omul-din-spatele-autismului_rgb-poza-web-300x149.jpg\" alt=\"\" width=\"300\" height=\"149\" srcset=\"http:\/\/autismancaar.ro\/ro\/wp-content\/uploads\/2011\/03\/logo-omul-din-spatele-autismului_rgb-poza-web-300x149.jpg 300w, http:\/\/autismancaar.ro\/ro\/wp-content\/uploads\/2011\/03\/logo-omul-din-spatele-autismului_rgb-poza-web.jpg 1024w\" sizes=\"auto, (max-width: 300px) 100vw, 300px\" \/><\/a><\/p>\n<p><strong>Copiii (oamenii) au nevoie de ajutorul nostru! \u015eansa tinerilor \u015fi adul\u0163ilor cu autism de a se integra \u00een societate nu depinde de capacit\u0103\u0163ile \u015fi talentele lor, ci de toleran\u0163a \u015fi participarea noastr\u0103. Prin construirea Centrului Reziden\u0163ial pentru Tineri \u015fi Adul\u0163i cu Autism, ANCAAR dore\u015fte s\u0103 ofere un loc \u015fi un pachet profesionist de servicii pentru persoanele cu aceast\u0103 tulburare.<\/strong><\/p>\n<p>Exist\u0103 solu\u0163ii \u015fi putem g\u0103si \u00eempreun\u0103 calea prin care s\u0103 nivel\u0103m asperit\u0103\u0163ile din via\u0163a tinerilor \u015fi adul\u0163ilor cu autism.<\/p>\n<p>Ave\u0163i \u015fansa de a participa activ la construirea <strong>Centrului Reziden\u0163ial pentru Tineri <\/strong><strong>\u0219<\/strong><strong>i Adul<\/strong><strong>\u021b<\/strong><strong>i cu Autism<\/strong>, prin accesarea uneia dintre modalit\u0103\u0163ile de sus\u0163inere financiar\u0103 prezentate mai jos:<\/p>\n<p>ANCAAR: Cod fiscal 13342650<\/p>\n<p>IBAN CONT LEI:RO16RNCB0072049714260001 BCR sucursala sector 1<\/p>\n<p><strong>Dac\u0103 sunte\u021bi persoan\u0103 fizic\u0103, pute\u021bi dona 3,5% din impozitul pe venit prin completarea formularului 230 (pentru un venit) sau a formularului 200 (pentru venituri multiple).<\/strong><\/p>\n<p><a href=\"http:\/\/autismancaar.ro\/ro\/wp-content\/uploads\/2019\/01\/DECLARATIA-230.pdf\" target=\"_blank\" rel=\"noopener\"><strong>Descarca formularul 230<\/strong><\/a><\/p>\n<p><strong><a href=\"http:\/\/autismancaar.ro\/ro\/wp-content\/uploads\/2017\/01\/DECLARATIE-200.pdf\" target=\"_blank\" rel=\"noopener\">Descarca formularul 200<\/a><\/strong><\/p>\n<p><strong>Dac\u0103 sunte\u0163i persoan\u0103 juridic\u0103, pute\u0163i dona 20% din impozitul pe profit prin semnarea unui contract de sponsorizare cu ANCAAR!<\/strong><\/p>\n<p>telefon:&nbsp;0726207808<\/p>\n<p>E-mail : office[at]autismancaar.ro<\/p>\n<p><strong>Pute\u021bi deveni membru al ANCAAR <\/strong>complet\u00e2nd urm\u0103torul formular pe care, \u00eempreun\u0103 cu dovada pl\u0103\u021bii, ambele scanate, le trimite\u021bi la adresa office[at]autismancaar.ro.<\/p>\n<p><strong><a href=\"http:\/\/autismancaar.ro\/ro\/wp-content\/uploads\/2011\/03\/cerere-de-inscriere.pdf\" target=\"_blank\" rel=\"noopener\">Cerere de inscriere<\/a><\/strong><\/p>\n<p><strong>Trebuie doar s\u0103 vrem cu adev\u0103rat!<\/strong><\/p>\n","protected":false},"excerpt":{"rendered":"<p>Copiii (oamenii) au nevoie de ajutorul nostru! \u015eansa tinerilor \u015fi adul\u0163ilor cu autism de a se integra \u00een societate nu depinde de capacit\u0103\u0163ile \u015fi talentele lor, ci de toleran\u0163a \u015fi participarea noastr\u0103. Prin construirea Centrului Reziden\u0163ial pentru Tineri \u015fi Adul\u0163i cu Autism, ANCAAR dore\u015fte s\u0103 ofere un loc \u015fi un pachet profesionist de servicii pentru [&hellip;]<\/p>\n","protected":false},"author":1,"featured_media":0,"parent":0,"menu_order":0,"comment_status":"closed","ping_status":"closed","template":"","meta":{"ngg_post_thumbnail":0,"footnotes":""},"class_list":["post-2480","page","type-page","status-publish","hentry"],"_links":{"self":[{"href":"http:\/\/autismancaar.ro\/ro\/wp-json\/wp\/v2\/pages\/2480","targetHints":{"allow":["GET"]}}],"collection":[{"href":"http:\/\/autismancaar.ro\/ro\/wp-json\/wp\/v2\/pages"}],"about":[{"href":"http:\/\/autismancaar.ro\/ro\/wp-json\/wp\/v2\/types\/page"}],"author":[{"embeddable":true,"href":"http:\/\/autismancaar.ro\/ro\/wp-json\/wp\/v2\/users\/1"}],"replies":[{"embeddable":true,"href":"http:\/\/autismancaar.ro\/ro\/wp-json\/wp\/v2\/comments?post=2480"}],"version-history":[{"count":7,"href":"http:\/\/autismancaar.ro\/ro\/wp-json\/wp\/v2\/pages\/2480\/revisions"}],"predecessor-version":[{"id":3377,"href":"http:\/\/autismancaar.ro\/ro\/wp-json\/wp\/v2\/pages\/2480\/revisions\/3377"}],"wp:attachment":[{"href":"http:\/\/autismancaar.ro\/ro\/wp-json\/wp\/v2\/media?parent=2480"}],"curies":[{"name":"wp","href":"https:\/\/api.w.org\/{rel}","templated":true}]}}