{"id":25,"date":"2011-03-12T14:55:06","date_gmt":"2011-03-12T14:55:06","guid":{"rendered":"http:\/\/autismancaar.ro\/?page_id=25"},"modified":"2014-11-03T15:28:23","modified_gmt":"2014-11-03T15:28:23","slug":"programe-terapeutice","status":"publish","type":"page","link":"http:\/\/autismancaar.ro\/ro\/programe-terapeutice\/","title":{"rendered":"Programe terapeutice"},"content":{"rendered":"<p>Un num\u0103r de tratamente au evoluat \u00een deceniile de c\u00e2nd autismul a fost identificat pentru prima oar\u0103. Unele programe terapeutice se axeaz\u0103 pe dezvoltarea aptitudinilor \u015fi pe \u00eenlocuirea comportamentelor disfunc\u0163ionale cu unele mai potrivite. Altele se axeaz\u0103 pe crearea unui mediu de \u00eenv\u0103\u0163are stimulant potrivit cu necesit\u0103\u0163ile unice ale copilului cu autism.<\/p>\n<p>Cercet\u0103torii au \u00eenceput s\u0103 identifice factorii care cresc eficien\u021ba anumitor programe terapeutice \u00een ceea ce prive\u0219te reducerea sau conversia limitelor impuse de autism. <a href=\"http:\/\/autismancaar.ro\/ro\/?p=1067\">Cite\u0219te<\/a> despre un cercet\u0103tor rom\u00e2n&#8230;<\/p>\n<p>Este vorba de acele programele terapeutice individualizate, \u00een care se \u021bine cont de nevoile \u0219i preferin\u021bele copilului, care ofer\u0103 un orar predictibil, predau cerin\u0163ele \u00eentr-o serie de pa\u015fi simpli, angaj\u00e2nd activ aten\u0163ia copilului \u00een activit\u0103\u0163i bine structurate \u015fi furniz\u00e2nd \u00eent\u0103rirea regulat\u0103 a comportamentului.<\/p>\n<p>Implicarea p\u0103rin\u0163ilor este de asemenea un factor de succes \u00een tratament. P\u0103rin\u0163ii lucreaz\u0103 cu educatorii \u015fi terapeu\u0163ii pentru a identifica acele comportamente ce trebuie schimbate \u015fi aptitudinile care trebuie \u00eenv\u0103\u0163ate. Recunosc\u00e2nd c\u0103 p\u0103rin\u0163ii sunt cei mai timpurii profesori ai copilului, mai multe programe \u00eencep s\u0103 \u00eenve\u0163e p\u0103rin\u0163ii cum s\u0103 continue terapia acas\u0103.<\/p>\n<p>Cercet\u0103torii \u00eencep s\u0103 sugereze c\u0103 mamele \u015fi ta\u0163ii care sunt antrena\u0163i s\u0103 lucreze cu copilul lor pot fi la fel de eficien\u0163i ca \u015fi profesorii \u015fi terapeu\u0163ii.<\/p>\n","protected":false},"excerpt":{"rendered":"<p>Un num\u0103r de tratamente au evoluat \u00een deceniile de c\u00e2nd autismul a fost identificat pentru prima oar\u0103. Unele programe terapeutice se axeaz\u0103 pe dezvoltarea aptitudinilor \u015fi pe \u00eenlocuirea comportamentelor disfunc\u0163ionale cu unele mai potrivite. Altele se axeaz\u0103 pe crearea unui mediu de \u00eenv\u0103\u0163are stimulant potrivit cu necesit\u0103\u0163ile unice ale copilului cu autism. Cercet\u0103torii au \u00eenceput [&hellip;]<\/p>\n","protected":false},"author":2,"featured_media":0,"parent":0,"menu_order":3,"comment_status":"open","ping_status":"closed","template":"","meta":{"ngg_post_thumbnail":0,"footnotes":""},"class_list":["post-25","page","type-page","status-publish","hentry"],"_links":{"self":[{"href":"http:\/\/autismancaar.ro\/ro\/wp-json\/wp\/v2\/pages\/25","targetHints":{"allow":["GET"]}}],"collection":[{"href":"http:\/\/autismancaar.ro\/ro\/wp-json\/wp\/v2\/pages"}],"about":[{"href":"http:\/\/autismancaar.ro\/ro\/wp-json\/wp\/v2\/types\/page"}],"author":[{"embeddable":true,"href":"http:\/\/autismancaar.ro\/ro\/wp-json\/wp\/v2\/users\/2"}],"replies":[{"embeddable":true,"href":"http:\/\/autismancaar.ro\/ro\/wp-json\/wp\/v2\/comments?post=25"}],"version-history":[{"count":1,"href":"http:\/\/autismancaar.ro\/ro\/wp-json\/wp\/v2\/pages\/25\/revisions"}],"predecessor-version":[{"id":2040,"href":"http:\/\/autismancaar.ro\/ro\/wp-json\/wp\/v2\/pages\/25\/revisions\/2040"}],"wp:attachment":[{"href":"http:\/\/autismancaar.ro\/ro\/wp-json\/wp\/v2\/media?parent=25"}],"curies":[{"name":"wp","href":"https:\/\/api.w.org\/{rel}","templated":true}]}}