{"id":2570,"date":"2017-05-23T12:52:47","date_gmt":"2017-05-23T12:52:47","guid":{"rendered":"http:\/\/autismancaar.ro\/ro\/?page_id=2570"},"modified":"2017-05-26T06:47:38","modified_gmt":"2017-05-26T06:47:38","slug":"conferinta-nationala-independenta-ma-pregatesc","status":"publish","type":"page","link":"http:\/\/autismancaar.ro\/ro\/campanie\/evenimentele-campaniei\/conferinta-nationala-independenta-ma-pregatesc\/","title":{"rendered":"Conferin\u021ba na\u021bional\u0103: &#8221;Independen\u021b\u0103! M\u0103 preg\u0103tesc&#8230;&#8221;"},"content":{"rendered":"<h2 class=\"entry-title\">Pentru adolescentul \u0219i adultul cu autism schimbarea este posibil\u0103 \u00een Rom\u00e2nia!<\/h2>\n<p>\u00cen ziua de 12 mai 2017, \u00eentr-o atmosfer\u0103 cald\u0103 dat\u0103 de deschiderea participan\u021bilor c\u0103tre \u00een\u021belegerea situa\u021biei cu care se confrunt\u0103 auti\u0219tii din Rom\u00e2nia, a avut loc tradi\u021bionala Conferin\u021b\u0103 Na\u021bional\u0103 a Asocia\u021biei Na\u021bionale pentru Copii \u0219i Adul\u021bi cu Autism din Rom\u00e2nia (ANCAAR), edi\u021bia a X-a.<\/p>\n<p>\u201e<em>Acest eveniment are multipe valen\u021be, este o tradi\u021bie din 2010, din 2012 avem \u00een Universitatea Spiru Haret un partener constant \u0219i implicat, reprezentat ast\u0103zi aici de Asistent Universitar Doctor Loredana B\u0103nic\u0103 \u0219i al\u0103turi de noi sunt Pre\u0219edintele Consiliului Na\u021bional al Dizabilit\u0103\u021bii din Rom\u00e2nia (CNDR), doamna Daniela Tontsch<\/em>\u201d, a afirmat <strong>Georgeta Cri\u0219u, Pre\u0219edinte ANCAAR<\/strong>.<\/p>\n<p>Reprezentanta ANCAAR a vorbit despre strategia Asocia\u021biei, care se bazeaz\u0103 pe \u201e<em>accentuarea a ceea ce pot face auti\u0219tii<\/em>\u201d \u0219i crede c\u0103 \u201e<em><u>aduc\u00e2nd \u00een fa\u021b\u0103 realiz\u0103rile adolescen\u021bilor \u0219i adul\u021bilor cu autism din Rom\u00e2nia, putem demonstra c\u0103 este posibil ca ace\u0219tia s\u0103 poat\u0103 tr\u0103i independent sau par\u021bial independent<\/u><\/em>\u201d.<\/p>\n<p><strong>Independen\u021ba total\u0103 sau par\u021bial\u0103 a auti\u0219tilor a fost subiectul principal al manifest\u0103rii care a reunit psihiatrii, psihologi, medici de familie, terapeu\u021bi, logopezi, cadre didactice, p\u0103rin\u021bi, asisten\u021bi sociali, educatori, consilieri \u0219colari, asisten\u021bi medicali, reprezentan\u021bi media, speciali\u0219ti \u00een medicina muncii, demonstr\u00e2nd c\u0103, atunci c\u00e2nd exist\u0103 interes, echipele se formeaz\u0103 spontan.<\/strong><\/p>\n<p>De\u0219i tulburarile din spectrul autismului sunt frecvente (1 din 160 de copii din \u00eentreaga lume sufer\u0103 de autism, conform estim\u0103rilor date de Organiza\u021bia Mondial\u0103 a S\u0103n\u0103t\u0103\u021bii), din p\u0103cate \u00een Rom\u00e2nia acestea nu sunt \u00een prim planul autorit\u0103\u021bilor, astfel \u00eenc\u00e2t s\u0103 fie g\u0103site solu\u021bii viabile pentru integrarea \u00een societate \u0219i pentru angajarea pe pia\u021ba muncii a acestor persoane.<\/p>\n<p>&nbsp;<\/p>\n<p>Printre cele mai importante provoc\u0103ri care, din p\u0103cate, se pare c\u0103 au nevoie de mai mult de 28 de ani&nbsp; pentru a fi rezolvate,&nbsp; se numar\u0103 faptul c\u0103 \u201e<em><u>nu to\u021bi copiii beneficiaz\u0103 de terapie, nu exist\u0103 servicii pentru adolescen\u021bii \u0219i adul\u021bii cu autism din Rom\u00e2nia. \u00cen ultimii 6 ani ANCAAR a adus \u00een prim plan autistul adult, complet marginalizat \u0219i nu e corect s\u0103 fie asa. Fac parte din societate ca \u0219i noi \u0219i trebuie s\u0103 \u00eei privim la fel<\/u>\u201d<\/em>, a mai declarat &nbsp;<strong>Georgeta Cri\u0219u<\/strong>.<\/p>\n<p>Pre\u0219edintele ANCAAR a prezentat rezultatele proiectului RESPIRO la jum\u0103tate de drum. Sus\u021binerea auti\u0219tilor \u00een dob\u00e2ndirea unei independen\u021be par\u021biale sau totale este posibil\u0103 prin facilitarea accesului la toate verigile lan\u021bului terapeutic oferite prin servicii sociale de calitate. Nevoia de interven\u021bie specializat\u0103 pentru toate categoriile de auti\u0219ti (copii, tineri, adul\u021bi) este resim\u021bit\u0103 de familiile acestora \u0219i este necesar a fi aplicat\u0103 la nivelul \u00eentregii societ\u0103\u021bi. Proiectul RESPIRO deschide drumul autistului c\u0103tre integrarea social\u0103 real\u0103 \u0219i imprim\u0103 valorificarea fiec\u0103rui individ prin abilitare, test\u0103ri voca\u021bionale \u0219i cre\u0219terea independen\u021bei.&nbsp; Experien\u021ba din RESPIRO este materializat\u0103&nbsp; prin editarea unui Ghid al abord\u0103rii terapeutice la persoana cu TSA, prezentat \u00een cadrul acestui eveniment, menit s\u0103 demonstreze utilitatea mediatiz\u0103rii modelelor adaptate cerin\u021belor \u0219i nevoilor societ\u0103\u021bii rom\u00e2ne\u0219ti. Diseminarea informa\u021biei \u0219i instruirea de speciali\u0219ti la standarde superioare constituie unul dintre marile obiective ale Proiectului RESPIRO.<\/p>\n<p>Prezent\u0103 la eveniment, <strong>Lumini\u021ba Gheorghiu, Secretar de Stat<\/strong>, a sus\u021binut faptul c\u0103 exist\u0103 o mare deschidere din partea reprezentan\u021bilor Ministerului Muncii pentru rezolvarea problemelor administrative ale persoanelor cu dizabilit\u0103\u021bi.<\/p>\n<p>Lectorii evenimentului au fost:<\/p>\n<ul>\n<li><em><strong>Evelyne Soyez<\/strong><\/em><em> (<\/em>kinetoterapeut, osteopat calificat \u00een neuropediatrie, <em>fondatoare a programului de interven\u0163ie timpurie pentru copii \u00eentre 0 \u0219i 6 ani, cu anomalii de dezvoltare, Spitalul Port-Royal, Paris) \u2013 <strong><u>Echipa interdisciplinar\u0103: De ce? Cine? Cum?;<\/u><\/strong><\/em><\/li>\n<li><strong><em>Dominique Plassat<\/em><\/strong> (psiholog \u00een cadrul IME Alphee- centru medical \u0219i educativ care g\u0103zduieste copii cu handicap \u0219i adolescen\u021bi cu dizabilit\u0103\u021bi intelectuale, av\u00e2nd ca \u0219i scop oferirea de educa\u021bie \u0219i \u00eenv\u0103\u021b\u0103m\u00e2nt de specialitate, \u021bin\u00e2nd seama de aspectele psihologice \u0219i psihopatologice \u0219i utilizarea tehnicilor de reabilitare. Centrul se ocup\u0103 \u00een mod special de tinerii cu autism) \u2013 <strong><em><u>Voir l`Autisme autrement<\/u><\/em><\/strong>;<\/li>\n<li><strong><em>Augusta Rodica Urziceanu<\/em><\/strong> (medic primar neuropsihiatrie \u015fi psihiatrie pediatric\u0103, doctor \u00een \u015ftiin\u0163e medicale);<\/li>\n<li><strong><em>Cri\u0219u Georgeta<\/em><\/strong> (Pre\u0219edinte ANCAAR \u0219i manager proiect RESPIRO, cu experien\u021b\u0103 de peste 30 de ani \u00een intocmirea \u0219i coordonarea programelor de interven\u021bie terapeutic\u0103 a persoanelor cu TSA) \u2013 <strong><em><u>Proiectul RESPIRO la jum\u0103tate de drum, Lansare de carte;<\/u><\/em><\/strong><\/li>\n<li><strong><em>Zamfir Marius Teodor<\/em><\/strong> (Psiholog Centrul Sf. Mihail) \u2013 <strong><em><u>Autismul virtual \u2013 alt\u0103 form\u0103 de autism?<\/u><\/em><\/strong><\/li>\n<\/ul>\n<p>&nbsp;<\/p>\n<p>Conferin\u021ba \u00een plen din data de 12 mai a fost urmat\u0103 de trei workshopuri interactive, orientate at\u00e2t c\u0103tre autist \u0219i familia acestuia, c\u00e2t \u0219i c\u0103tre speciali\u0219tii dornici de evolu\u021bie: \u201e<strong><em>Decizia independen\u021bei \u2013 independen\u021ba deciziei\u201d,<\/em><\/strong><em> \u201e<\/em><strong><em>M\u0103 \u00eempline\u0219te? Trist, dar m\u0103 hr\u0103ne\u0219te\u201d,<\/em><\/strong><em> \u201e<\/em><strong><em>R\u0103d\u0103cini \u0219i aripi\u201d.<\/em><\/strong><\/p>\n<p>Workshop-urile interactive din ziua de 13 mai au fost foarte apreciate. Participan\u021bii au putut experimenta momente din via\u021ba persoanelor cu autism, tr\u0103iri, decizii. Aceste experimente au ca obiectiv modelarea comportamental\u0103 a p\u0103rin\u021bilor \u0219i speciali\u0219tilor \u00een \u00een\u021belegerea &nbsp;autistului \u0219i a elementelor importante pentru dezvoltarea \u0219i integrarea acestuia.<\/p>\n<p>\u00centruc\u00e2t num\u0103rul foarte mare de solicit\u0103ri pentru acest tip de formare, ANCAAR a decis organizarea mai multor workshop-uri centrate pe participan\u021bi (expunere, \u00een\u021belegere \u0219i experimentare).<\/p>\n<p>&nbsp;<\/p>\n\n\t\t<style type=\"text\/css\">\n\t\t\t#gallery-1 {\n\t\t\t\tmargin: auto;\n\t\t\t}\n\t\t\t#gallery-1 .gallery-item {\n\t\t\t\tfloat: left;\n\t\t\t\tmargin-top: 10px;\n\t\t\t\ttext-align: center;\n\t\t\t\twidth: 25%;\n\t\t\t}\n\t\t\t#gallery-1 img {\n\t\t\t\tborder: 2px solid #cfcfcf;\n\t\t\t}\n\t\t\t#gallery-1 .gallery-caption {\n\t\t\t\tmargin-left: 0;\n\t\t\t}\n\t\t\t\/* see gallery_shortcode() in wp-includes\/media.php *\/\n\t\t<\/style>\n\t\t<div id='gallery-1' class='gallery galleryid-2570 gallery-columns-4 gallery-size-thumbnail'><dl class='gallery-item'>\n\t\t\t<dt class='gallery-icon landscape'>\n\t\t\t\t<img loading=\"lazy\" decoding=\"async\" width=\"150\" height=\"150\" src=\"http:\/\/autismancaar.ro\/ro\/wp-content\/uploads\/2017\/05\/18426522_120332000738302546_1764629134_o-150x150.jpg\" class=\"attachment-thumbnail size-thumbnail\" alt=\"\" \/>\n\t\t\t<\/dt><\/dl><dl class='gallery-item'>\n\t\t\t<dt class='gallery-icon landscape'>\n\t\t\t\t<img loading=\"lazy\" decoding=\"async\" width=\"150\" height=\"150\" src=\"http:\/\/autismancaar.ro\/ro\/wp-content\/uploads\/2017\/05\/18426853_120332000733629943_632509030_o-150x150.jpg\" class=\"attachment-thumbnail size-thumbnail\" alt=\"\" \/>\n\t\t\t<\/dt><\/dl><dl class='gallery-item'>\n\t\t\t<dt class='gallery-icon portrait'>\n\t\t\t\t<img loading=\"lazy\" decoding=\"async\" width=\"150\" height=\"150\" src=\"http:\/\/autismancaar.ro\/ro\/wp-content\/uploads\/2017\/05\/18450156_120332000838307584_1748449756_n-150x150.jpg\" class=\"attachment-thumbnail size-thumbnail\" alt=\"\" \/>\n\t\t\t<\/dt><\/dl><dl class='gallery-item'>\n\t\t\t<dt class='gallery-icon landscape'>\n\t\t\t\t<img loading=\"lazy\" decoding=\"async\" width=\"150\" height=\"150\" src=\"http:\/\/autismancaar.ro\/ro\/wp-content\/uploads\/2017\/05\/18472456_120332000710211521_1813167980_o-150x150.jpg\" class=\"attachment-thumbnail size-thumbnail\" alt=\"\" \/>\n\t\t\t<\/dt><\/dl><br style=\"clear: both\" \/><dl class='gallery-item'>\n\t\t\t<dt class='gallery-icon portrait'>\n\t\t\t\t<img loading=\"lazy\" decoding=\"async\" width=\"150\" height=\"150\" src=\"http:\/\/autismancaar.ro\/ro\/wp-content\/uploads\/2017\/05\/20170512_114849-e1495543810564-150x150.jpg\" class=\"attachment-thumbnail size-thumbnail\" alt=\"\" \/>\n\t\t\t<\/dt><\/dl><dl class='gallery-item'>\n\t\t\t<dt class='gallery-icon landscape'>\n\t\t\t\t<img loading=\"lazy\" decoding=\"async\" width=\"150\" height=\"150\" src=\"http:\/\/autismancaar.ro\/ro\/wp-content\/uploads\/2017\/05\/20170513_120150-e1495543794432-150x150.jpg\" class=\"attachment-thumbnail size-thumbnail\" alt=\"\" \/>\n\t\t\t<\/dt><\/dl><dl class='gallery-item'>\n\t\t\t<dt class='gallery-icon landscape'>\n\t\t\t\t<img loading=\"lazy\" decoding=\"async\" width=\"150\" height=\"150\" src=\"http:\/\/autismancaar.ro\/ro\/wp-content\/uploads\/2017\/05\/20170513_120716-e1495543768168-150x150.jpg\" class=\"attachment-thumbnail size-thumbnail\" alt=\"\" \/>\n\t\t\t<\/dt><\/dl><dl class='gallery-item'>\n\t\t\t<dt class='gallery-icon landscape'>\n\t\t\t\t<img loading=\"lazy\" decoding=\"async\" width=\"150\" height=\"150\" src=\"http:\/\/autismancaar.ro\/ro\/wp-content\/uploads\/2017\/05\/20170513_121452-e1495543741631-150x150.jpg\" class=\"attachment-thumbnail size-thumbnail\" alt=\"\" \/>\n\t\t\t<\/dt><\/dl><br style=\"clear: both\" \/><dl class='gallery-item'>\n\t\t\t<dt class='gallery-icon portrait'>\n\t\t\t\t<img loading=\"lazy\" decoding=\"async\" width=\"150\" height=\"150\" src=\"http:\/\/autismancaar.ro\/ro\/wp-content\/uploads\/2017\/05\/20170513_122723-e1495543707543-150x150.jpg\" class=\"attachment-thumbnail size-thumbnail\" alt=\"\" \/>\n\t\t\t<\/dt><\/dl><dl class='gallery-item'>\n\t\t\t<dt class='gallery-icon portrait'>\n\t\t\t\t<img loading=\"lazy\" decoding=\"async\" width=\"150\" height=\"150\" src=\"http:\/\/autismancaar.ro\/ro\/wp-content\/uploads\/2017\/05\/20170513_124654-e1495543691973-150x150.jpg\" class=\"attachment-thumbnail size-thumbnail\" alt=\"\" \/>\n\t\t\t<\/dt><\/dl><dl class='gallery-item'>\n\t\t\t<dt class='gallery-icon portrait'>\n\t\t\t\t<img loading=\"lazy\" decoding=\"async\" width=\"150\" height=\"150\" src=\"http:\/\/autismancaar.ro\/ro\/wp-content\/uploads\/2017\/05\/DSC_2883-150x150.jpg\" class=\"attachment-thumbnail size-thumbnail\" alt=\"\" \/>\n\t\t\t<\/dt><\/dl><dl class='gallery-item'>\n\t\t\t<dt class='gallery-icon portrait'>\n\t\t\t\t<img loading=\"lazy\" decoding=\"async\" width=\"150\" height=\"150\" src=\"http:\/\/autismancaar.ro\/ro\/wp-content\/uploads\/2017\/05\/DSC_2955-150x150.jpg\" class=\"attachment-thumbnail size-thumbnail\" alt=\"\" \/>\n\t\t\t<\/dt><\/dl><br style=\"clear: both\" \/><dl class='gallery-item'>\n\t\t\t<dt class='gallery-icon landscape'>\n\t\t\t\t<img loading=\"lazy\" decoding=\"async\" width=\"150\" height=\"150\" src=\"http:\/\/autismancaar.ro\/ro\/wp-content\/uploads\/2017\/05\/DSC_2971-150x150.jpg\" class=\"attachment-thumbnail size-thumbnail\" alt=\"\" \/>\n\t\t\t<\/dt><\/dl><dl class='gallery-item'>\n\t\t\t<dt class='gallery-icon landscape'>\n\t\t\t\t<img loading=\"lazy\" decoding=\"async\" width=\"150\" height=\"150\" src=\"http:\/\/autismancaar.ro\/ro\/wp-content\/uploads\/2017\/05\/DSC_2979-150x150.jpg\" class=\"attachment-thumbnail size-thumbnail\" alt=\"\" \/>\n\t\t\t<\/dt><\/dl><dl class='gallery-item'>\n\t\t\t<dt class='gallery-icon landscape'>\n\t\t\t\t<img loading=\"lazy\" decoding=\"async\" width=\"150\" height=\"150\" src=\"http:\/\/autismancaar.ro\/ro\/wp-content\/uploads\/2017\/05\/DSC_2981-150x150.jpg\" class=\"attachment-thumbnail size-thumbnail\" alt=\"\" \/>\n\t\t\t<\/dt><\/dl><dl class='gallery-item'>\n\t\t\t<dt class='gallery-icon landscape'>\n\t\t\t\t<img loading=\"lazy\" decoding=\"async\" width=\"150\" height=\"150\" src=\"http:\/\/autismancaar.ro\/ro\/wp-content\/uploads\/2017\/05\/DSC_3010-150x150.jpg\" class=\"attachment-thumbnail size-thumbnail\" alt=\"\" \/>\n\t\t\t<\/dt><\/dl><br style=\"clear: both\" \/><dl class='gallery-item'>\n\t\t\t<dt class='gallery-icon portrait'>\n\t\t\t\t<img loading=\"lazy\" decoding=\"async\" width=\"150\" height=\"150\" src=\"http:\/\/autismancaar.ro\/ro\/wp-content\/uploads\/2017\/05\/DSC_3041-150x150.jpg\" class=\"attachment-thumbnail size-thumbnail\" alt=\"\" \/>\n\t\t\t<\/dt><\/dl><dl class='gallery-item'>\n\t\t\t<dt class='gallery-icon landscape'>\n\t\t\t\t<img loading=\"lazy\" decoding=\"async\" width=\"150\" height=\"150\" src=\"http:\/\/autismancaar.ro\/ro\/wp-content\/uploads\/2017\/05\/DSC_3077-150x150.jpg\" class=\"attachment-thumbnail size-thumbnail\" alt=\"\" \/>\n\t\t\t<\/dt><\/dl><dl class='gallery-item'>\n\t\t\t<dt class='gallery-icon landscape'>\n\t\t\t\t<img loading=\"lazy\" decoding=\"async\" width=\"150\" height=\"150\" src=\"http:\/\/autismancaar.ro\/ro\/wp-content\/uploads\/2017\/05\/DSC_3093-150x150.jpg\" class=\"attachment-thumbnail size-thumbnail\" alt=\"\" \/>\n\t\t\t<\/dt><\/dl><dl class='gallery-item'>\n\t\t\t<dt class='gallery-icon landscape'>\n\t\t\t\t<img loading=\"lazy\" decoding=\"async\" width=\"150\" height=\"150\" src=\"http:\/\/autismancaar.ro\/ro\/wp-content\/uploads\/2017\/05\/DSC_3138-150x150.jpg\" class=\"attachment-thumbnail size-thumbnail\" alt=\"\" \/>\n\t\t\t<\/dt><\/dl><br style=\"clear: both\" \/><dl class='gallery-item'>\n\t\t\t<dt class='gallery-icon portrait'>\n\t\t\t\t<img loading=\"lazy\" decoding=\"async\" width=\"150\" height=\"150\" src=\"http:\/\/autismancaar.ro\/ro\/wp-content\/uploads\/2017\/05\/DSC_3173-150x150.jpg\" class=\"attachment-thumbnail size-thumbnail\" alt=\"\" \/>\n\t\t\t<\/dt><\/dl><dl class='gallery-item'>\n\t\t\t<dt class='gallery-icon landscape'>\n\t\t\t\t<img loading=\"lazy\" decoding=\"async\" width=\"150\" height=\"150\" src=\"http:\/\/autismancaar.ro\/ro\/wp-content\/uploads\/2017\/05\/DSC_3197-150x150.jpg\" class=\"attachment-thumbnail size-thumbnail\" alt=\"\" \/>\n\t\t\t<\/dt><\/dl><dl class='gallery-item'>\n\t\t\t<dt class='gallery-icon landscape'>\n\t\t\t\t<img loading=\"lazy\" decoding=\"async\" width=\"150\" height=\"150\" src=\"http:\/\/autismancaar.ro\/ro\/wp-content\/uploads\/2017\/05\/DSC_3200-150x150.jpg\" class=\"attachment-thumbnail size-thumbnail\" alt=\"\" \/>\n\t\t\t<\/dt><\/dl><dl class='gallery-item'>\n\t\t\t<dt class='gallery-icon landscape'>\n\t\t\t\t<img loading=\"lazy\" decoding=\"async\" width=\"150\" height=\"150\" src=\"http:\/\/autismancaar.ro\/ro\/wp-content\/uploads\/2017\/05\/DSC_3206-150x150.jpg\" class=\"attachment-thumbnail size-thumbnail\" alt=\"\" \/>\n\t\t\t<\/dt><\/dl><br style=\"clear: both\" \/><dl class='gallery-item'>\n\t\t\t<dt class='gallery-icon landscape'>\n\t\t\t\t<img loading=\"lazy\" decoding=\"async\" width=\"150\" height=\"150\" src=\"http:\/\/autismancaar.ro\/ro\/wp-content\/uploads\/2017\/05\/IMG_1264-150x150.jpg\" class=\"attachment-thumbnail size-thumbnail\" alt=\"\" \/>\n\t\t\t<\/dt><\/dl><dl class='gallery-item'>\n\t\t\t<dt class='gallery-icon portrait'>\n\t\t\t\t<img loading=\"lazy\" decoding=\"async\" width=\"150\" height=\"150\" src=\"http:\/\/autismancaar.ro\/ro\/wp-content\/uploads\/2017\/05\/IMG_1265-e1495544319243-150x150.jpg\" class=\"attachment-thumbnail size-thumbnail\" alt=\"\" \/>\n\t\t\t<\/dt><\/dl><dl class='gallery-item'>\n\t\t\t<dt class='gallery-icon portrait'>\n\t\t\t\t<img loading=\"lazy\" decoding=\"async\" width=\"150\" height=\"150\" src=\"http:\/\/autismancaar.ro\/ro\/wp-content\/uploads\/2017\/05\/IMG_1267-e1495544300937-150x150.jpg\" class=\"attachment-thumbnail size-thumbnail\" alt=\"\" \/>\n\t\t\t<\/dt><\/dl><dl class='gallery-item'>\n\t\t\t<dt class='gallery-icon portrait'>\n\t\t\t\t<img loading=\"lazy\" decoding=\"async\" width=\"150\" height=\"150\" src=\"http:\/\/autismancaar.ro\/ro\/wp-content\/uploads\/2017\/05\/IMG_1268-e1495544264769-150x150.jpg\" class=\"attachment-thumbnail size-thumbnail\" alt=\"\" \/>\n\t\t\t<\/dt><\/dl><br style=\"clear: both\" \/><dl class='gallery-item'>\n\t\t\t<dt class='gallery-icon portrait'>\n\t\t\t\t<img loading=\"lazy\" decoding=\"async\" width=\"150\" height=\"150\" src=\"http:\/\/autismancaar.ro\/ro\/wp-content\/uploads\/2017\/05\/IMG_1269-e1495544252654-150x150.jpg\" class=\"attachment-thumbnail size-thumbnail\" alt=\"\" \/>\n\t\t\t<\/dt><\/dl><dl class='gallery-item'>\n\t\t\t<dt class='gallery-icon landscape'>\n\t\t\t\t<img loading=\"lazy\" decoding=\"async\" width=\"150\" height=\"150\" src=\"http:\/\/autismancaar.ro\/ro\/wp-content\/uploads\/2017\/05\/IMG_0586-150x150.jpg\" class=\"attachment-thumbnail size-thumbnail\" alt=\"\" \/>\n\t\t\t<\/dt><\/dl><dl class='gallery-item'>\n\t\t\t<dt class='gallery-icon portrait'>\n\t\t\t\t<img loading=\"lazy\" decoding=\"async\" width=\"150\" height=\"150\" src=\"http:\/\/autismancaar.ro\/ro\/wp-content\/uploads\/2017\/05\/IMG_1240-e1495544219788-150x150.jpg\" class=\"attachment-thumbnail size-thumbnail\" alt=\"\" \/>\n\t\t\t<\/dt><\/dl><dl class='gallery-item'>\n\t\t\t<dt class='gallery-icon portrait'>\n\t\t\t\t<img loading=\"lazy\" decoding=\"async\" width=\"150\" height=\"150\" src=\"http:\/\/autismancaar.ro\/ro\/wp-content\/uploads\/2017\/05\/IMG_1241-e1495544205362-150x150.jpg\" class=\"attachment-thumbnail size-thumbnail\" alt=\"\" \/>\n\t\t\t<\/dt><\/dl><br style=\"clear: both\" \/><dl class='gallery-item'>\n\t\t\t<dt class='gallery-icon portrait'>\n\t\t\t\t<img loading=\"lazy\" decoding=\"async\" width=\"150\" height=\"150\" src=\"http:\/\/autismancaar.ro\/ro\/wp-content\/uploads\/2017\/05\/IMG_1242-e1495544193559-150x150.jpg\" class=\"attachment-thumbnail size-thumbnail\" alt=\"\" \/>\n\t\t\t<\/dt><\/dl><dl class='gallery-item'>\n\t\t\t<dt class='gallery-icon portrait'>\n\t\t\t\t<img loading=\"lazy\" decoding=\"async\" width=\"150\" height=\"150\" src=\"http:\/\/autismancaar.ro\/ro\/wp-content\/uploads\/2017\/05\/IMG_1243-e1495544180945-150x150.jpg\" class=\"attachment-thumbnail size-thumbnail\" alt=\"\" \/>\n\t\t\t<\/dt><\/dl><dl class='gallery-item'>\n\t\t\t<dt class='gallery-icon portrait'>\n\t\t\t\t<img loading=\"lazy\" decoding=\"async\" width=\"150\" height=\"150\" src=\"http:\/\/autismancaar.ro\/ro\/wp-content\/uploads\/2017\/05\/IMG_1244-e1495544116762-150x150.jpg\" class=\"attachment-thumbnail size-thumbnail\" alt=\"\" \/>\n\t\t\t<\/dt><\/dl><dl class='gallery-item'>\n\t\t\t<dt class='gallery-icon landscape'>\n\t\t\t\t<img loading=\"lazy\" decoding=\"async\" width=\"150\" height=\"150\" src=\"http:\/\/autismancaar.ro\/ro\/wp-content\/uploads\/2017\/05\/IMG_1245-150x150.jpg\" class=\"attachment-thumbnail size-thumbnail\" alt=\"\" \/>\n\t\t\t<\/dt><\/dl><br style=\"clear: both\" \/><dl class='gallery-item'>\n\t\t\t<dt class='gallery-icon landscape'>\n\t\t\t\t<img loading=\"lazy\" decoding=\"async\" width=\"150\" height=\"150\" src=\"http:\/\/autismancaar.ro\/ro\/wp-content\/uploads\/2017\/05\/IMG_1246-150x150.jpg\" class=\"attachment-thumbnail size-thumbnail\" alt=\"\" \/>\n\t\t\t<\/dt><\/dl><dl class='gallery-item'>\n\t\t\t<dt class='gallery-icon landscape'>\n\t\t\t\t<img loading=\"lazy\" decoding=\"async\" width=\"150\" height=\"150\" src=\"http:\/\/autismancaar.ro\/ro\/wp-content\/uploads\/2017\/05\/IMG_1248-150x150.jpg\" class=\"attachment-thumbnail size-thumbnail\" alt=\"\" \/>\n\t\t\t<\/dt><\/dl><dl class='gallery-item'>\n\t\t\t<dt class='gallery-icon portrait'>\n\t\t\t\t<img loading=\"lazy\" decoding=\"async\" width=\"150\" height=\"150\" src=\"http:\/\/autismancaar.ro\/ro\/wp-content\/uploads\/2017\/05\/IMG_1253-e1495544164695-150x150.jpg\" class=\"attachment-thumbnail size-thumbnail\" alt=\"\" \/>\n\t\t\t<\/dt><\/dl><dl class='gallery-item'>\n\t\t\t<dt class='gallery-icon portrait'>\n\t\t\t\t<img loading=\"lazy\" decoding=\"async\" width=\"150\" height=\"150\" src=\"http:\/\/autismancaar.ro\/ro\/wp-content\/uploads\/2017\/05\/IMG_1255-e1495544148686-150x150.jpg\" class=\"attachment-thumbnail size-thumbnail\" alt=\"\" \/>\n\t\t\t<\/dt><\/dl><br style=\"clear: both\" \/><dl class='gallery-item'>\n\t\t\t<dt class='gallery-icon portrait'>\n\t\t\t\t<img loading=\"lazy\" decoding=\"async\" width=\"150\" height=\"150\" src=\"http:\/\/autismancaar.ro\/ro\/wp-content\/uploads\/2017\/05\/IMG_1258-e1495544130133-150x150.jpg\" class=\"attachment-thumbnail size-thumbnail\" alt=\"\" \/>\n\t\t\t<\/dt><\/dl><dl class='gallery-item'>\n\t\t\t<dt class='gallery-icon landscape'>\n\t\t\t\t<img loading=\"lazy\" decoding=\"async\" width=\"150\" height=\"150\" src=\"http:\/\/autismancaar.ro\/ro\/wp-content\/uploads\/2017\/05\/DSC_2930-1-150x150.jpg\" class=\"attachment-thumbnail size-thumbnail\" alt=\"\" \/>\n\t\t\t<\/dt><\/dl><dl class='gallery-item'>\n\t\t\t<dt class='gallery-icon landscape'>\n\t\t\t\t<img loading=\"lazy\" decoding=\"async\" width=\"150\" height=\"150\" src=\"http:\/\/autismancaar.ro\/ro\/wp-content\/uploads\/2017\/05\/DSC_2933-1-150x150.jpg\" class=\"attachment-thumbnail size-thumbnail\" alt=\"\" \/>\n\t\t\t<\/dt><\/dl><dl class='gallery-item'>\n\t\t\t<dt class='gallery-icon landscape'>\n\t\t\t\t<img loading=\"lazy\" decoding=\"async\" width=\"150\" height=\"150\" src=\"http:\/\/autismancaar.ro\/ro\/wp-content\/uploads\/2017\/05\/DSC_2934-1-150x150.jpg\" class=\"attachment-thumbnail size-thumbnail\" alt=\"\" \/>\n\t\t\t<\/dt><\/dl><br style=\"clear: both\" \/><dl class='gallery-item'>\n\t\t\t<dt class='gallery-icon landscape'>\n\t\t\t\t<img loading=\"lazy\" decoding=\"async\" width=\"150\" height=\"150\" src=\"http:\/\/autismancaar.ro\/ro\/wp-content\/uploads\/2017\/05\/18451853_120332000766678302_1790365114_o-150x150.jpg\" class=\"attachment-thumbnail size-thumbnail\" alt=\"\" \/>\n\t\t\t<\/dt><\/dl><dl class='gallery-item'>\n\t\t\t<dt class='gallery-icon landscape'>\n\t\t\t\t<img loading=\"lazy\" decoding=\"async\" width=\"150\" height=\"150\" src=\"http:\/\/autismancaar.ro\/ro\/wp-content\/uploads\/2017\/05\/18492310_1276923325761487_1616566957_n-150x150.jpg\" class=\"attachment-thumbnail size-thumbnail\" alt=\"\" \/>\n\t\t\t<\/dt><\/dl><dl class='gallery-item'>\n\t\t\t<dt class='gallery-icon portrait'>\n\t\t\t\t<img loading=\"lazy\" decoding=\"async\" width=\"150\" height=\"150\" src=\"http:\/\/autismancaar.ro\/ro\/wp-content\/uploads\/2017\/05\/18402743_1736578799692241_2218839994938186445_n-150x150.jpg\" class=\"attachment-thumbnail size-thumbnail\" alt=\"\" \/>\n\t\t\t<\/dt><\/dl><dl class='gallery-item'>\n\t\t\t<dt class='gallery-icon portrait'>\n\t\t\t\t<img loading=\"lazy\" decoding=\"async\" width=\"150\" height=\"150\" src=\"http:\/\/autismancaar.ro\/ro\/wp-content\/uploads\/2017\/05\/18342672_1736578853025569_5976102281059670494_n-150x150.jpg\" class=\"attachment-thumbnail size-thumbnail\" alt=\"\" \/>\n\t\t\t<\/dt><\/dl><br style=\"clear: both\" \/>\n\t\t<\/div>\n\n","protected":false},"excerpt":{"rendered":"<p>Pentru adolescentul \u0219i adultul cu autism schimbarea este posibil\u0103 \u00een Rom\u00e2nia! \u00cen ziua de 12 mai 2017, \u00eentr-o atmosfer\u0103 cald\u0103 dat\u0103 de deschiderea participan\u021bilor c\u0103tre \u00een\u021belegerea situa\u021biei cu care se confrunt\u0103 auti\u0219tii din Rom\u00e2nia, a avut loc tradi\u021bionala Conferin\u021b\u0103 Na\u021bional\u0103 a Asocia\u021biei Na\u021bionale pentru Copii \u0219i Adul\u021bi cu Autism din Rom\u00e2nia (ANCAAR), edi\u021bia a X-a. [&hellip;]<\/p>\n","protected":false},"author":1,"featured_media":0,"parent":440,"menu_order":0,"comment_status":"closed","ping_status":"closed","template":"","meta":{"ngg_post_thumbnail":0,"footnotes":""},"class_list":["post-2570","page","type-page","status-publish","hentry"],"_links":{"self":[{"href":"http:\/\/autismancaar.ro\/ro\/wp-json\/wp\/v2\/pages\/2570","targetHints":{"allow":["GET"]}}],"collection":[{"href":"http:\/\/autismancaar.ro\/ro\/wp-json\/wp\/v2\/pages"}],"about":[{"href":"http:\/\/autismancaar.ro\/ro\/wp-json\/wp\/v2\/types\/page"}],"author":[{"embeddable":true,"href":"http:\/\/autismancaar.ro\/ro\/wp-json\/wp\/v2\/users\/1"}],"replies":[{"embeddable":true,"href":"http:\/\/autismancaar.ro\/ro\/wp-json\/wp\/v2\/comments?post=2570"}],"version-history":[{"count":12,"href":"http:\/\/autismancaar.ro\/ro\/wp-json\/wp\/v2\/pages\/2570\/revisions"}],"predecessor-version":[{"id":2674,"href":"http:\/\/autismancaar.ro\/ro\/wp-json\/wp\/v2\/pages\/2570\/revisions\/2674"}],"up":[{"embeddable":true,"href":"http:\/\/autismancaar.ro\/ro\/wp-json\/wp\/v2\/pages\/440"}],"wp:attachment":[{"href":"http:\/\/autismancaar.ro\/ro\/wp-json\/wp\/v2\/media?parent=2570"}],"curies":[{"name":"wp","href":"https:\/\/api.w.org\/{rel}","templated":true}]}}