{"id":2798,"date":"2017-06-21T12:58:18","date_gmt":"2017-06-21T12:58:18","guid":{"rendered":"http:\/\/autismancaar.ro\/ro\/?page_id=2798"},"modified":"2017-06-21T13:09:22","modified_gmt":"2017-06-21T13:09:22","slug":"independenta-ma-pregatesc-ghidul-abordarii-terapeutice-la-persoana-cu-tsa-partea-i","status":"publish","type":"page","link":"http:\/\/autismancaar.ro\/ro\/noutati-2\/carti\/independenta-ma-pregatesc-ghidul-abordarii-terapeutice-la-persoana-cu-tsa-partea-i\/","title":{"rendered":"Independen\u021b\u0103! M\u0103 preg\u0103tesc\u2026- Ghidul abord\u0103rii terapeutice la persoana cu TSA PARTEA I"},"content":{"rendered":"<p>Ghidul prezent este un instrument de lucru \u00een procesul de continu\u0103 dezvoltare \u0219i implementare a modalit\u0103\u021bilor de interven\u021bie \u00een autism. Informa\u021biile, datele \u0219i abord\u0103rile prezentate sunt \u00een concordan\u021b\u0103 cu concluziile formulate de echipa ANCAAR, care a participat la implementarea proiectului RESPIRO. Ghidul prezint\u0103 traseul persoanelor cu TSA c\u0103tre independen\u021b\u0103 \u0219i integrare social\u0103 adaptat\u0103. Preg\u0103tirea adecvat\u0103, specific\u0103 fiec\u0103rei etape de dezvoltare prin diverse modalit\u0103\u021bi, sus\u021bine instruirea \u0219i evolu\u021bia pentru a se ajunge chiar la integrarea pe pia\u0163a liber\u0103 a muncii. Caracterul aplicabil al modelelor prezentate rezid\u0103 din flexibilitatea acestora de a r\u0103spunde la nevoile persoanelor cu TSA, de a valorifica poten\u0163ialul acestora \u015fi de a se plia pe fiecare individ \u00een func\u021bie de stadiul de dezvoltare al acestuia.<br \/>\nExperien\u021ba \u0219i multitudinea de \u00eencerc\u0103ri ne-a \u00eenv\u0103\u021bat c\u0103 trebuie doar s\u0103 \u00ee\u021bi dore\u0219ti s\u0103 participi la schimbarea \u00een bine a vie\u021bii semenului t\u0103u\u2026<\/p>\n<p><strong>Lansarea Ghidului&nbsp;<\/strong>\u201eIndependen\u021b\u0103! M\u0103 preg\u0103tesc\u2026- Ghidul abord\u0103rii terapeutice la persoana cu TSA PARTEA I\u201d s-a f\u0103cut \u00een cadrul conferin\u021bei Na\u021bionale <em>Independen\u021b\u0103!\u2026M\u0103 pregatesc, organizat\u0103 \u00een Bucure\u0219ti<\/em>, &nbsp;12-13 mai 2017 1&nbsp;\u00een Aula Bibliotecii Centrale Universitare.<\/p>\n<p>Cu ajutorul formularului de mai jos pute\u021bi comanda ghidul, care v\u0103 va fi livrat\u0103 prin po\u0219t\u0103 \u00een sistem ramburs \u00een termen de 2-3 zile lucr\u0103toare. V\u0103 rug\u0103m s\u0103 specifica\u021bi clar adresa dvs. din buletin, Codul Numeric Personal \u0219i num\u0103rul de telefon pentru a facilita ridicarea coletului. Pentru Bucure\u0219ti, cartea este livrat\u0103 personal, la domiciliu.<\/p>\n<p><strong>Comanda aici: office@autismancaar.ro, tel. 0726 207 808.<\/strong><\/p>\n<p>STOC: Produsul se afl\u0103 \u00een stoc<\/p>\n<p>PRE\u021a: 25 lei<\/p>\n<p><a href=\"http:\/\/autismancaar.ro\/ro\/wp-content\/uploads\/2017\/06\/coperta-publicatii.jpg\"><img loading=\"lazy\" decoding=\"async\" class=\"size-medium wp-image-2795 alignleft\" src=\"http:\/\/autismancaar.ro\/ro\/wp-content\/uploads\/2017\/06\/coperta-publicatii-285x300.jpg\" alt=\"\" width=\"285\" height=\"300\" srcset=\"http:\/\/autismancaar.ro\/ro\/wp-content\/uploads\/2017\/06\/coperta-publicatii-285x300.jpg 285w, http:\/\/autismancaar.ro\/ro\/wp-content\/uploads\/2017\/06\/coperta-publicatii-768x807.jpg 768w, http:\/\/autismancaar.ro\/ro\/wp-content\/uploads\/2017\/06\/coperta-publicatii.jpg 974w\" sizes=\"auto, (max-width: 285px) 100vw, 285px\" \/><\/a><\/p>\n","protected":false},"excerpt":{"rendered":"<p>Ghidul prezent este un instrument de lucru \u00een procesul de continu\u0103 dezvoltare \u0219i implementare a modalit\u0103\u021bilor de interven\u021bie \u00een autism. Informa\u021biile, datele \u0219i abord\u0103rile prezentate sunt \u00een concordan\u021b\u0103 cu concluziile formulate de echipa ANCAAR, care a participat la implementarea proiectului RESPIRO. Ghidul prezint\u0103 traseul persoanelor cu TSA c\u0103tre independen\u021b\u0103 \u0219i integrare social\u0103 adaptat\u0103. Preg\u0103tirea adecvat\u0103, [&hellip;]<\/p>\n","protected":false},"author":1,"featured_media":0,"parent":1481,"menu_order":0,"comment_status":"closed","ping_status":"closed","template":"","meta":{"ngg_post_thumbnail":0,"footnotes":""},"class_list":["post-2798","page","type-page","status-publish","hentry"],"_links":{"self":[{"href":"http:\/\/autismancaar.ro\/ro\/wp-json\/wp\/v2\/pages\/2798","targetHints":{"allow":["GET"]}}],"collection":[{"href":"http:\/\/autismancaar.ro\/ro\/wp-json\/wp\/v2\/pages"}],"about":[{"href":"http:\/\/autismancaar.ro\/ro\/wp-json\/wp\/v2\/types\/page"}],"author":[{"embeddable":true,"href":"http:\/\/autismancaar.ro\/ro\/wp-json\/wp\/v2\/users\/1"}],"replies":[{"embeddable":true,"href":"http:\/\/autismancaar.ro\/ro\/wp-json\/wp\/v2\/comments?post=2798"}],"version-history":[{"count":2,"href":"http:\/\/autismancaar.ro\/ro\/wp-json\/wp\/v2\/pages\/2798\/revisions"}],"predecessor-version":[{"id":2801,"href":"http:\/\/autismancaar.ro\/ro\/wp-json\/wp\/v2\/pages\/2798\/revisions\/2801"}],"up":[{"embeddable":true,"href":"http:\/\/autismancaar.ro\/ro\/wp-json\/wp\/v2\/pages\/1481"}],"wp:attachment":[{"href":"http:\/\/autismancaar.ro\/ro\/wp-json\/wp\/v2\/media?parent=2798"}],"curies":[{"name":"wp","href":"https:\/\/api.w.org\/{rel}","templated":true}]}}