{"id":2803,"date":"2017-06-21T13:25:08","date_gmt":"2017-06-21T13:25:08","guid":{"rendered":"http:\/\/autismancaar.ro\/ro\/?page_id=2803"},"modified":"2017-06-21T13:25:08","modified_gmt":"2017-06-21T13:25:08","slug":"pachet-complet-interventii-specifice-in-autism","status":"publish","type":"page","link":"http:\/\/autismancaar.ro\/ro\/noutati-2\/carti\/pachet-complet-interventii-specifice-in-autism\/","title":{"rendered":"Pachet complet- Interven\u021bii specifice \u00een Autism"},"content":{"rendered":"<p>Pachetul \u201dInterven\u021bii specifice \u00een Autism\u201d con\u021bine urm\u0103toarele publica\u021bii ANCAAR:<\/p>\n<ol>\n<li>Metoda Eu Sunt Special<\/li>\n<li>Autismul \u00een ani: Reflexii<\/li>\n<li>Interven\u021bia timpurie la copilul cu Autism- Modelul Denver<\/li>\n<li>Independen\u021b\u0103! M\u0103 preg\u0103tesc\u2026Ghidul abord\u0103rii terapeutice la persoana cu TSA- Partea I<\/li>\n<li>Exerci\u021bii \u0219i pove\u0219ti terapeutice \u2013 Dezvoltare personal\u0103<\/li>\n<\/ol>\n<p>STOC: \u00cen Stoc<\/p>\n<p>PRE\u021a PACHET : 250&nbsp;LEI<\/p>\n<p><img loading=\"lazy\" decoding=\"async\" class=\"alignnone wp-image-198 size-medium\" src=\"http:\/\/publicatii.autismancaar.ro\/wp-content\/uploads\/2017\/05\/banner-pachet-carti-1-300x136.jpg\" sizes=\"auto, (max-width: 300px) 100vw, 300px\" srcset=\"http:\/\/publicatii.autismancaar.ro\/wp-content\/uploads\/2017\/05\/banner-pachet-carti-1-300x136.jpg 300w, http:\/\/publicatii.autismancaar.ro\/wp-content\/uploads\/2017\/05\/banner-pachet-carti-1-768x349.jpg 768w, http:\/\/publicatii.autismancaar.ro\/wp-content\/uploads\/2017\/05\/banner-pachet-carti-1-1024x465.jpg 1024w\" alt=\"\" width=\"300\" height=\"136\"><\/p>\n","protected":false},"excerpt":{"rendered":"<p>Pachetul \u201dInterven\u021bii specifice \u00een Autism\u201d con\u021bine urm\u0103toarele publica\u021bii ANCAAR: Metoda Eu Sunt Special Autismul \u00een ani: Reflexii Interven\u021bia timpurie la copilul cu Autism- Modelul Denver Independen\u021b\u0103! M\u0103 preg\u0103tesc\u2026Ghidul abord\u0103rii terapeutice la persoana cu TSA- Partea I Exerci\u021bii \u0219i pove\u0219ti terapeutice \u2013 Dezvoltare personal\u0103 STOC: \u00cen Stoc PRE\u021a PACHET : 250&nbsp;LEI<\/p>\n","protected":false},"author":1,"featured_media":0,"parent":1481,"menu_order":0,"comment_status":"closed","ping_status":"closed","template":"","meta":{"ngg_post_thumbnail":0,"footnotes":""},"class_list":["post-2803","page","type-page","status-publish","hentry"],"_links":{"self":[{"href":"http:\/\/autismancaar.ro\/ro\/wp-json\/wp\/v2\/pages\/2803","targetHints":{"allow":["GET"]}}],"collection":[{"href":"http:\/\/autismancaar.ro\/ro\/wp-json\/wp\/v2\/pages"}],"about":[{"href":"http:\/\/autismancaar.ro\/ro\/wp-json\/wp\/v2\/types\/page"}],"author":[{"embeddable":true,"href":"http:\/\/autismancaar.ro\/ro\/wp-json\/wp\/v2\/users\/1"}],"replies":[{"embeddable":true,"href":"http:\/\/autismancaar.ro\/ro\/wp-json\/wp\/v2\/comments?post=2803"}],"version-history":[{"count":1,"href":"http:\/\/autismancaar.ro\/ro\/wp-json\/wp\/v2\/pages\/2803\/revisions"}],"predecessor-version":[{"id":2804,"href":"http:\/\/autismancaar.ro\/ro\/wp-json\/wp\/v2\/pages\/2803\/revisions\/2804"}],"up":[{"embeddable":true,"href":"http:\/\/autismancaar.ro\/ro\/wp-json\/wp\/v2\/pages\/1481"}],"wp:attachment":[{"href":"http:\/\/autismancaar.ro\/ro\/wp-json\/wp\/v2\/media?parent=2803"}],"curies":[{"name":"wp","href":"https:\/\/api.w.org\/{rel}","templated":true}]}}