{"id":300,"date":"2011-04-12T13:16:47","date_gmt":"2011-04-12T13:16:47","guid":{"rendered":"http:\/\/autismancaar.ro\/?page_id=300"},"modified":"2014-11-03T15:27:40","modified_gmt":"2014-11-03T15:27:40","slug":"descarca-materiale","status":"publish","type":"page","link":"http:\/\/autismancaar.ro\/ro\/despre-autism\/descarca-materiale\/","title":{"rendered":"Resurse online"},"content":{"rendered":"<p>Revista <strong>Hazard <strong>Autism\u00a0<\/strong><\/strong><a href=\"http:\/\/autismancaar.ro\/ro\/wp-content\/uploads\/2011\/04\/IMG_00051.pdf\">Nr. 1, iunie 2004<\/a>, <a href=\"http:\/\/autismancaar.ro\/ro\/wp-content\/uploads\/2011\/04\/IMG_00041.pdf\">Nr. 2, august 2004<\/a>, <a href=\"http:\/\/autismancaar.ro\/ro\/wp-content\/uploads\/2011\/04\/IMG_0007.pdf\">Nr. 3,\u00a0martie 2005<\/a>, <a href=\"http:\/\/autismancaar.ro\/ro\/wp-content\/uploads\/2011\/04\/coperti-HAZARD.pdf\">Nr. 4, martie 2011<\/a>, <a href=\"http:\/\/autismancaar.ro\/ro\/wp-content\/uploads\/2011\/04\/001.jpg\">Nr.5, septembrie 2011<\/a>.<\/p>\n<ul>\n<li><strong>Fisa Partile corpului <a href=\"http:\/\/www.youtube.com\/watch?v=zGMVAbHrOLY&amp;feature=plcp&amp;context=C4ce95a9VDvjVQa1PpcFNyiq6tEIUvfEH1jJoRSCCJk-mdQVbGemQ=\">aici<\/a><br \/>\n<\/strong><\/li>\n<li><strong>Fisa Emotiile <a href=\"http:\/\/www.youtube.com\/watch?v=6alO5xo-3is&amp;feature=plcp&amp;context=C4e82c65VDvjVQa1PpcFNyiq6tEIUvfP66r6E1olzMgdgchsBLVAc=\">aici<\/a>\u00a0<\/strong><\/li>\n<li><strong>Fisa Mijloace de comunicare <a href=\"http:\/\/www.youtube.com\/watch?v=P2akvkKivZE&amp;feature=context&amp;context=C4e82c65VDvjVQa1PpcFNyiq6tEIUvfP66r6E1olzMgdgchsBLVAc=\">aici<\/a><\/strong><\/li>\n<li><strong>Site \u00een limba englez\u0103 cu fi\u0219e de lucru pentru speciali\u0219ti<\/strong> (ABA, PECS etc.). <a href=\"http:\/\/www.autism-help.org\/communication-echolalia-autism.htm\">Deschide<\/a><\/li>\n<li><strong>Portalul aragonez de comunicare augmentativ\u0103 \u0219i alternativ\u0103<\/strong>&#8211; <a href=\"http:\/\/arasaac.org\/index.php\">ARASAAC<\/a> \u2013 ofer\u0103 resurse grafice \u0219i materiale pentru facilitarea comunic\u0103rii prin\u00a0 pictograme (<strong>PECS<\/strong>)\u00a0 a acelor persoane cu un anumit tip de dificultate \u00een aceast\u0103 arie. Pictogramele sunt disponibile \u0219i \u00een limba rom\u00e2n\u0103! Deschide <a href=\"http:\/\/arasaac.org\/index.php\">aici<\/a>.<\/li>\n<li><strong>Schema form\u0103rii abilit\u0103\u021bilor pe categorii de v\u00e2rst\u0103 \u00een autism<\/strong>. <a href=\"https:\/\/docs.google.com\/viewer?a=v&amp;pid=explorer&amp;chrome=true&amp;srcid=0B1DaJtXzRn91MWQ0MmQ3MWMtNGQ1NC00NzE1LWJkMzgtMzMwY2ExYzkxYmQ3\">Cite\u0219te<\/a><\/li>\n<\/ul>\n","protected":false},"excerpt":{"rendered":"<p>Revista Hazard Autism\u00a0Nr. 1, iunie 2004, Nr. 2, august 2004, Nr. 3,\u00a0martie 2005, Nr. 4, martie 2011, Nr.5, septembrie 2011. Fisa Partile corpului aici Fisa Emotiile aici\u00a0 Fisa Mijloace de comunicare aici Site \u00een limba englez\u0103 cu fi\u0219e de lucru pentru speciali\u0219ti (ABA, PECS etc.). Deschide Portalul aragonez de comunicare augmentativ\u0103 \u0219i alternativ\u0103&#8211; ARASAAC \u2013 [&hellip;]<\/p>\n","protected":false},"author":2,"featured_media":0,"parent":10,"menu_order":2,"comment_status":"open","ping_status":"closed","template":"","meta":{"ngg_post_thumbnail":0,"footnotes":""},"class_list":["post-300","page","type-page","status-publish","hentry"],"_links":{"self":[{"href":"http:\/\/autismancaar.ro\/ro\/wp-json\/wp\/v2\/pages\/300","targetHints":{"allow":["GET"]}}],"collection":[{"href":"http:\/\/autismancaar.ro\/ro\/wp-json\/wp\/v2\/pages"}],"about":[{"href":"http:\/\/autismancaar.ro\/ro\/wp-json\/wp\/v2\/types\/page"}],"author":[{"embeddable":true,"href":"http:\/\/autismancaar.ro\/ro\/wp-json\/wp\/v2\/users\/2"}],"replies":[{"embeddable":true,"href":"http:\/\/autismancaar.ro\/ro\/wp-json\/wp\/v2\/comments?post=300"}],"version-history":[{"count":2,"href":"http:\/\/autismancaar.ro\/ro\/wp-json\/wp\/v2\/pages\/300\/revisions"}],"predecessor-version":[{"id":2039,"href":"http:\/\/autismancaar.ro\/ro\/wp-json\/wp\/v2\/pages\/300\/revisions\/2039"}],"up":[{"embeddable":true,"href":"http:\/\/autismancaar.ro\/ro\/wp-json\/wp\/v2\/pages\/10"}],"wp:attachment":[{"href":"http:\/\/autismancaar.ro\/ro\/wp-json\/wp\/v2\/media?parent=300"}],"curies":[{"name":"wp","href":"https:\/\/api.w.org\/{rel}","templated":true}]}}