{"id":3043,"date":"2017-12-15T11:28:33","date_gmt":"2017-12-15T11:28:33","guid":{"rendered":"http:\/\/autismancaar.ro\/ro\/?page_id=3043"},"modified":"2017-12-15T11:47:00","modified_gmt":"2017-12-15T11:47:00","slug":"carte-omul-din-spatele-autismului","status":"publish","type":"page","link":"http:\/\/autismancaar.ro\/ro\/noutati-2\/carti\/carte-omul-din-spatele-autismului\/","title":{"rendered":"Carte &#8211; Omul din spatele autismului"},"content":{"rendered":"<p><img loading=\"lazy\" decoding=\"async\" class=\"size-medium wp-image-3044 alignleft\" src=\"http:\/\/autismancaar.ro\/ro\/wp-content\/uploads\/2017\/12\/montaj-carte-300x212.jpg\" alt=\"\" width=\"300\" height=\"212\" srcset=\"http:\/\/autismancaar.ro\/ro\/wp-content\/uploads\/2017\/12\/montaj-carte-300x212.jpg 300w, http:\/\/autismancaar.ro\/ro\/wp-content\/uploads\/2017\/12\/montaj-carte-768x543.jpg 768w, http:\/\/autismancaar.ro\/ro\/wp-content\/uploads\/2017\/12\/montaj-carte.jpg 800w\" sizes=\"auto, (max-width: 300px) 100vw, 300px\" \/><\/p>\n<p><strong>Carte &#8211; &#8222;Omul din spatele autismului&#8221;.<\/strong> ANCAAR nu a dus lips\u0103 niciodat\u0103 de viziune privind modalit\u0103\u021bile de proiectare \u0219i implementare a nevoilor persoanelor din Spectrul Autist, indiferent de v\u00e2rsta acestora.<\/p>\n<p>Am pornit \u00eenc\u0103 din 1991 cu o viziune asupra proiectelor ce urma s\u0103 le desf\u0103\u0219uram. Din lipsa spa\u021biilor proprii de desf\u0103\u0219urare a unor servicii sociale adecvate, din p\u0103cate ANCAAR&nbsp; nu a putut implementa aceste proiecte.<\/p>\n<p>Astfel, Campania \u201dOmul din spatele autismului\u201d, prin activit\u0103\u021bi, contribuie pies\u0103 cu pies\u0103, la conturarea tabloului societ\u0103\u021bii incluzive \u0219i reziliente, o normalitate de mult dorit\u0103!<\/p>\n<p>Georgeta Cri\u0219u \u0219i Andreea Ognean<\/p>\n<p>Acesta lucrare este dedicat\u0103 persoanelor cu TSA \u0219i tuturor celor interesa\u021bi de domeniu; acelora c\u0103rora integrarea social\u0103 reprezint\u0103 un scop, o realitate.<\/p>\n<p><strong>COMAND\u0102<\/strong>: Cartea poate fi trimis\u0103 prin po\u0219t\u0103\/curier rapid, cu plata la ridicarea coletului, \u00een urma solicit\u0103rii dvs trimis\u0103 pe adresa de e-mail: office@autismancaar.ro. V\u0103 rug\u0103m s\u0103 specifica\u021bi clar adresa dumneavoastr\u0103, CNP-ul \u0219i num\u0103rul de telefon pentru a facilita ridicarea coletului.<\/p>\n","protected":false},"excerpt":{"rendered":"<p>Carte &#8211; &#8222;Omul din spatele autismului&#8221;. ANCAAR nu a dus lips\u0103 niciodat\u0103 de viziune privind modalit\u0103\u021bile de proiectare \u0219i implementare a nevoilor persoanelor din Spectrul Autist, indiferent de v\u00e2rsta acestora. Am pornit \u00eenc\u0103 din 1991 cu o viziune asupra proiectelor ce urma s\u0103 le desf\u0103\u0219uram. Din lipsa spa\u021biilor proprii de desf\u0103\u0219urare a unor servicii sociale [&hellip;]<\/p>\n","protected":false},"author":1,"featured_media":0,"parent":1481,"menu_order":0,"comment_status":"closed","ping_status":"closed","template":"","meta":{"ngg_post_thumbnail":0,"footnotes":""},"class_list":["post-3043","page","type-page","status-publish","hentry"],"_links":{"self":[{"href":"http:\/\/autismancaar.ro\/ro\/wp-json\/wp\/v2\/pages\/3043","targetHints":{"allow":["GET"]}}],"collection":[{"href":"http:\/\/autismancaar.ro\/ro\/wp-json\/wp\/v2\/pages"}],"about":[{"href":"http:\/\/autismancaar.ro\/ro\/wp-json\/wp\/v2\/types\/page"}],"author":[{"embeddable":true,"href":"http:\/\/autismancaar.ro\/ro\/wp-json\/wp\/v2\/users\/1"}],"replies":[{"embeddable":true,"href":"http:\/\/autismancaar.ro\/ro\/wp-json\/wp\/v2\/comments?post=3043"}],"version-history":[{"count":3,"href":"http:\/\/autismancaar.ro\/ro\/wp-json\/wp\/v2\/pages\/3043\/revisions"}],"predecessor-version":[{"id":3049,"href":"http:\/\/autismancaar.ro\/ro\/wp-json\/wp\/v2\/pages\/3043\/revisions\/3049"}],"up":[{"embeddable":true,"href":"http:\/\/autismancaar.ro\/ro\/wp-json\/wp\/v2\/pages\/1481"}],"wp:attachment":[{"href":"http:\/\/autismancaar.ro\/ro\/wp-json\/wp\/v2\/media?parent=3043"}],"curies":[{"name":"wp","href":"https:\/\/api.w.org\/{rel}","templated":true}]}}