{"id":3280,"date":"2018-06-21T08:00:29","date_gmt":"2018-06-21T08:00:29","guid":{"rendered":"http:\/\/autismancaar.ro\/ro\/?page_id=3280"},"modified":"2018-06-21T08:00:29","modified_gmt":"2018-06-21T08:00:29","slug":"independenta-ma-pregatesc-ghidul-abordarii-terapeutice-la-persoana-cu-tsa-partea-a-ii-a","status":"publish","type":"page","link":"http:\/\/autismancaar.ro\/ro\/noutati-2\/carti\/independenta-ma-pregatesc-ghidul-abordarii-terapeutice-la-persoana-cu-tsa-partea-a-ii-a\/","title":{"rendered":"Independen\u021b\u0103! M\u0103 preg\u0103tesc&#8230; \u2013 Ghidul abord\u0103rii terapeutice la persoana cu TSA PARTEA a II-a"},"content":{"rendered":"<p><img loading=\"lazy\" decoding=\"async\" class=\"alignleft size-medium wp-image-3276\" src=\"http:\/\/autismancaar.ro\/ro\/wp-content\/uploads\/2018\/06\/carte_independenta_ma_pregatesc-212x300.jpg\" alt=\"\" width=\"212\" height=\"300\" srcset=\"http:\/\/autismancaar.ro\/ro\/wp-content\/uploads\/2018\/06\/carte_independenta_ma_pregatesc-212x300.jpg 212w, http:\/\/autismancaar.ro\/ro\/wp-content\/uploads\/2018\/06\/carte_independenta_ma_pregatesc.jpg 502w\" sizes=\"auto, (max-width: 212px) 100vw, 212px\" \/>Ghidul prezent este un instrument de lucru \u00een procesul de continu\u0103 dezvoltare \u0219i implementare a modalit\u0103\u021bilor de interven\u021bie \u00een autism. Informa\u021biile, datele \u0219i abord\u0103rile prezentate sunt \u00een concordan\u021b\u0103 cu concluziile formulate de echipa ANCAAR, care a participat la implementarea proiectului RESPIRO. Ghidul prezint\u0103 traseul persoanelor cu TSA c\u0103tre independen\u021b\u0103 \u0219i integrare social\u0103 adaptat\u0103. Preg\u0103tirea adecvat\u0103, specific\u0103 fiec\u0103rei etape de dezvoltare prin diverse modalit\u0103\u021bi, sus\u021bine instruirea \u0219i evolu\u021bia pentru a se ajunge chiar la integrarea pe pia\u0163a liber\u0103 a muncii. Caracterul aplicabil al modelelor prezentate rezid\u0103 din flexibilitatea acestora de a r\u0103spunde la nevoile persoanelor cu TSA, de a valorifica poten\u0163ialul acestora \u015fi de a se plia pe fiecare individ \u00een func\u021bie de stadiul de dezvoltare al acestuia.<\/p>\n<p>Experien\u021ba \u0219i multitudinea de \u00eencerc\u0103ri ne-a \u00eenv\u0103\u021bat c\u0103 trebuie doar s\u0103 \u00ee\u021bi dore\u0219ti s\u0103 participi la schimbarea \u00een bine a vie\u021bii semenului t\u0103u\u2026<\/p>\n<p><strong>PRE\u021a: 35 RON<\/strong><\/p>\n<p><strong>COMAND\u0102<\/strong>: Cartea poate fi trimis\u0103 prin po\u0219t\u0103\/curier rapid, cu plata la ridicarea coletului, \u00een urma solicit\u0103rii dvs trimis\u0103 pe adresa de e-mail: office@autismancaar.ro.<\/p>\n","protected":false},"excerpt":{"rendered":"<p>Ghidul prezent este un instrument de lucru \u00een procesul de continu\u0103 dezvoltare \u0219i implementare a modalit\u0103\u021bilor de interven\u021bie \u00een autism. Informa\u021biile, datele \u0219i abord\u0103rile prezentate sunt \u00een concordan\u021b\u0103 cu concluziile formulate de echipa ANCAAR, care a participat la implementarea proiectului RESPIRO. Ghidul prezint\u0103 traseul persoanelor cu TSA c\u0103tre independen\u021b\u0103 \u0219i integrare social\u0103 adaptat\u0103. Preg\u0103tirea adecvat\u0103, [&hellip;]<\/p>\n","protected":false},"author":1,"featured_media":0,"parent":1481,"menu_order":0,"comment_status":"closed","ping_status":"closed","template":"","meta":{"ngg_post_thumbnail":0,"footnotes":""},"class_list":["post-3280","page","type-page","status-publish","hentry"],"_links":{"self":[{"href":"http:\/\/autismancaar.ro\/ro\/wp-json\/wp\/v2\/pages\/3280","targetHints":{"allow":["GET"]}}],"collection":[{"href":"http:\/\/autismancaar.ro\/ro\/wp-json\/wp\/v2\/pages"}],"about":[{"href":"http:\/\/autismancaar.ro\/ro\/wp-json\/wp\/v2\/types\/page"}],"author":[{"embeddable":true,"href":"http:\/\/autismancaar.ro\/ro\/wp-json\/wp\/v2\/users\/1"}],"replies":[{"embeddable":true,"href":"http:\/\/autismancaar.ro\/ro\/wp-json\/wp\/v2\/comments?post=3280"}],"version-history":[{"count":1,"href":"http:\/\/autismancaar.ro\/ro\/wp-json\/wp\/v2\/pages\/3280\/revisions"}],"predecessor-version":[{"id":3281,"href":"http:\/\/autismancaar.ro\/ro\/wp-json\/wp\/v2\/pages\/3280\/revisions\/3281"}],"up":[{"embeddable":true,"href":"http:\/\/autismancaar.ro\/ro\/wp-json\/wp\/v2\/pages\/1481"}],"wp:attachment":[{"href":"http:\/\/autismancaar.ro\/ro\/wp-json\/wp\/v2\/media?parent=3280"}],"curies":[{"name":"wp","href":"https:\/\/api.w.org\/{rel}","templated":true}]}}