{"id":3397,"date":"2019-05-27T12:14:33","date_gmt":"2019-05-27T12:14:33","guid":{"rendered":"http:\/\/autismancaar.ro\/ro\/?page_id=3397"},"modified":"2019-06-03T06:09:58","modified_gmt":"2019-06-03T06:09:58","slug":"sistemul-de-intervetie-terapeutica-in-autism-crisu","status":"publish","type":"page","link":"http:\/\/autismancaar.ro\/ro\/noutati-2\/carti\/sistemul-de-intervetie-terapeutica-in-autism-crisu\/","title":{"rendered":"Sistemul de Interven\u021bie Terapeutic\u0103 \u00een Autism Cri\u0219u"},"content":{"rendered":"<p><a href=\"http:\/\/autismancaar.ro\/ro\/wp-content\/uploads\/2019\/05\/Sistemul-de-Intervetie-Terapeutica-in-Autism-Crisu.jpg\"><img loading=\"lazy\" decoding=\"async\" class=\"alignleft size-medium wp-image-3398\" src=\"http:\/\/autismancaar.ro\/ro\/wp-content\/uploads\/2019\/05\/Sistemul-de-Intervetie-Terapeutica-in-Autism-Crisu-300x191.jpg\" alt=\"\" width=\"300\" height=\"191\" srcset=\"http:\/\/autismancaar.ro\/ro\/wp-content\/uploads\/2019\/05\/Sistemul-de-Intervetie-Terapeutica-in-Autism-Crisu-300x191.jpg 300w, http:\/\/autismancaar.ro\/ro\/wp-content\/uploads\/2019\/05\/Sistemul-de-Intervetie-Terapeutica-in-Autism-Crisu-768x490.jpg 768w, http:\/\/autismancaar.ro\/ro\/wp-content\/uploads\/2019\/05\/Sistemul-de-Intervetie-Terapeutica-in-Autism-Crisu.jpg 960w\" sizes=\"auto, (max-width: 300px) 100vw, 300px\" \/><\/a>\u201eSistemul de interven\u021bie terapeutic\u0103 Cri\u0219u&#8221; presupune un nivel superior de formare al unui specialist. Este complexitatea g\u00e2ndirii unui om-terapeut, structurat\u0103 pe direc\u021bii concrete, fixe. Este rezultat\u0103 din motiva\u021bia personal\u0103 de a atinge obiective g\u00e2ndite a fi importante pentru o persoan\u0103 din spectru, pentru dezvoltarea acesteia \u0219i func\u021bionarea ei \u00een mediul social. Este capacitatea select\u0103rii eficiente \u0219i a combin\u0103rii optime a metodelor de interven\u021bie terapeutic\u0103 pentru a ob\u021bine progresul persoanei cu TSA. Este dezvoltare personal\u0103 pentru cel ce dore\u0219te s\u0103 cunoasc\u0103 \u0219i\/sau s\u0103 aprofundeze acest domeniu&#8230;<\/p>\n<p>Georgeta Cri\u0219u \u0219i Andreea Ognean<br \/>\nPre\u021b 60 RON<\/p>\n<p><strong>COMAND\u0102<\/strong>: Cartea poate fi trimis\u0103 prin po\u0219t\u0103\/curier rapid, cu plata la ridicarea coletului, \u00een urma solicit\u0103rii dvs trimis\u0103 pe adresa de e-mail: office@autismancaar.ro.<\/p>\n","protected":false},"excerpt":{"rendered":"<p>\u201eSistemul de interven\u021bie terapeutic\u0103 Cri\u0219u&#8221; presupune un nivel superior de formare al unui specialist. Este complexitatea g\u00e2ndirii unui om-terapeut, structurat\u0103 pe direc\u021bii concrete, fixe. Este rezultat\u0103 din motiva\u021bia personal\u0103 de a atinge obiective g\u00e2ndite a fi importante pentru o persoan\u0103 din spectru, pentru dezvoltarea acesteia \u0219i func\u021bionarea ei \u00een mediul social. Este capacitatea select\u0103rii eficiente [&hellip;]<\/p>\n","protected":false},"author":1,"featured_media":0,"parent":1481,"menu_order":0,"comment_status":"closed","ping_status":"closed","template":"","meta":{"ngg_post_thumbnail":0,"footnotes":""},"class_list":["post-3397","page","type-page","status-publish","hentry"],"_links":{"self":[{"href":"http:\/\/autismancaar.ro\/ro\/wp-json\/wp\/v2\/pages\/3397","targetHints":{"allow":["GET"]}}],"collection":[{"href":"http:\/\/autismancaar.ro\/ro\/wp-json\/wp\/v2\/pages"}],"about":[{"href":"http:\/\/autismancaar.ro\/ro\/wp-json\/wp\/v2\/types\/page"}],"author":[{"embeddable":true,"href":"http:\/\/autismancaar.ro\/ro\/wp-json\/wp\/v2\/users\/1"}],"replies":[{"embeddable":true,"href":"http:\/\/autismancaar.ro\/ro\/wp-json\/wp\/v2\/comments?post=3397"}],"version-history":[{"count":2,"href":"http:\/\/autismancaar.ro\/ro\/wp-json\/wp\/v2\/pages\/3397\/revisions"}],"predecessor-version":[{"id":3504,"href":"http:\/\/autismancaar.ro\/ro\/wp-json\/wp\/v2\/pages\/3397\/revisions\/3504"}],"up":[{"embeddable":true,"href":"http:\/\/autismancaar.ro\/ro\/wp-json\/wp\/v2\/pages\/1481"}],"wp:attachment":[{"href":"http:\/\/autismancaar.ro\/ro\/wp-json\/wp\/v2\/media?parent=3397"}],"curies":[{"name":"wp","href":"https:\/\/api.w.org\/{rel}","templated":true}]}}