{"id":3515,"date":"2019-08-06T10:52:42","date_gmt":"2019-08-06T10:52:42","guid":{"rendered":"http:\/\/autismancaar.ro\/ro\/?page_id=3515"},"modified":"2019-08-06T10:52:42","modified_gmt":"2019-08-06T10:52:42","slug":"florar-decorator","status":"publish","type":"page","link":"http:\/\/autismancaar.ro\/ro\/noutati-2\/cursuri\/florar-decorator\/","title":{"rendered":"Florar \u2013 Decorator"},"content":{"rendered":"<p><strong>Program de formare tip ini\u021biere<\/strong><\/p>\n<p><strong>Florar \u2013 Decorator<\/strong><strong>, cod COR 611203<\/strong><\/p>\n<p>Cursul Florar-Decorator este un curs acreditat ANC (COR 611203)- curs autism friendly. Acesta se adreseaz\u0103 persoanelor de toate v\u00e2rstele, at\u00e2t tipice, c\u00e2t \u0219i din spectrul autist care doresc s\u0103 capete cuno\u0219tin\u021be valoroase pentru a profesa \u00een domeniul decora\u021biilor florale.<\/p>\n<p>Asocia\u0163ia Na\u0163ional\u0103 pentru Copii \u015fi Adul\u0163i cu Autism din Rom\u00e2nia organizeaz\u0103 cursul de ini\u021biere\u201d Florar-decorator\u201d, curs acreditat ANC, cod COR 611203. Structura cursului \u0219i caracterul s\u0103u interactiv sunt menite a implica cursantul \u00een procesul de predare \u0219i a genera experien\u021be proprii.<\/p>\n<p>Echipa de formatori a ANCAAR preg\u0103te\u0219te participan\u021bii la curs, la standarde \u00eenalte, folosind tehnici inovatoare de predare.<\/p>\n<p><strong>OBIECTIVELE EXPRIMATE \u00ceN COMPETEN\u0162E PROFESIONALE<\/strong> (conform cu standardele de preg\u0103tire profesional\u0103) sunt:<\/p>\n<ol>\n<li>Preg\u0103tirea florilor t\u0103iate \u015fi a materialului vegetal pentru comercializare<\/li>\n<li>Realizarea aranjamentelor florale<\/li>\n<li>Valorificarea florilor \u015fi a aranjamentelor florale<\/li>\n<\/ol>\n<p><strong>DURATA DE PREG\u0102TIRE<\/strong> = 60 ore care sunt structurate astfel<\/p>\n<ol>\n<li>a) pentru preg\u0103tire teoretic\u0103 = 20 ore<\/li>\n<li>b) pentru preg\u0103tire practic\u0103 = 40 ore<\/li>\n<\/ol>\n<p>Cursul se adreseaz\u0103 persoanelor cu \u00eenv\u0103\u021b\u0103m\u00e2nt general minim obligatoriu (minim zece clase) care doresc s\u0103 lucreze \u00een domeniul decora\u021biunilor florale. De asemenea, acesta este structurat astfel \u00eenc\u00e2t poate fi parcurs at\u00e2t de persoanele tipice, c\u00e2t \u0219i de cele diagnosticate cu Tulburare de Spectru Autist (ce vor putea s\u0103 se \u00eenscrie dup\u0103 efectuarea unei evalu\u0103ri \u00een prealabil).&nbsp;<\/p>\n<p>Echipa de traineri cuprinde speciali\u0219ti din domeniu- florar decorator, lucr\u0103tor prin arte combinate, psiholog.&nbsp;<\/p>\n<p><strong>CONDI\u021aII DE ACCES:<\/strong><\/p>\n<p>Preg\u0103tirea general\u0103 minim\u0103 pentru \u00eenscrierea la acest program este absolvirea \u00eenv\u0103\u021b\u0103m\u00e2ntului general minim obligatoriu (minim zece clase). \u00cen cazul persoanelor cu Tulburare de Spectru Autist, este necesar\u0103 o evaluare.<\/p>\n<p><strong>FINALIZAREA FORM\u0102RII<\/strong> va fi efectuat\u0103 printr-un examen ce const\u0103 \u00een preg\u0103tirea unui proiect floral \u0219i un test gril\u0103.<\/p>\n<p><strong>COMISIA DE EXAMINARE <\/strong>este format\u0103 din evaluatori ANC \u0219i ANCAAR.<\/p>\n<p><strong>TAXA DE PARTICIPARE <\/strong>este 1000 RON\/cursant, care include suportul de curs, materialele necesare form\u0103rii \u0219i protocolul pauzelor de cafea.<\/p>\n<p>Pentru<strong>&nbsp;\u00eenscriere sunt necesare:&nbsp;<\/strong>o<strong>&nbsp;<\/strong>copie dup\u0103 cartea de identitate, certificatul de na\u015ftere, certificat de c\u0103s\u0103torie (dup\u0103 caz), ultima diplom\u0103 de studii \u015fi&nbsp;<strong>obligatoriu<\/strong>&nbsp;<strong>plata unui avans de minim 200 de RON<\/strong>.<\/p>\n<p><strong>Avansul se achit\u0103 \u00een contul ANCAAR, cod fiscal 13342650, cu men\u021biunea Avans Curs Decorator Florar <\/strong><\/p>\n<p><strong>IBAN&nbsp;RO 16 RNCB 0072 0497 1426 &nbsp;0001 , deschis la BCR, Sector 1<\/strong><\/p>\n<p><strong>&nbsp;Pentru informa\u021bii<\/strong>:<\/p>\n<p><strong>ANCAAR: tel. 0773 360 741, 0773 360 744<\/strong><\/p>\n<p><strong>E- mail&nbsp;<a href=\"mailto:office@autismancaar.ro\">office@autismancaar.ro<\/a><\/strong><\/p>\n<p><a href=\"http:\/\/autismancaar.ro\/ro\/wp-content\/uploads\/2019\/08\/Decorator-florar.png\"><img loading=\"lazy\" decoding=\"async\" class=\"aligncenter wp-image-3517\" src=\"http:\/\/autismancaar.ro\/ro\/wp-content\/uploads\/2019\/08\/Decorator-florar.png\" alt=\"\" width=\"600\" height=\"291\" srcset=\"http:\/\/autismancaar.ro\/ro\/wp-content\/uploads\/2019\/08\/Decorator-florar.png 900w, http:\/\/autismancaar.ro\/ro\/wp-content\/uploads\/2019\/08\/Decorator-florar-300x146.png 300w, http:\/\/autismancaar.ro\/ro\/wp-content\/uploads\/2019\/08\/Decorator-florar-768x373.png 768w\" sizes=\"auto, (max-width: 600px) 100vw, 600px\" \/><\/a><\/p>\n","protected":false},"excerpt":{"rendered":"<p>Program de formare tip ini\u021biere Florar \u2013 Decorator, cod COR 611203 Cursul Florar-Decorator este un curs acreditat ANC (COR 611203)- curs autism friendly. Acesta se adreseaz\u0103 persoanelor de toate v\u00e2rstele, at\u00e2t tipice, c\u00e2t \u0219i din spectrul autist care doresc s\u0103 capete cuno\u0219tin\u021be valoroase pentru a profesa \u00een domeniul decora\u021biilor florale. Asocia\u0163ia Na\u0163ional\u0103 pentru Copii \u015fi [&hellip;]<\/p>\n","protected":false},"author":1,"featured_media":0,"parent":1115,"menu_order":0,"comment_status":"closed","ping_status":"closed","template":"","meta":{"ngg_post_thumbnail":0,"footnotes":""},"class_list":["post-3515","page","type-page","status-publish","hentry"],"_links":{"self":[{"href":"http:\/\/autismancaar.ro\/ro\/wp-json\/wp\/v2\/pages\/3515","targetHints":{"allow":["GET"]}}],"collection":[{"href":"http:\/\/autismancaar.ro\/ro\/wp-json\/wp\/v2\/pages"}],"about":[{"href":"http:\/\/autismancaar.ro\/ro\/wp-json\/wp\/v2\/types\/page"}],"author":[{"embeddable":true,"href":"http:\/\/autismancaar.ro\/ro\/wp-json\/wp\/v2\/users\/1"}],"replies":[{"embeddable":true,"href":"http:\/\/autismancaar.ro\/ro\/wp-json\/wp\/v2\/comments?post=3515"}],"version-history":[{"count":2,"href":"http:\/\/autismancaar.ro\/ro\/wp-json\/wp\/v2\/pages\/3515\/revisions"}],"predecessor-version":[{"id":3518,"href":"http:\/\/autismancaar.ro\/ro\/wp-json\/wp\/v2\/pages\/3515\/revisions\/3518"}],"up":[{"embeddable":true,"href":"http:\/\/autismancaar.ro\/ro\/wp-json\/wp\/v2\/pages\/1115"}],"wp:attachment":[{"href":"http:\/\/autismancaar.ro\/ro\/wp-json\/wp\/v2\/media?parent=3515"}],"curies":[{"name":"wp","href":"https:\/\/api.w.org\/{rel}","templated":true}]}}