{"id":3520,"date":"2019-08-06T10:57:40","date_gmt":"2019-08-06T10:57:40","guid":{"rendered":"http:\/\/autismancaar.ro\/ro\/?page_id=3520"},"modified":"2019-08-06T10:57:40","modified_gmt":"2019-08-06T10:57:40","slug":"consilier-vocational","status":"publish","type":"page","link":"http:\/\/autismancaar.ro\/ro\/noutati-2\/cursuri\/consilier-vocational\/","title":{"rendered":"Consilier Voca\u021bional"},"content":{"rendered":"<p><strong>Program de formare tip specializare<\/strong><\/p>\n<p><strong>Consilier Voca<\/strong><strong>\u021bional, cod COR: 242315<\/strong><\/p>\n<p>&nbsp;\u201e<strong>Consilierul vocational<\/strong> este specialistul care ofer\u0103 servicii sociale de evaluare voca\u0163ional\u0103, orientare profesional\u0103 \u0219i sus\u021binere motiva\u0163ional\u0103 \u00een vederea dezvolt\u0103rii autonomiei personale. Consilierea voca\u0163ional\u0103 reprezint\u0103 un proces de lung\u0103 durat\u0103, continuu, pe parcursul c\u0103ruia evaluarea voca\u0163ional\u0103, orientarea profesional\u0103, identificarea unui loc de munc\u0103, angajarea, sus\u0163inerea post angajare constituie etape cadru \u00een dezvoltarea deprinderilor de via\u0163\u0103 independent\u0103, de autonomie \u015fi dezvoltare socio-profesional\u0103, \u00een sensul \u00eemplinirii voca\u0163iei personale.\u201d (<strong>Extras din Standardul Ocupa\u021bional)<\/strong><\/p>\n<p><strong>Consilierul Voca\u021bional<\/strong> \u00ee\u0219i desf\u0103\u0219oar\u0103 activitatea individual, ca persoan\u0103 fizic\u0103 autorizat\u0103 sau \u00een cadrul institu\u021biilor publice sau private, Direc\u021biei Generale de Asisten\u021b\u0103 Social\u0103, Agen\u021biilor de Ocupare a For\u021bei de Munc\u0103 etc \u0219i a organiza\u021biilor neguvernamentale care au obiect de activitate integrarea socio-profesional\u0103 a beneficiarilor.<\/p>\n<p>ANCAAR va prezenta acest curs focusat pe beneficiarii cu <strong>Tulburare de Spectru Autist, integrarea socio-profesional\u0103 a acestora fiind una de maxim\u0103 necesitate.<\/strong><\/p>\n<p>Participan\u021bii la acest curs vor dob\u00e2ndi competen\u021be \u00een:<\/p>\n<ol>\n<li>Cunoa\u0219terea \u0219i dezvoltarea sistemului de comunicare specific beneficiarului din spectru autist;<\/li>\n<li>Crearea \u0219i men\u021binerea unei rela\u021bii cu beneficiarul din spectru;<\/li>\n<li>Planificarea activit\u0103\u021bilor care vor fi desf\u0103\u0219urate \u00eempreun\u0103 cu beneficiarul din spectru;<\/li>\n<li>Tehnici, metode \u0219i activit\u0103\u021bi specifice de evaluare voca\u021bional\u0103.<\/li>\n<li>No\u021biuni, tehnici \u0219i activit\u0103\u021bi specifice de orientare profesional\u0103.<\/li>\n<li>Oferirea suportului necesar persoanei cu TSA pentru a reu\u0219i construirea unei rela\u021bii cu un poten\u021bial angajator din pia\u021ba muncii.<\/li>\n<li>Consilierea persoanei cu TSA post angajare.<\/li>\n<li>Elemente de etic\u0103 \u015fi deontologie privind profesia de&nbsp;consilier. Cadrul moral de exercitare a profesiunii de consilier (norme \u015fi reguli).<\/li>\n<\/ol>\n<p><strong>Condi\u021bii de acces:<\/strong><\/p>\n<p>Preg\u0103tirea general\u0103 minim\u0103 pentru \u00eenscrierea la acest program este : studii superioare- licen\u021bia\u021bi \u00een \u0219tiin\u021be socio-umane, asisten\u021b\u0103 social\u0103, \u0219tiin\u021bele educa\u021biei, psihologie, psihopedagogie, drept \u0219i\/ sau studii de masterat \u00een domeniul \u0219tiin\u021belor socio-umane.<\/p>\n<p><strong>Durata de desf\u0103\u0219urare<\/strong> este de 60 ore (20 de teorie \u0219i 40 de practic\u0103).<\/p>\n<p><strong>Finalizarea form\u0103rii<\/strong> va fi efectuat\u0103 printr-un examen ce const\u0103 \u00een preg\u0103tirea \u0219i sus\u021binerea unui proiect scris \u0219i un test gril\u0103.<\/p>\n<p><strong>Comisia de examinare<\/strong> este format\u0103 din evaluatori ANC \u0219i ANCAAR.<\/p>\n<p><strong>Taxa de participare<\/strong>&nbsp;este 1200 RON\/cursant, care include suportul de curs, coaching pentru interven\u021bia pe cazuistic\u0103 \u0219i protocolul pauzelor de cafea.<\/p>\n<p>Pentru<strong>&nbsp;\u00eenscriere sunt necesare:&nbsp;<\/strong>o<strong>&nbsp;<\/strong>copie dup\u0103 cartea de identitate, certificatul de na\u015ftere, certificat de c\u0103s\u0103torie (dup\u0103 caz), ultima diplom\u0103 de studii \u015fi&nbsp;<strong>obligatoriu<\/strong>&nbsp;<strong>plata unui avans de minim 200 de RON<\/strong>.<\/p>\n<p><strong>Avansul se achit\u0103 \u00een contul ANCAAR, cod fiscal 13342650,<\/strong><\/p>\n<p><strong>IBAN&nbsp;RO 16 RNCB 0072 0497 1426 &nbsp;0001 , deschis la BCR, Sector 1<\/strong><\/p>\n<p><strong>&nbsp;Pentru informa\u021bii<\/strong>:<\/p>\n<p><strong>ANCAAR: tel. 0773 360 741, 0773 360 744<\/strong><\/p>\n<p><strong>E- mail&nbsp;<a href=\"mailto:office@autismancaar.ro\">office@autismancaar.ro<\/a><\/strong><\/p>\n<p><a href=\"http:\/\/autismancaar.ro\/ro\/wp-content\/uploads\/2019\/08\/afis-consilier-vocational-.jpg\"><img loading=\"lazy\" decoding=\"async\" class=\"aligncenter wp-image-3522\" src=\"http:\/\/autismancaar.ro\/ro\/wp-content\/uploads\/2019\/08\/afis-consilier-vocational-.jpg\" alt=\"\" width=\"600\" height=\"361\" srcset=\"http:\/\/autismancaar.ro\/ro\/wp-content\/uploads\/2019\/08\/afis-consilier-vocational-.jpg 900w, http:\/\/autismancaar.ro\/ro\/wp-content\/uploads\/2019\/08\/afis-consilier-vocational--300x180.jpg 300w, http:\/\/autismancaar.ro\/ro\/wp-content\/uploads\/2019\/08\/afis-consilier-vocational--768x462.jpg 768w\" sizes=\"auto, (max-width: 600px) 100vw, 600px\" \/><\/a><\/p>\n","protected":false},"excerpt":{"rendered":"<p>Program de formare tip specializare Consilier Voca\u021bional, cod COR: 242315 &nbsp;\u201eConsilierul vocational este specialistul care ofer\u0103 servicii sociale de evaluare voca\u0163ional\u0103, orientare profesional\u0103 \u0219i sus\u021binere motiva\u0163ional\u0103 \u00een vederea dezvolt\u0103rii autonomiei personale. Consilierea voca\u0163ional\u0103 reprezint\u0103 un proces de lung\u0103 durat\u0103, continuu, pe parcursul c\u0103ruia evaluarea voca\u0163ional\u0103, orientarea profesional\u0103, identificarea unui loc de munc\u0103, angajarea, sus\u0163inerea post [&hellip;]<\/p>\n","protected":false},"author":1,"featured_media":0,"parent":1115,"menu_order":0,"comment_status":"closed","ping_status":"closed","template":"","meta":{"ngg_post_thumbnail":0,"footnotes":""},"class_list":["post-3520","page","type-page","status-publish","hentry"],"_links":{"self":[{"href":"http:\/\/autismancaar.ro\/ro\/wp-json\/wp\/v2\/pages\/3520","targetHints":{"allow":["GET"]}}],"collection":[{"href":"http:\/\/autismancaar.ro\/ro\/wp-json\/wp\/v2\/pages"}],"about":[{"href":"http:\/\/autismancaar.ro\/ro\/wp-json\/wp\/v2\/types\/page"}],"author":[{"embeddable":true,"href":"http:\/\/autismancaar.ro\/ro\/wp-json\/wp\/v2\/users\/1"}],"replies":[{"embeddable":true,"href":"http:\/\/autismancaar.ro\/ro\/wp-json\/wp\/v2\/comments?post=3520"}],"version-history":[{"count":2,"href":"http:\/\/autismancaar.ro\/ro\/wp-json\/wp\/v2\/pages\/3520\/revisions"}],"predecessor-version":[{"id":3523,"href":"http:\/\/autismancaar.ro\/ro\/wp-json\/wp\/v2\/pages\/3520\/revisions\/3523"}],"up":[{"embeddable":true,"href":"http:\/\/autismancaar.ro\/ro\/wp-json\/wp\/v2\/pages\/1115"}],"wp:attachment":[{"href":"http:\/\/autismancaar.ro\/ro\/wp-json\/wp\/v2\/media?parent=3520"}],"curies":[{"name":"wp","href":"https:\/\/api.w.org\/{rel}","templated":true}]}}