{"id":3591,"date":"2021-03-16T12:56:18","date_gmt":"2021-03-16T12:56:18","guid":{"rendered":"http:\/\/autismancaar.ro\/ro\/?page_id=3591"},"modified":"2021-03-16T12:57:12","modified_gmt":"2021-03-16T12:57:12","slug":"curs-de-calificare-lucrator-social","status":"publish","type":"page","link":"http:\/\/autismancaar.ro\/ro\/noutati-2\/cursuri\/curs-de-calificare-lucrator-social\/","title":{"rendered":"Curs de calificare Lucr\u0103tor Social"},"content":{"rendered":"<p>Asocia\u0163ia Na\u0163ional\u0103 pentru Copii \u015fi Adul\u0163i cu Autism din Rom\u00e2nia organizeaz\u0103 cursul de ini\u021biere \u201cLucr\u0103tor social\u201d curs acreditat ANC, cod nomenclator 5139.2.2. Structura cursului \u0219i caracterul s\u0103u interactiv sunt menite a implica cursantul \u00een procesul de predare \u0219i a genera experien\u021be proprii.<br \/>\nEchipa de formatori a ANCAAR preg\u0103te\u0219te participan\u021bii la curs, la standarde \u00eenalte, folosind tehnici inovatoare de predare. De asemenea, ANCAAR va prezenta acest curs \u00eenglob\u00e2nd experien\u021ba dob\u00e2ndit\u0103 \u00een terapia persoanelor Tulburare de Spectru Autist, integrarea socio-profesional\u0103 a acestora fiind una de maxim\u0103 necesitate.<br \/>\n<a href=\"http:\/\/autismancaar.ro\/ro\/wp-content\/uploads\/2021\/03\/afis-Lucrator-Social-scaled.jpg\"><img loading=\"lazy\" decoding=\"async\" class=\"alignleft wp-image-3595\" src=\"http:\/\/autismancaar.ro\/ro\/wp-content\/uploads\/2021\/03\/afis-Lucrator-Social-scaled.jpg\" alt=\"\" width=\"178\" height=\"250\"><\/a>Lucr\u0103torul social este persoana calificat\u0103 a c\u0103rei interven\u0163ie este reg\u0103sit\u0103 \u00een sectorul urm\u0103toarelor servicii: Centre de zi pentru copii\/adul\u021bi, Centre de zi pentru copii\/adul\u021bi cu dizabilit\u0103\u021bi, Centre reziden\u0163iale pentru copii\/ copii cu dizabilit\u0103\u0163i, Centre de recuperare\/reabilitare pentru adul\u021bi, Servicii de tip reziden\u0163ial pentru copii\/adul\u021bi, Servicii de tip reziden\u0163ial pentru copii\/adul\u021bi cu dizabilit\u0103\u021bi.<br \/>\nPrincipalele activit\u0103\u0163i pe care trebuie s\u0103 le desf\u0103\u015foare lucr\u0103torul social sunt: desf\u0103\u015furarea activit\u0103\u0163ilor prev\u0103zute \u00een planul de interven\u0163ie, identificarea cauzelor de risc la nivel comunitar \u015fi identificarea situa\u0163iilor de risc pentru beneficiar, sus\u0163inerea beneficiarului \u00een activit\u0103\u0163ile de maximizare a gradului de autonomie personal\u0103, sus\u0163inerea exers\u0103rii deprinderilor de via\u0163\u0103 independent\u0103 ale beneficiarului, sus\u0163inerea dezvolt\u0103rii abilit\u0103\u0163ilor sociale, emo\u0163ionale \u015fi cognitive ale acestuia \u015fi sus\u0163inerea lui \u00een activit\u0103\u0163ile de maximizare a gradului de autonomie social\u0103.<\/p>\n<p>Program de formare -Calificare nivel 3<br \/>\nCondi\u021bii de acces: Preg\u0103tirea general\u0103 minim\u0103 pentru \u00eenscrierea la acest program este de Studii liceale, conform standard ocupa\u021bional.<br \/>\nDurata de desf\u0103\u0219urare este de 720 ore (240 de teorie \u0219i 480 de practic\u0103).<br \/>\nParticipan\u021bii la acest curs vor dob\u00e2ndi competen\u021be \u00een:<\/p>\n<p>1. Identificarea situa\u021biilor de risc \u0219i cauzelor acestora la nivelul comunit\u0103\u021bii.<br \/>\n2. Metode \u0219i tehnici de analiz\u0103 a situa\u021biilor de risc la nivelul comunit\u0103\u021bii.<br \/>\n3. Identificarea corect\u0103 a beneficiarilor afla\u021bi \u00een situa\u021bie de risc pe baza analizei la nivelul comunit\u0103\u021bii.<br \/>\n4. \u00centocmirea dosarelor beneficiarilor, completarea actelor \u0219i instrumentelor prev\u0103zute de metodologia institu\u021bional\u0103.<br \/>\n5. Metode \u0219i tehnici de \u00eenl\u0103turare a situa\u021biilor de risc la nivelul comunit\u0103\u021bii.<br \/>\n6. Tehnici \u0219i interven\u021bii specifice beneficiarilor pentru orientarea acestora spre activit\u0103\u021bi de maximizare a poten\u021bialului lucrativ.<br \/>\n7. Evaluarea beneficiarilor utiliz\u00e2nd metode \u0219i tehnici adaptate acestora.<br \/>\n8. Identificarea situa\u021biilor de risc la nivel individual.<br \/>\n9. \u00centocmirea planului individualizat de lucru \u0219i stabilirea obiectivelor prin care poate fi atins.<br \/>\n10. Planificarea activit\u0103\u021bilor prin care pot fi atinse obiectivele.<br \/>\n11. Identificarea tehnicilor \u0219i metodelor de lucru pentru atingerea obiectivelor.<br \/>\n12. Modalit\u0103\u021bi de suport adaptat a beneficiarului \u00een activit\u00e4tile de dezvoltare a abilit\u0103\u021bilor sociale, emo\u021bionale \u0219i cognitive.<br \/>\n13. Modalit\u0103\u021bi de monitorizare specifice \u0219i de acordare a feedback-ului.<\/p>\n<p>Finalizarea form\u0103rii va fi efectuat\u0103 printr-un examen ce const\u0103 \u00een preg\u0103tirea \u0219i sus\u021binerea unui proiect scris \u0219i un test gril\u0103.<br \/>\nComisia de examinare este format\u0103 din evaluatori ANC \u0219i ANCAAR.<br \/>\nTipul de certificat ob\u0163inut &#8211; Certificat de calificare.<br \/>\nTaxa de participare este 2000 RON\/cursant, care include suportul de curs, materialul necesar form\u0103rii \u0219i protocolul pauzelor de cafea.<br \/>\nPentru \u00eenscriere sunt necesare: o copie dup\u0103 cartea de identitate, certificatul de na\u015ftere, certificat de c\u0103s\u0103torie (dup\u0103 caz), ultima diplom\u0103 de studii \u015fi obligatoriu plata unui avans de minim 400 de RON.<br \/>\nAvansul se achit\u0103 \u00een contul ANCAAR, cod fiscal 13342650,<br \/>\nIBAN RO 16 RNCB 0072 0497 1426 0001 , deschis la BCR, Sector 1<br \/>\nPentru informa\u021bii:<br \/>\nANCAAR: tel. 0773 360 741, 0773 360 744<br \/>\nE- mail office@autismancaar.ro<\/p>\n","protected":false},"excerpt":{"rendered":"<p>Asocia\u0163ia Na\u0163ional\u0103 pentru Copii \u015fi Adul\u0163i cu Autism din Rom\u00e2nia organizeaz\u0103 cursul de ini\u021biere \u201cLucr\u0103tor social\u201d curs acreditat ANC, cod nomenclator 5139.2.2. Structura cursului \u0219i caracterul s\u0103u interactiv sunt menite a implica cursantul \u00een procesul de predare \u0219i a genera experien\u021be proprii. Echipa de formatori a ANCAAR preg\u0103te\u0219te participan\u021bii la curs, la standarde \u00eenalte, folosind [&hellip;]<\/p>\n","protected":false},"author":1,"featured_media":0,"parent":1115,"menu_order":0,"comment_status":"closed","ping_status":"closed","template":"","meta":{"ngg_post_thumbnail":0,"footnotes":""},"class_list":["post-3591","page","type-page","status-publish","hentry"],"_links":{"self":[{"href":"http:\/\/autismancaar.ro\/ro\/wp-json\/wp\/v2\/pages\/3591","targetHints":{"allow":["GET"]}}],"collection":[{"href":"http:\/\/autismancaar.ro\/ro\/wp-json\/wp\/v2\/pages"}],"about":[{"href":"http:\/\/autismancaar.ro\/ro\/wp-json\/wp\/v2\/types\/page"}],"author":[{"embeddable":true,"href":"http:\/\/autismancaar.ro\/ro\/wp-json\/wp\/v2\/users\/1"}],"replies":[{"embeddable":true,"href":"http:\/\/autismancaar.ro\/ro\/wp-json\/wp\/v2\/comments?post=3591"}],"version-history":[{"count":4,"href":"http:\/\/autismancaar.ro\/ro\/wp-json\/wp\/v2\/pages\/3591\/revisions"}],"predecessor-version":[{"id":3603,"href":"http:\/\/autismancaar.ro\/ro\/wp-json\/wp\/v2\/pages\/3591\/revisions\/3603"}],"up":[{"embeddable":true,"href":"http:\/\/autismancaar.ro\/ro\/wp-json\/wp\/v2\/pages\/1115"}],"wp:attachment":[{"href":"http:\/\/autismancaar.ro\/ro\/wp-json\/wp\/v2\/media?parent=3591"}],"curies":[{"name":"wp","href":"https:\/\/api.w.org\/{rel}","templated":true}]}}