{"id":425,"date":"2011-06-29T12:13:29","date_gmt":"2011-06-29T12:13:29","guid":{"rendered":"http:\/\/autismancaar.ro\/?page_id=425"},"modified":"2020-10-14T11:32:39","modified_gmt":"2020-10-14T11:32:39","slug":"campanie","status":"publish","type":"page","link":"http:\/\/autismancaar.ro\/ro\/campanie\/","title":{"rendered":"&#8222;Omul din spatele autismului&#8221;"},"content":{"rendered":"<p><a href=\"http:\/\/autismancaar.ro\/ro\/wp-content\/uploads\/2011\/06\/logo-omul-din-spatele-autismului_rgb-poza-web.jpg\"><img loading=\"lazy\" decoding=\"async\" class=\"alignleft wp-image-1407 size-medium\" title=\"logo-omul-din-spatele-autismului\" src=\"http:\/\/autismancaar.ro\/ro\/wp-content\/uploads\/2011\/06\/logo-omul-din-spatele-autismului_rgb-poza-web-300x149.jpg\" alt=\"\" width=\"300\" height=\"149\" srcset=\"http:\/\/autismancaar.ro\/ro\/wp-content\/uploads\/2011\/06\/logo-omul-din-spatele-autismului_rgb-poza-web-300x149.jpg 300w, http:\/\/autismancaar.ro\/ro\/wp-content\/uploads\/2011\/06\/logo-omul-din-spatele-autismului_rgb-poza-web.jpg 1024w\" sizes=\"auto, (max-width: 300px) 100vw, 300px\" \/><\/a><\/p>\n<p>Un copil cu autism devine <strong>un&nbsp;adult cu autism<\/strong>. E\u0219ti preg\u0103tit? Autismul este o tulburare prezent\u0103 pe toat\u0103 durata vie\u021bii &#8211; nu dispare c\u00e2nd copilul cre\u0219te. Dar omul din spatele autismului&nbsp;este \u00eentotdeauna unic.<\/p>\n<p><strong>V\u0103 invit\u0103m s\u0103 face\u0163i cuno\u015ftin\u0163\u0103 cu Bogdan<\/strong><\/p>\n<p>Bogdan nu vorbe\u015fte. S-ar putea apropia de tine s\u0103 vad\u0103 dac\u0103 meri\u0163i aten\u0163ie. Dac\u0103 te accept\u0103, e\u015fti invitat \u00een casa lui. C\u00e2nd i se pare c\u0103 ai un fir de p\u0103r pe um\u0103r va veni s\u0103 \u0163i-l ia. \u00cei place s\u0103 c\u0103l\u0103toreasc\u0103 \u015fi ador\u0103 s\u0103 \u00eenoate. C\u00e2nd una din surorile lui \u00eent\u00e2rzie seara acas\u0103, se duce l\u00e2ng\u0103 u\u015f\u0103 \u015fi nu pleac\u0103 de acolo p\u00e2n\u0103 c\u00e2nd n-o vede intr\u00e2nd. Ori dac\u0103 adoarme, se treze\u015fte din somn, ca s-o vad\u0103 venind. Poate p\u0103rea c\u0103 nu te aude \u015fi nu este atent, dar dac\u0103 se \u00eent\u00e2mpl\u0103 s\u0103 cau\u0163i un obiect \u015fi nu-l g\u0103se\u015fti, \u0163i-l va aduce el mai t\u00e2rziu. Adun\u0103 orice h\u00e2rtie pe care o vede pe jos, pe trotuar. A\u015fa e el &#8211; face lucrurile altfel, lucruri pe care noi ceilal\u0163i am \u00eencetat de mult s\u0103 le vedem.<\/p>\n<p><strong>El este Bogdan, Omul din spatele Autismului. <\/strong>Are 34 de ani \u015fi este unul dintre cele <strong>30.000<\/strong> de persoane cu autism din Rom\u00e2nia.<\/p>\n<p style=\"text-align: center;\">Descarc\u0103&nbsp;<strong><a href=\"http:\/\/autismancaar.ro\/ro\/wp-content\/uploads\/2011\/06\/Omul-din-spatele-autismului-film-campanie.pps\">Omul din spatele autismului &#8211; film campanie<\/a><\/strong><\/p>\n<p>Asocia\u0163ia Na\u0163ional\u0103 pentru Copii \u015fi Adul\u0163i cu Autism din Rom\u00e2nia (ANCAAR) \u015fi Houston NPA au organizat \u00een perioada iulie-decembrie 2011, iar apoi ANCAAR continu\u0103 din ianuarie 2012 campania na\u0163ional\u0103 <strong><span style=\"color: #000000;\">\u201eOmul din spatele autismului\u201d<\/span><\/strong>. Aceast\u0103 campanie are ca scop principal informarea opiniei publice cu privire la Tulburarea din Spectrul Autist \u00een cazul adolescen\u0163ilor \u015fi adul\u0163ilor, dar \u015fi str\u00e2ngerea fondurilor necesare pentru construirea unei <a href=\"http:\/\/autismancaar.ro\/ro\/campanie\/solutii\/\">Case Familiale<\/a>, o comunitate reziden\u0163ial\u0103 \u015fi de lucru dedicat\u0103 adolescen\u0163ilor \u015fi adul\u0163ilor cu autism. <a href=\"http:\/\/autismancaar.ro\/ro\/campanie\/evenimentele-campaniei\/\">Cite\u0219te despre evenimentele organizate<\/a>.<\/p>\n<p>Prin aceast\u0103 campanie ANCAAR dore\u015fte s\u0103 trag\u0103 un semnal de alarm\u0103 asupra faptului c\u0103 \u00een \u0163ara noastr\u0103 autismul la tineri \u015fi adul\u0163i reprezint\u0103 o problem\u0103 grav\u0103, extrem de actual\u0103 \u015fi de prezent\u0103, care necesit\u0103 o legisla\u0163ie special\u0103, informarea opiniei publice, direc\u0163ionare de resurse \u015fi deschidere social\u0103 \u00een fa\u0163a acestor persoane. <a href=\"http:\/\/autismancaar.ro\/ro\/campanie\/help-autism\/\">Particip\u0103 activ!<\/a><\/p>\n<p><strong><em>Mesajele principale \u00een campanie:<\/em><\/strong><\/p>\n<ul style=\"text-align: left;\">\n<li><strong>Cunoa\u015fte Omul din spatele Autismului <\/strong>-&gt; Omul din spatele autismului este unic. Are o voce, o personalitate, talente \u015fi aptitudini. Trebuie s\u0103 le valoriz\u0103m capacit\u0103\u0163ile, nu deficien\u0163ele, ca s\u0103 aib\u0103 \u015fansa unui viitor.<\/li>\n<\/ul>\n<p style=\"text-align: center;\"><strong><a href=\"http:\/\/www.youtube.com\/watch?v=30JkPeVERZg\">Ascult\u0103-l pe Victor!<\/a><\/strong><\/p>\n<p style=\"text-align: center;\"><strong><a href=\"http:\/\/autismancaar.ro\/ro\/campanie\/evenimentele-campaniei\/artistul-din-spatele-autismului\/\">Achizi\u021bioneaz\u0103 tablourile lui Andrei<\/a>!<\/strong><\/p>\n<ul style=\"text-align: left;\">\n<li><strong>Autismul nu dispare c\u00e2nd copilul cre\u015fte<\/strong> -&gt; Cele mai multe ac\u0163iuni de con\u015ftientizare ale problematicii autismului s-au axat pe inciden\u0163a \u015fi manifestarea acestei tulbur\u0103ri la copii. Realitatea este c\u0103 autismul nu se vindec\u0103 niciodat\u0103, iar problemele sociale \u015fi comportamentale cu care se confrunt\u0103 persoanele trecute de 18 ani sunt \u015fi mai greu de cuantificat. Din punct de vedere legal, \u00een Rom\u00e2nia, persoana cu autism este \u00eencadrat\u0103 la majorat la \u201eafectiuni psihice\u201d sau \u201eboli mentale\u201d. A\u015fadar, adul\u0163ii cu autism nu exist\u0103 pentru statul rom\u00e2n. <a href=\" http:\/\/autismancaar.ro\/ro\/campanie\/exista-adulti-cu-autism-in-romania\/\">Cite\u0219te mai mult&#8230;<\/a><strong>&nbsp;<\/strong><\/li>\n<\/ul>\n<ul>\n<li><strong>Persoanele adulte cu autism au drepturi <\/strong>-&gt; Tinerii \u015fi adul\u0163ii cu autism au dreptul la educa\u0163ie special\u0103 \u015fi la integrare pe pia\u0163a muncii, \u00eentr-un mediu profesionist, \u00een care s\u0103 se \u0163in\u0103 cont de nevoile specifice acestei tulbur\u0103ri. De asemenea, persoanele adulte cu autism au dreptul la servicii medicale specializate \u015fi la o locuin\u0163\u0103, independent\u0103 de familie. Nu exist\u0103 \u00een Rom\u00e2nia nimeni care, \u00een acest moment, s\u0103 ofere un pachet de servicii speciale pentru persoanele cu autism, de\u015fi inciden\u0163a tulbur\u0103rii a crescut la 1 persoan\u0103 din 38, \u00een urma unui <a href=\"http:\/\/autismancaar.ro\/ro\/?p=418\">studiu<\/a> recent American Journal of Psychiatry.<\/li>\n<\/ul>\n<ul>\n<li><strong>Autist te na\u015fti, nu devii<\/strong> -&gt; Autismul nu este o alegere. Discriminarea, da. <a href=\"http:\/\/autismancaar.ro\/ro\/campanie\/bannere\/\">Sus\u021bine<\/a> aceast\u0103 cauz\u0103!<\/li>\n<\/ul>\n<ul>\n<li><strong>Autismul nu este o boal\u0103 psihic\u0103 \u015fi nici o boal\u0103 contagioas\u0103<\/strong> -&gt; Autismul este o tulburare de dezvoltare, de origine neurologic\u0103, care afecteaz\u0103 trei arii: comunicarea, socializarea \u015fi imagina\u0163ia. <a href=\"http:\/\/autismancaar.ro\/ro\/despre-autism\/\">Cite\u0219te mai mult..<\/a><\/li>\n<\/ul>\n","protected":false},"excerpt":{"rendered":"<p>Un copil cu autism devine un&nbsp;adult cu autism. E\u0219ti preg\u0103tit? Autismul este o tulburare prezent\u0103 pe toat\u0103 durata vie\u021bii &#8211; nu dispare c\u00e2nd copilul cre\u0219te. Dar omul din spatele autismului&nbsp;este \u00eentotdeauna unic. V\u0103 invit\u0103m s\u0103 face\u0163i cuno\u015ftin\u0163\u0103 cu Bogdan Bogdan nu vorbe\u015fte. S-ar putea apropia de tine s\u0103 vad\u0103 dac\u0103 meri\u0163i aten\u0163ie. Dac\u0103 te accept\u0103, [&hellip;]<\/p>\n","protected":false},"author":2,"featured_media":0,"parent":0,"menu_order":5,"comment_status":"open","ping_status":"closed","template":"","meta":{"ngg_post_thumbnail":0,"footnotes":""},"class_list":["post-425","page","type-page","status-publish","hentry"],"_links":{"self":[{"href":"http:\/\/autismancaar.ro\/ro\/wp-json\/wp\/v2\/pages\/425","targetHints":{"allow":["GET"]}}],"collection":[{"href":"http:\/\/autismancaar.ro\/ro\/wp-json\/wp\/v2\/pages"}],"about":[{"href":"http:\/\/autismancaar.ro\/ro\/wp-json\/wp\/v2\/types\/page"}],"author":[{"embeddable":true,"href":"http:\/\/autismancaar.ro\/ro\/wp-json\/wp\/v2\/users\/2"}],"replies":[{"embeddable":true,"href":"http:\/\/autismancaar.ro\/ro\/wp-json\/wp\/v2\/comments?post=425"}],"version-history":[{"count":5,"href":"http:\/\/autismancaar.ro\/ro\/wp-json\/wp\/v2\/pages\/425\/revisions"}],"predecessor-version":[{"id":3586,"href":"http:\/\/autismancaar.ro\/ro\/wp-json\/wp\/v2\/pages\/425\/revisions\/3586"}],"wp:attachment":[{"href":"http:\/\/autismancaar.ro\/ro\/wp-json\/wp\/v2\/media?parent=425"}],"curies":[{"name":"wp","href":"https:\/\/api.w.org\/{rel}","templated":true}]}}