{"id":440,"date":"2011-06-29T10:26:25","date_gmt":"2011-06-29T10:26:25","guid":{"rendered":"http:\/\/autismancaar.ro\/?page_id=440"},"modified":"2014-11-03T16:05:01","modified_gmt":"2014-11-03T16:05:01","slug":"evenimentele-campaniei","status":"publish","type":"page","link":"http:\/\/autismancaar.ro\/ro\/campanie\/evenimentele-campaniei\/","title":{"rendered":"Evenimentele campaniei"},"content":{"rendered":"<p><a href=\"http:\/\/autismancaar.ro\/ro\/wp-content\/uploads\/2011\/06\/logo-omul-din-spatele-autismului_rgb-poza-web2.jpg\"><img loading=\"lazy\" decoding=\"async\" class=\"alignleft wp-image-1412 size-medium\" title=\"logo-omul-din-spatele-autismului\" src=\"http:\/\/autismancaar.ro\/ro\/wp-content\/uploads\/2011\/06\/logo-omul-din-spatele-autismului_rgb-poza-web2-300x149.jpg\" alt=\"\" width=\"300\" height=\"149\" srcset=\"http:\/\/autismancaar.ro\/ro\/wp-content\/uploads\/2011\/06\/logo-omul-din-spatele-autismului_rgb-poza-web2-300x149.jpg 300w, http:\/\/autismancaar.ro\/ro\/wp-content\/uploads\/2011\/06\/logo-omul-din-spatele-autismului_rgb-poza-web2.jpg 1024w\" sizes=\"auto, (max-width: 300px) 100vw, 300px\" \/><\/a><\/p>\n<p>&nbsp;<\/p>\n<ul>\n<li>Conferin\u0163a <strong id=\"yui_3_7_2_1_1356946332001_2210\">Prime\u015fte-m\u0103 \u00een lumea ta <\/strong>s-a desf\u0103\u015furat la Centrul Lucia Fete\u015fti \u00een ziua de 2 iunie 2012, cu ocazia Zilei interna\u0163ionale a copilului. ANCAAR a participat ca partener, \u00een cadrul campaniei proprii \u201cOmul din spatele autismului\u201d. A fost primul eveniment de acest fel organizat\u00a0 la Fete\u015fti \u015fi s-a bucurat de un real succes. Au fost prezentate prelegeri despre autism \u015fi modalit\u0103\u0163i de interven\u0163ie, filme reprezent\u00e2nd activit\u0103\u0163ile centrului, dar \u015fi documentarul <em>Omul din spatele autismului<\/em> (ANCAAR, 2011).<\/li>\n<li>Conferin\u0163a <strong>\u00cen lumin\u0103<\/strong> s-a desf\u0103\u015furat la Alba Iulia \u00een luna mai 2012 fiind un eveniment organizat de Prim\u0103ria Alba Iulia \u00een cadrul campaniei \u201cAlba Iulia-Capitala S\u0103n\u0103t\u0103\u021bii \u00een 2012\u201d. ANCAAR a participat ca partener, \u00een cadrul campaniei proprii \u201cOmul din spatele autismului\u201d. Au fost invitate familii ale persoanelor diagnosticate cu autism, cadre didactice \u0219i medicale, pres\u0103, reprezentan\u021bi ai autorit\u0103\u021bilor locale. \u00centr-o atmosfer\u0103 cald\u0103, problematica autismului a fost abordat\u0103 din mai multe perspective: cea a p\u0103rin\u021bilor, a psihologilor \u0219i a psihoterapeu\u021bilor, a asisten\u021bilor sociali,\u00a0 a medicilor de familie, a speciali\u0219tilor \u00een psihiatrie infantil\u0103, a psihologilor clinicieni.<\/li>\n<li><strong>Simpozionul &#8222;Tr\u0103iesc \u00een lumea ta&#8230;&#8221;<\/strong> organizat \u00een parteneriat cu Facultatea de Sociologie-Psihologie a Universit\u0103\u021bii Spiru Haret cu ocazia Zilei Interna\u021bionale a Con\u0219tientiz\u0103rii Autismului din 2 aprilie 2012. Evenimentul a avut loc pe data de 5 aprilie 2012. <a href=\"http:\/\/autismancaar.ro\/ro\/campanie\/evenimentele-campaniei\/simpozion-traiesc-in-lumea-ta\/\">Cite\u0219te&#8230;<\/a><\/li>\n<li><a href=\"http:\/\/autismancaar.ro\/ro\/campanie\/evenimentele-campaniei\/artistul-din-spatele-autismului\/\"><strong>\u201eArtistul din spatele Autismului<\/strong>\u201d<\/a> \u00een parteneriat cu Institutul Cultural Rom\u00e2n &#8211; concert de pian (Victor), expozitie de pictura (Andrei), proiectia documentarului artistic realizat de ANCAAR <em>Omul din spatele Autismului<\/em> \u0219i stand cu v\u00e2nzare produse hand-made realizate de persoane cu autism. 7 decembrie 2011, ora 18, la sediul Institutului Cultural Rom\u00e2n. <a href=\"http:\/\/autismancaar.ro\/ro\/campanie\/evenimentele-campaniei\/artistul-din-spatele-autismului\/\">Cite\u0219te&#8230;<\/a><\/li>\n<li><strong><a href=\"http:\/\/autismancaar.ro\/ro\/campanie\/evenimentele-campaniei\/spectacol-artistic-omul-din-spatele-autismului\/\">Spectacol artistic Omul din spatele Autismului<\/a>, <\/strong>\u00een parteneriat cu ACTA Autism Arge\u0219,Pite\u0219ti, 3 decembrie 2011. <a href=\"http:\/\/autismancaar.ro\/ro\/campanie\/evenimentele-campaniei\/spectacol-artistic-omul-din-spatele-autismului\/\">Cite\u0219te..<\/a><\/li>\n<li>Seria de ateliere de preprofesionalizare (arte manuale) pentru tineri cu autism din cadrul Centrului de Practic\u0103 \u00een Autism organizat de ANCAAR la Facultatea de Sociologie &#8211; Psihologie, Universitatea Spiru Haret din Bucure\u0219ti, pe 29 noiembrie, 6 \u0219i 13 decembrie 2011. <a href=\"http:\/\/coexist.ro\/ro\/activism\/autismul-un-joc-tacut\/2011\/12\/06\">Cite\u0219te&#8230;<\/a><\/li>\n<li>\u00a0<strong>Lansarea c\u0103r\u0163ii <a href=\"http:\/\/autismancaar.ro\/ro\/despre-autism\/metoda-eu-sunt-special\/\">\u201eEu sunt special\u201d<\/a> de Peter Vermeulen<\/strong>, drepturile asupra traducerii \u015fi asupra fi\u015felor de lucru aferente noii metode de lucru cu tineri \u015fi adul\u0163i cu autism apar\u0163in ANCAAR. 1 octombrie 2011, Foc\u0219ani, \u00een cadrul conferin\u0163ei. <a href=\"http:\/\/autismancaar.ro\/ro\/despre-autism\/metoda-eu-sunt-special\/\">Cite\u0219te..<\/a><\/li>\n<li><strong>Conferin\u0163a Na\u0163ional\u0103 \u201eOmul din spatele autismului\u201d<\/strong>, 1-2 octombrie 2011, Foc\u015fani &#8211; 300 participan\u0163i din toat\u0103 \u0163ara (apar\u0163in\u0103tori ai persoanelor cu autism, cadre medicale, autorit\u0103\u0163i, mass-media). <a href=\"http:\/\/autismancaar.ro\/ro\/campanie\/evenimentele-campaniei\/conferinta-omul-din-spatele-autismului\/\">Cite\u0219te&#8230;<\/a><\/li>\n<li><a title=\"Particip\u0103 la Maratonul pentru Autism\" href=\"http:\/\/autismancaar.ro\/ro\/sustine-proiectul-maraton-pentru-autism\/\"><strong>Maratonul autismului<\/strong><\/a>, Bucure\u015fti, 3 septembrie 2011. <a href=\"http:\/\/autismancaar.ro\/ro\/?p=409\">Cite\u0219te&#8230;<\/a><\/li>\n<li><strong>Demararea campaniei<\/strong> de informare a opiniei publice, comunicare online \u015fi prin intermediul mass-media, iulie \u015fi august 2011. Informeaz\u0103-te, <a href=\"http:\/\/autismancaar.ro\/ro\/campanie\/exista-adulti-cu-autism-in-romania\/\">cite\u0219te despre adul\u021bii cu autism <\/a>din Rom\u00e2nia.<\/li>\n<li>Descarc\u0103\u00a0<a href=\"http:\/\/autismancaar.ro\/ro\/wp-content\/uploads\/2011\/06\/Omul-din-spatele-autismului-film-campanie.pps\">Omul din spatele autismului &#8211; film campanie<\/a><\/li>\n<li><a href=\"http:\/\/autismancaar.ro\/ro\/campanie\/\">\u00cenapoi<\/a> la <strong>CAMPANIE<\/strong><\/li>\n<li><a href=\"http:\/\/autismancaar.ro\/ro\/campanie\/solutii\/\">\u00cenainte<\/a> la <strong>SOLU\u021aII<\/strong><\/li>\n<\/ul>\n","protected":false},"excerpt":{"rendered":"<p>&nbsp; Conferin\u0163a Prime\u015fte-m\u0103 \u00een lumea ta s-a desf\u0103\u015furat la Centrul Lucia Fete\u015fti \u00een ziua de 2 iunie 2012, cu ocazia Zilei interna\u0163ionale a copilului. ANCAAR a participat ca partener, \u00een cadrul campaniei proprii \u201cOmul din spatele autismului\u201d. A fost primul eveniment de acest fel organizat\u00a0 la Fete\u015fti \u015fi s-a bucurat de un real succes. Au [&hellip;]<\/p>\n","protected":false},"author":2,"featured_media":0,"parent":425,"menu_order":1,"comment_status":"open","ping_status":"closed","template":"","meta":{"ngg_post_thumbnail":0,"footnotes":""},"class_list":["post-440","page","type-page","status-publish","hentry"],"_links":{"self":[{"href":"http:\/\/autismancaar.ro\/ro\/wp-json\/wp\/v2\/pages\/440","targetHints":{"allow":["GET"]}}],"collection":[{"href":"http:\/\/autismancaar.ro\/ro\/wp-json\/wp\/v2\/pages"}],"about":[{"href":"http:\/\/autismancaar.ro\/ro\/wp-json\/wp\/v2\/types\/page"}],"author":[{"embeddable":true,"href":"http:\/\/autismancaar.ro\/ro\/wp-json\/wp\/v2\/users\/2"}],"replies":[{"embeddable":true,"href":"http:\/\/autismancaar.ro\/ro\/wp-json\/wp\/v2\/comments?post=440"}],"version-history":[{"count":3,"href":"http:\/\/autismancaar.ro\/ro\/wp-json\/wp\/v2\/pages\/440\/revisions"}],"predecessor-version":[{"id":2069,"href":"http:\/\/autismancaar.ro\/ro\/wp-json\/wp\/v2\/pages\/440\/revisions\/2069"}],"up":[{"embeddable":true,"href":"http:\/\/autismancaar.ro\/ro\/wp-json\/wp\/v2\/pages\/425"}],"wp:attachment":[{"href":"http:\/\/autismancaar.ro\/ro\/wp-json\/wp\/v2\/media?parent=440"}],"curies":[{"name":"wp","href":"https:\/\/api.w.org\/{rel}","templated":true}]}}