{"id":446,"date":"2011-06-29T10:29:26","date_gmt":"2011-06-29T10:29:26","guid":{"rendered":"http:\/\/autismancaar.ro\/?page_id=446"},"modified":"2014-11-03T16:36:28","modified_gmt":"2014-11-03T16:36:28","slug":"exista-adulti-cu-autism-in-romania","status":"publish","type":"page","link":"http:\/\/autismancaar.ro\/ro\/campanie\/exista-adulti-cu-autism-in-romania\/","title":{"rendered":"Exista adulti cu autism in Romania?"},"content":{"rendered":"<p><strong>DA, <span style=\"color: #008000;\">adultul cu autism <\/span>nu este invizibil. Tr\u0103ie\u015fte \u00een Rom\u00e2nia, chiar dac\u0103 din punct de vedere legal el nu <span style=\"color: #008000;\">exist\u0103<\/span>.<\/strong><\/p>\n<p><a href=\"http:\/\/autismancaar.ro\/ro\/despre-autism\/\">Diagnosticul de autism<\/a> nu este recunoscut dup\u0103 18 ani, de\u015fi se \u015ftie c\u0103 aceast\u0103 tulburare este <em>pe toat\u0103 durata vie\u0163ii<\/em>. Nimeni nu \u00eei ofer\u0103 servicii medicale specializate \u015fi niciun loc de munc\u0103. \u201eAm crezut \u00een \u015fansele noastre, dar \u00een Rom\u00e2nia nu exist\u0103 un loc pentru el. St\u0103 acas\u0103.\u201d (mam\u0103)<\/p>\n<p><strong>Estim\u0103ri<\/strong><\/p>\n<p>Din diferite estim\u0103ri, se crede c\u0103 \u00een Rom\u00e2nia exist\u0103 30.000 de persoane cu tulbur\u0103ri de spectru autist. Dar nimeni nu cunoa\u015fte num\u0103rul lor exact. \u201e<em>Ace\u015fti oameni nu sunt cifre, nu sunt numere de dosar. Sunt persoane, care au mare nevoie de oameni. Avem o responsabilitate fa\u0163\u0103 de auti\u015ftii no\u015ftri.\u201d<\/em> (blogger anonim)<\/p>\n<p style=\"text-align: center;\"><a href=\"http:\/\/www.youtube.com\/watch?v=UQYz9a4wKpE\">Omul din spatele Autismului, film documentar (trailer)<\/a><\/p>\n<p><span style=\"color: #ff0000;\"><strong>Dreptul la educa\u0163ie<\/strong><\/span><\/p>\n<p>Statul Rom\u00e2n nu investe\u015fte \u00een persoana cu autism, indiferent de v\u00e2rst\u0103.<\/p>\n<p>Exist\u0103 zeci de ONG-uri \u00een principalele ora\u015fe care ofer\u0103 servicii de diagnosticare, de terapie a copiilor cu autism \u015fi de consiliere a familiilor acestora. Un program terapeutic individual este posibil, dar improbabil ca orice p\u0103rinte s\u0103 \u015fi-l poat\u0103 permite. Totu\u015fi, foarte mul\u0163i o fac. <a href=\"http:\/\/autismancaar.ro\/ro\/despre-autism\/sperante\/\">Exist\u0103 motive de speran\u021b\u0103?<\/a><\/p>\n<p><span style=\"color: #008000;\">\u015ecolile speciale<\/span> din Rom\u00e2nia includ copii cu diverse dizabilit\u0103\u0163i p\u00e2n\u0103 la v\u00e2rsta de 18 ani. Educatorii \u015fi profesorii nu ofer\u0103 persoanelor cu autism un program de lucru personalizat. Nevoile lor speciale sunt ignorate, iar progresul educa\u0163ional inexistent.<\/p>\n<p>Dup\u0103 v\u00e2rsta de 18 ani, adultul cu autism poate fi <a href=\"http:\/\/autismancaar.ro\/ro\/programe-terapeutice\/socializarea-persoanelor-cu-autism\/\">integrat <\/a>\u00een dou\u0103 tipuri de colectivit\u0103\u0163i:<\/p>\n<ul>\n<li>\u00eentr-una din <em>casele familiale<\/em> private \u015fi de stat, unde locuiesc persoane cu diferite dizabilit\u0103\u0163i,<\/li>\n<li>sau \u00eentr-un <em>spital de psihiatrie<\/em>.<\/li>\n<\/ul>\n<p>\u00cen ambele variante, nevoile lui speciale sunt ignorate. <span style=\"color: #3366ff;\"><span style=\"color: #008000;\"><span style=\"color: #000000;\">Cele mai multe familii decid s\u0103 \u0163in\u0103 adultul cu autism<\/span> acas\u0103<\/span>.<\/span><\/p>\n<p><span style=\"color: #ff0000;\"><strong>Dreptul la o locuin\u0163\u0103, independent de familie<\/strong><\/span><\/p>\n<p>Persoana cu autism are nevoie de <a href=\"http:\/\/autismancaar.ro\/ro\/campanie\/solutii\/ \">o locuin\u0163\u0103<\/a> \u00een regim protejat, unde spa\u0163iul \u015fi timpul sunt structurate conform nevoilor sale de ordine, organizare \u015fi claritate.<\/p>\n<p><em>\u201eSunt anumite forme ale acestei tulbur\u0103ri care au nevoie de un anume regim, un anume program. Dac\u0103 lucrurile nu sunt f\u0103cute la un nivel performant, e mai bine s\u0103 le evi\u0163i.\u201d (mam\u0103)<\/em><\/p>\n<p><span style=\"color: #ff0000;\"><strong>Dreptul la un loc de munc\u0103<\/strong><\/span><\/p>\n<p>Autismul nu se vindec\u0103, \u00eens\u0103 fiecare persoan\u0103 poate realiza progrese. \u00cen general, auti\u015ftii au extraordinare talente artistice (muzic\u0103, pictur\u0103, modelaj), aptitudini sportive \u015fi destul de frecvent o inteligen\u0163\u0103 peste medie. <a href=\"http:\/\/www.youtube.com\/watch?v=30JkPeVERZg\">Ascult\u0103-l pe Victor!<\/a><\/p>\n<p>Adul\u0163ii cu autism mediu \u015fi \u00eenalt func\u0163ional pot lucra \u00eentr-un <span style=\"color: #008000;\">atelier protejat<\/span>, cum sunt c\u00e2teva \u00een Rom\u00e2nia. Adaptarea la mediu \u015fi la colegii cu diverse dizabilit\u0103\u0163i, inclusiv motorii sau de vedere, depinde doar de ei. Majoritatea <span style=\"color: #ff0000;\">nu<\/span> se pot integra din cauza lipsei serviciilor specializate de terapie \u015fi consiliere.<\/p>\n<p>Dar m\u0103sura \u00een care adul\u0163ii cu autism se pot integra pe pia\u0163a muncii nu depinde de inteligen\u0163a, aptitudinile sau posibilit\u0103\u0163ile lor de comunicare, ci de toleran\u0163a noastr\u0103. <a href=\"http:\/\/autismancaar.ro\/ro\/campanie\/bannere\/\">Sus\u021bine<\/a> aceast\u0103 cauz\u0103!<\/p>\n<p style=\"text-align: center;\"><a href=\"http:\/\/autismancaar.ro\/ro\/campanie\/\">\u00cenapoi<\/a> la CAMPANIE<\/p>\n<p style=\"text-align: center;\"><a href=\"http:\/\/autismancaar.ro\/ro\/campanie\/solutii\/\">\u00cenainte<\/a> la SOLU\u021aII<\/p>\n<p style=\"text-align: center;\"><a href=\"http:\/\/autismancaar.ro\/ro\/wp-content\/uploads\/2011\/06\/logo-omul-din-spatele-autismului_rgb-poza-web3.jpg\"><img loading=\"lazy\" decoding=\"async\" class=\"aligncenter size-medium wp-image-1420\" title=\"logo-omul-din-spatele-autismului\" src=\"http:\/\/autismancaar.ro\/ro\/wp-content\/uploads\/2011\/06\/logo-omul-din-spatele-autismului_rgb-poza-web3-300x149.jpg\" alt=\"\" width=\"300\" height=\"149\" srcset=\"http:\/\/autismancaar.ro\/ro\/wp-content\/uploads\/2011\/06\/logo-omul-din-spatele-autismului_rgb-poza-web3-300x149.jpg 300w, http:\/\/autismancaar.ro\/ro\/wp-content\/uploads\/2011\/06\/logo-omul-din-spatele-autismului_rgb-poza-web3.jpg 1024w\" sizes=\"auto, (max-width: 300px) 100vw, 300px\" \/><\/a><\/p>\n","protected":false},"excerpt":{"rendered":"<p>DA, adultul cu autism nu este invizibil. Tr\u0103ie\u015fte \u00een Rom\u00e2nia, chiar dac\u0103 din punct de vedere legal el nu exist\u0103. Diagnosticul de autism nu este recunoscut dup\u0103 18 ani, de\u015fi se \u015ftie c\u0103 aceast\u0103 tulburare este pe toat\u0103 durata vie\u0163ii. Nimeni nu \u00eei ofer\u0103 servicii medicale specializate \u015fi niciun loc de munc\u0103. \u201eAm crezut \u00een [&hellip;]<\/p>\n","protected":false},"author":2,"featured_media":0,"parent":425,"menu_order":2,"comment_status":"open","ping_status":"closed","template":"","meta":{"ngg_post_thumbnail":0,"footnotes":""},"class_list":["post-446","page","type-page","status-publish","hentry"],"_links":{"self":[{"href":"http:\/\/autismancaar.ro\/ro\/wp-json\/wp\/v2\/pages\/446","targetHints":{"allow":["GET"]}}],"collection":[{"href":"http:\/\/autismancaar.ro\/ro\/wp-json\/wp\/v2\/pages"}],"about":[{"href":"http:\/\/autismancaar.ro\/ro\/wp-json\/wp\/v2\/types\/page"}],"author":[{"embeddable":true,"href":"http:\/\/autismancaar.ro\/ro\/wp-json\/wp\/v2\/users\/2"}],"replies":[{"embeddable":true,"href":"http:\/\/autismancaar.ro\/ro\/wp-json\/wp\/v2\/comments?post=446"}],"version-history":[{"count":2,"href":"http:\/\/autismancaar.ro\/ro\/wp-json\/wp\/v2\/pages\/446\/revisions"}],"predecessor-version":[{"id":2094,"href":"http:\/\/autismancaar.ro\/ro\/wp-json\/wp\/v2\/pages\/446\/revisions\/2094"}],"up":[{"embeddable":true,"href":"http:\/\/autismancaar.ro\/ro\/wp-json\/wp\/v2\/pages\/425"}],"wp:attachment":[{"href":"http:\/\/autismancaar.ro\/ro\/wp-json\/wp\/v2\/media?parent=446"}],"curies":[{"name":"wp","href":"https:\/\/api.w.org\/{rel}","templated":true}]}}