{"id":450,"date":"2011-06-29T10:59:58","date_gmt":"2011-06-29T10:59:58","guid":{"rendered":"http:\/\/autismancaar.ro\/?page_id=450"},"modified":"2014-11-03T16:38:06","modified_gmt":"2014-11-03T16:38:06","slug":"solutii","status":"publish","type":"page","link":"http:\/\/autismancaar.ro\/ro\/campanie\/solutii\/","title":{"rendered":"Solutii"},"content":{"rendered":"<p><a href=\"http:\/\/autismancaar.ro\/ro\/wp-content\/uploads\/2011\/06\/logo-omul-din-spatele-autismului_rgb-poza-web4.jpg\"><img loading=\"lazy\" decoding=\"async\" class=\"aligncenter size-medium wp-image-1422\" title=\"logo-omul-din-spatele-autismului\" src=\"http:\/\/autismancaar.ro\/ro\/wp-content\/uploads\/2011\/06\/logo-omul-din-spatele-autismului_rgb-poza-web4-300x149.jpg\" alt=\"\" width=\"300\" height=\"149\" srcset=\"http:\/\/autismancaar.ro\/ro\/wp-content\/uploads\/2011\/06\/logo-omul-din-spatele-autismului_rgb-poza-web4-300x149.jpg 300w, http:\/\/autismancaar.ro\/ro\/wp-content\/uploads\/2011\/06\/logo-omul-din-spatele-autismului_rgb-poza-web4.jpg 1024w\" sizes=\"auto, (max-width: 300px) 100vw, 300px\" \/><\/a><\/p>\n<blockquote><p>V\u0103 adresez acest mesaj \u00een speran\u0163a c\u0103 m\u0103 ve\u0163i putea ajuta \u00een rezolvarea problemei pe care o voi expune \u00een r\u00e2ndurile urm\u0103toare. Pe scurt, este vorba despre fratele meu, C., n\u0103scut \u00een 1968 \u015fi diagnosticat cu autism. Din cauza acestui boli, fratele meu nu a putut urma nicio form\u0103 de \u015fcolarizare \u015fi \u00een consecin\u0163\u0103 nu a putut nici s\u0103 lucreze \u00een niciun fel, singurele sale venituri fiind pensia de handicap \u015fi cea de urma\u015f ob\u0163inut\u0103 \u00een urma decesului tat\u0103lui meu, \u00een 1991. Fratele meu locuie\u015fte \u00eempreun\u0103 cu mine \u015fi mama mea \u015fi beneficiaz\u0103 de afec\u0163iune \u015fi condi\u0163ii acceptabile de trai, totu\u015fi \u00eei lipse\u015fte interac\u0163iunea cu al\u0163i oameni \u015fi \u00een mod special cu persoane asemenea lui. Dac\u0103 \u00eemi pute\u0163i indica adresa unei filiale a organiza\u0163iei dumneavoastr\u0103, ca \u015fi orice alte am\u0103nunte legate de activitatea dumneavoastr\u0103, v-a\u015f fi deosebit de recunosc\u0103tor. V\u0103 mul\u0163umesc din suflet pentru bun\u0103voin\u0163\u0103 \u015fi pentru orice detalii suplimentare pot fi contactat la\u2026<\/p><\/blockquote>\n<p><span style=\"color: #ff0000;\"><strong>ANCAAR vrea s\u0103 ofere o solu\u0163ie acestei probleme<\/strong>. <\/span>Din p\u0103cate, \u00een acest moment, <strong>nu exist\u0103 niciun loc <\/strong>\u00een Rom\u00e2nia \u00een care C. \u015fi adul\u0163i asemenea lui, adic\u0103 afecta\u0163i de tulburarea din spectrul autist s\u0103 poat\u0103 fi integra\u0163i, s\u0103 beneficieze de sprijin, de educa\u0163ie specializat\u0103, de un spa\u0163iu de locuit \u015fi de un un loc de munc\u0103 \u00een care s\u0103 se \u0163in\u0103 cont de nevoile lor specifice.<\/p>\n<p><a href=\"http:\/\/autismancaar.ro\/ro\/campanie\/bannere\/\">Sus\u021bine cauza noastr\u0103!<\/a><\/p>\n<p><strong>Persoana cu autism are nevoie<\/strong> de o locuin\u0163\u0103 \u00een regim protejat, unde spa\u0163iul \u015fi timpul sunt structurate conform nevoilor sale de ordine, organizare \u015fi claritate. \u201eSunt anumite forme ale acestei tulbur\u0103ri care au nevoie de un anume regim, un anume program. Dac\u0103 lucrurile nu sunt f\u0103cute la un nivel performant, e mai bine s\u0103 le evi\u0163i.\u201d (mam\u0103)<\/p>\n<p>ANCAAR Rom\u00e2nia v\u0103 propune <a href=\"http:\/\/autismancaar.ro\/ro\/campanie\/help-autism\/\">s\u0103 participa\u0163i activ<\/a> \u00een cadrul proiectului de construc\u0163ie a Centrului pentru Tineri \u015fi Adul\u0163i cu Autism, compus din cas\u0103 familial\u0103 \u015fi ateliere protejate.<\/p>\n<p><span style=\"color: #ff0000;\">Casa familial\u0103 <\/span>va permite cazarea, \u00een sistem reziden\u0163ial, <a href=\"http:\/\/autismancaar.ro\/ro\/campanie\/exista-adulti-cu-autism-in-romania\/\">a tinerilor \u015fi adul\u0163ilor cu autism<\/a>, sub supraveghere \u015fi sprijinire permanent\u0103 efectuat\u0103 de persoane competente, formate de speciali\u015fti str\u0103ini, cu experien\u0163\u0103 \u00een lucrul cu adul\u0163i afecta\u0163i de TSA. \u00cen acest sens, ANCAAR are un acord interna\u0163ional cu un institut care va oferi module \u015fi cursuri pe durata 1 an \u015fi jum\u0103tate pentru a preg\u0103ti personalul care va activa \u00een Centrul nostru.<\/p>\n<p><a href=\"http:\/\/autismancaar.ro\/ro\/wp-content\/uploads\/2011\/06\/casa.jpg\"><img loading=\"lazy\" decoding=\"async\" class=\"aligncenter size-full wp-image-456\" title=\"centrul\" src=\"http:\/\/autismancaar.ro\/ro\/wp-content\/uploads\/2011\/06\/casa.jpg\" alt=\"\" width=\"600\" height=\"335\" srcset=\"http:\/\/autismancaar.ro\/ro\/wp-content\/uploads\/2011\/06\/casa.jpg 600w, http:\/\/autismancaar.ro\/ro\/wp-content\/uploads\/2011\/06\/casa-300x167.jpg 300w\" sizes=\"auto, (max-width: 600px) 100vw, 600px\" \/><\/a><\/p>\n<p><span style=\"color: #ff0000;\">Atelierele protejate <\/span>vor constitui un spa\u0163iu organizat special pentru tinerii \u015fi adul\u0163ii cu autism care, \u00een urma educa\u0163iei speciale primite de-a lungul anilor, au achizi\u0163ionat compenten\u0163e, \u015fi-au dezvoltat abilit\u0103\u0163ile \u015fi talentele, dar nu au avut unde profesa. ANCAAR va crea <strong>ateliere de buc\u0103t\u0103rie, birotic\u0103 \u015fi calculatoare, lucru manual \u015fi t\u00e2mpl\u0103rie, o gr\u0103din\u0103 <\/strong>\u015fi, \u00een cele din urm\u0103, <strong>o ferm\u0103<\/strong>. Personalul care va asista tinerii \u015fi adul\u0163ii cu autism va fi format din speciali\u015fti \u015fi voluntari, cu experien\u0163\u0103 \u00een lucrul cu persoane cu TSA.<\/p>\n<p style=\"text-align: center;\"><strong><a href=\"http:\/\/autismancaar.ro\/ro\/campanie\/help-autism\/\">AJUT\u0102 \u0218I TU!<\/a><\/strong><\/p>\n","protected":false},"excerpt":{"rendered":"<p>V\u0103 adresez acest mesaj \u00een speran\u0163a c\u0103 m\u0103 ve\u0163i putea ajuta \u00een rezolvarea problemei pe care o voi expune \u00een r\u00e2ndurile urm\u0103toare. Pe scurt, este vorba despre fratele meu, C., n\u0103scut \u00een 1968 \u015fi diagnosticat cu autism. Din cauza acestui boli, fratele meu nu a putut urma nicio form\u0103 de \u015fcolarizare \u015fi \u00een consecin\u0163\u0103 nu [&hellip;]<\/p>\n","protected":false},"author":2,"featured_media":0,"parent":425,"menu_order":3,"comment_status":"open","ping_status":"closed","template":"","meta":{"ngg_post_thumbnail":0,"footnotes":""},"class_list":["post-450","page","type-page","status-publish","hentry"],"_links":{"self":[{"href":"http:\/\/autismancaar.ro\/ro\/wp-json\/wp\/v2\/pages\/450","targetHints":{"allow":["GET"]}}],"collection":[{"href":"http:\/\/autismancaar.ro\/ro\/wp-json\/wp\/v2\/pages"}],"about":[{"href":"http:\/\/autismancaar.ro\/ro\/wp-json\/wp\/v2\/types\/page"}],"author":[{"embeddable":true,"href":"http:\/\/autismancaar.ro\/ro\/wp-json\/wp\/v2\/users\/2"}],"replies":[{"embeddable":true,"href":"http:\/\/autismancaar.ro\/ro\/wp-json\/wp\/v2\/comments?post=450"}],"version-history":[{"count":2,"href":"http:\/\/autismancaar.ro\/ro\/wp-json\/wp\/v2\/pages\/450\/revisions"}],"predecessor-version":[{"id":2096,"href":"http:\/\/autismancaar.ro\/ro\/wp-json\/wp\/v2\/pages\/450\/revisions\/2096"}],"up":[{"embeddable":true,"href":"http:\/\/autismancaar.ro\/ro\/wp-json\/wp\/v2\/pages\/425"}],"wp:attachment":[{"href":"http:\/\/autismancaar.ro\/ro\/wp-json\/wp\/v2\/media?parent=450"}],"curies":[{"name":"wp","href":"https:\/\/api.w.org\/{rel}","templated":true}]}}