{"id":52,"date":"2011-03-12T15:20:17","date_gmt":"2011-03-12T15:20:17","guid":{"rendered":"http:\/\/autismancaar.ro\/?page_id=52"},"modified":"2014-11-03T15:25:52","modified_gmt":"2014-11-03T15:25:52","slug":"sperante","status":"publish","type":"page","link":"http:\/\/autismancaar.ro\/ro\/despre-autism\/sperante\/","title":{"rendered":"Sperante"},"content":{"rendered":"<p><strong>Exist\u0103 motive de speran\u0163\u0103?<\/strong><\/p>\n<p>C\u00e2nd p\u0103rin\u0163ii afl\u0103 c\u0103 au un copil autist, \u015fi-ar dori ca problema s\u0103 dispar\u0103 \u00een mod magic. Ei a\u015fteptau ner\u0103bd\u0103tori s\u0103-\u015fi vad\u0103 copilul cresc\u00e2nd \u015fi \u00eenv\u0103\u0163\u00e2nd. \u00cen schimb, acum trebuie s\u0103 fac\u0103 fa\u0163\u0103 realit\u0103\u0163ii c\u0103 au un copil care nu se va ridica la \u00een\u0103l\u0163imea visurilor lor \u015fi care ar putea s\u0103 le pun\u0103 r\u0103bdarea la \u00eencercare permanent. Unele familii neag\u0103 problema sau viseaz\u0103 la un antidot instant, care nu exist\u0103. Pot duce copilul la un specialist, apoi la altul, sper\u00e2nd la un diagnostic diferit. Este important pentru familie s\u0103-\u015fi dep\u0103\u015feasc\u0103 durerea \u015fi s\u0103 fac\u0103 fa\u0163\u0103 problemei, \u00een acela\u015fi timp sper\u00e2nd la un viitor bun pentru copilul lor. Majoritatea familiilor realizeaz\u0103 c\u0103 vie\u0163ile lor pot continua.<\/p>\n<p>Ast\u0103zi, mai mult dec\u00e2t oric\u00e2nd, persoanele cu autism pot fi ajutate. O combina\u0163ie \u00eentre interven\u0163ia timpurie, educa\u0163ia special\u0103, sprijinul familiei \u015fi medica\u0163ie ajut\u0103 la cre\u015fterea num\u0103rului de copii auti\u015fti care vor duce o via\u0163\u0103 normal\u0103. Interven\u0163iile speciale \u015fi programele educa\u0163ionale pot m\u0103ri capacitatea acestor copii de a \u00eenv\u0103\u0163a, de a comunica \u015fi de a rela\u0163iona cu al\u0163ii, \u00een timp ce se reduce severitatea \u015fi frecven\u0163a comportamentelor nedorite. Medicamentele vor fi folosite pentru a atenua unele simptome.<\/p>\n<p>Ast\u0103zi, un copil care beneficiaz\u0103 de terapie \u015fi de o educa\u0163ie care dau rezultate are posibilitatea de a-\u015fi folosi capacitatea unic\u0103 de a \u00eenv\u0103\u0163a. Chiar \u015fi cei care au retard mintal pot st\u0103p\u00e2ni multe aptitudini de autogospod\u0103rire, cum ar fi manevrarea banilor, g\u0103titul ori sp\u0103latul. Pentru ace\u015fti copii, independen\u0163a \u015fi grija de sine pot fi scopuri principale. Al\u0163i tineri pot continua \u00eenv\u0103\u0163area aptitudinilor \u015fcolare de baz\u0103: cititul, scrisul \u015fi matematica simpl\u0103. Mul\u0163i termin\u0103 liceul. Unii pot chiar absolvi \u015fi facultatea. Ca la orice alt\u0103 persoan\u0103, interesele personale asigur\u0103 ini\u0163iative puternice de a \u00eenv\u0103\u0163a. \u00cen mod clar, un factor important \u00een dezvoltarea poten\u0163ialului de independen\u0163\u0103 al unui copil este interven\u0163ia timpurie. Cu c\u00e2t mai repede \u00eencepe s\u0103 primeasc\u0103 ajutor, cu at\u00e2t mai mare este posibilitatea lui de a \u00eenv\u0103\u0163a. Mai mult, deoarece creierul unui copil este \u00een continu\u0103 dezvoltare, speciali\u015ftii cred c\u0103 interven\u0163ia timpurie ofer\u0103 copilului cea mai bun\u0103 \u015fans\u0103 pentru a-\u015fi dezvolta poten\u0163ialul maxim. Chiar \u015fi a\u015fa, nu conteaz\u0103 c\u00e2nd este diagnosticat copilul.<\/p>\n<p><strong>Nu este niciodat\u0103 prea t\u00e2rziu pentru a \u00eencepe tratamentul!<\/strong><\/p>\n<p><span style=\"color: #ff0000; text-decoration: underline;\"><strong>Autismul nu este:<\/strong>\u00a0<\/span><\/p>\n<ul>\n<ul>\n<li>o boal\u0103 psihic\u0103<\/li>\n<li>o boal\u0103 contagioas\u0103<\/li>\n<li>un refuz de a comunica<\/li>\n<li>o consecin\u021b\u0103 a educa\u021biei<\/li>\n<li>\u00een vreun fel vindecabil<\/li>\n<\/ul>\n<\/ul>\n<p><span style=\"color: #ff0000; text-decoration: underline;\"><strong>Autismul este: <\/strong><\/span><\/p>\n<ul>\n<li>o tulburare de dezvoltare care afecteaz\u0103 trei arii: comunicarea, socializarea \u0219i imagina\u021bia<\/li>\n<li>cu origine cerebral\u0103 \u0219i \u00een general prezent de la na\u0219tere<\/li>\n<li>&#8222;epidemic&#8221;: conform ultimelor cercet\u0103ri, 1 din 35 de copii este autist (American Journal of Psychiatry)<\/li>\n<li>o tulburare pe toat\u0103 durata vie\u021bii<\/li>\n<\/ul>\n","protected":false},"excerpt":{"rendered":"<p>Exist\u0103 motive de speran\u0163\u0103? C\u00e2nd p\u0103rin\u0163ii afl\u0103 c\u0103 au un copil autist, \u015fi-ar dori ca problema s\u0103 dispar\u0103 \u00een mod magic. Ei a\u015fteptau ner\u0103bd\u0103tori s\u0103-\u015fi vad\u0103 copilul cresc\u00e2nd \u015fi \u00eenv\u0103\u0163\u00e2nd. \u00cen schimb, acum trebuie s\u0103 fac\u0103 fa\u0163\u0103 realit\u0103\u0163ii c\u0103 au un copil care nu se va ridica la \u00een\u0103l\u0163imea visurilor lor \u015fi care ar putea [&hellip;]<\/p>\n","protected":false},"author":2,"featured_media":0,"parent":10,"menu_order":0,"comment_status":"open","ping_status":"closed","template":"","meta":{"ngg_post_thumbnail":0,"footnotes":""},"class_list":["post-52","page","type-page","status-publish","hentry"],"_links":{"self":[{"href":"http:\/\/autismancaar.ro\/ro\/wp-json\/wp\/v2\/pages\/52","targetHints":{"allow":["GET"]}}],"collection":[{"href":"http:\/\/autismancaar.ro\/ro\/wp-json\/wp\/v2\/pages"}],"about":[{"href":"http:\/\/autismancaar.ro\/ro\/wp-json\/wp\/v2\/types\/page"}],"author":[{"embeddable":true,"href":"http:\/\/autismancaar.ro\/ro\/wp-json\/wp\/v2\/users\/2"}],"replies":[{"embeddable":true,"href":"http:\/\/autismancaar.ro\/ro\/wp-json\/wp\/v2\/comments?post=52"}],"version-history":[{"count":1,"href":"http:\/\/autismancaar.ro\/ro\/wp-json\/wp\/v2\/pages\/52\/revisions"}],"predecessor-version":[{"id":2037,"href":"http:\/\/autismancaar.ro\/ro\/wp-json\/wp\/v2\/pages\/52\/revisions\/2037"}],"up":[{"embeddable":true,"href":"http:\/\/autismancaar.ro\/ro\/wp-json\/wp\/v2\/pages\/10"}],"wp:attachment":[{"href":"http:\/\/autismancaar.ro\/ro\/wp-json\/wp\/v2\/media?parent=52"}],"curies":[{"name":"wp","href":"https:\/\/api.w.org\/{rel}","templated":true}]}}