{"id":680,"date":"2011-08-11T07:46:02","date_gmt":"2011-08-11T07:46:02","guid":{"rendered":"http:\/\/autismancaar.ro\/?page_id=680"},"modified":"2014-11-03T15:33:54","modified_gmt":"2014-11-03T15:33:54","slug":"metoda-eu-sunt-special","status":"publish","type":"page","link":"http:\/\/autismancaar.ro\/ro\/noutati-2\/carti\/metoda-eu-sunt-special\/","title":{"rendered":"&#8222;Eu sunt special&#8221;"},"content":{"rendered":"<p style=\"font-size: 16px; background-color: #c0ebd0;\">Cartea \u201eEu sunt special\u201d scris\u0103 de belgianul Peter Vermeulen prezint\u0103, pentru prima dat\u0103 \u00een Rom\u00e2nia, metoda de lucru care \u00een prezent este folosit\u0103 \u00een terapia persoanelor cu autism \u00een peste 10 \u021b\u0103ri. Cartea este \u00eenso\u021bit\u0103 de un DVD pe care sunt <strong>Fi\u0219ele de lucru <\/strong>ale acestei metode, \u00een num\u0103r de 410, care se aplic\u0103 at\u00e2t persoanelor cu autism (de orice v\u00e2rst\u0103), c\u00e2t \u0219i familiei \u0219i speciali\u0219tilor care lucreaz\u0103 \u00een domeniul autismului. \u201eEu sunt special\u201d faciliteaz\u0103 cunoa\u0219terea \u00een profunzime a caracteristicilor tulbur\u0103rilor din spectrul autismului, a cauzelor \u0219i a evolu\u021biei afec\u021biunii, diferitele forme de tratament, consecin\u021bele pe plan personal \u0219i social, diferite posibilit\u0103\u021bi de gestionare a tulbur\u0103rilor \u0219i de sus\u021binere a persoanei afectate.<\/p>\n<p>Cartea este publicat\u0103 de ANCAAR \u00een tiraj de 1000 de exemplare \u00eenso\u021bite de DVD, cu distribu\u021bie na\u021bional\u0103.<\/p>\n<p>Formatul este\u00a0166&#215;234 mm, cu coperte plastefiate. Pre\u021b: <em><strong>100 ron.<\/strong><\/em><\/p>\n<p>Drepturile asupra prezentei traduceri apar\u021bin \u00een exclusivitate <strong>Asocia\u021bei Na\u021bionale pentru Copii \u0219i Adul\u021bi cu Autism din Rom\u00e2nia \u2013 ANCAAR<\/strong>.<\/p>\n<p>Este interzis\u0103 co<a href=\"http:\/\/autismancaar.ro\/ro\/wp-content\/uploads\/2011\/08\/Coperta1.jpg\"><img loading=\"lazy\" decoding=\"async\" class=\"size-thumbnail wp-image-690 alignleft\" title=\"Coperta1\" src=\"http:\/\/autismancaar.ro\/ro\/wp-content\/uploads\/2011\/08\/Coperta1-150x150.jpg\" alt=\"\" width=\"150\" height=\"150\" \/><\/a>pierea, distribu\u021bia \u0219i v\u00e2nzarea par\u021bial\u0103 sau total\u0103 a oric\u0103rei p\u0103r\u021bi a c\u0103r\u021bii \u201eEu sunt special\u201d \u0219i a fi\u0219elor de lucru anexate, f\u0103r\u0103 acordul \u00een prealabil al <strong>ANCAAR<\/strong>. Nerespectarea se pedepse\u0219te conform legii.<\/p>\n<p><strong>\u00a9 ANCAAR, 2011, prima edi\u021bie<br \/>\n<\/strong><\/p>\n<p><strong>Lansarea c\u0103r\u021bii <\/strong>\u201eEu sunt special\u201d s-a f\u0103cut \u00een cadrul conferin\u021bei <em>Omul din spatele Autismului<\/em> de la Foc\u0219ani,\u00a0 pe 1 octombrie <a href=\"http:\/\/autismancaar.ro\/ro\/wp-content\/uploads\/2011\/08\/dvd.jpg\"><img loading=\"lazy\" decoding=\"async\" class=\"size-thumbnail wp-image-692 alignright\" title=\"dvd\" src=\"http:\/\/autismancaar.ro\/ro\/wp-content\/uploads\/2011\/08\/dvd-150x150.jpg\" alt=\"\" width=\"150\" height=\"150\" \/><\/a>2011.<\/p>\n<p>Cu ajutorul formularului de mai jos pute\u021bi comanda cartea, \u00eenso\u021bit\u0103 de DVD, care v\u0103 va fi livrat\u0103 prin po\u0219t\u0103 \u00een sistem ramburs \u00een termen de 2-3 zile lucr\u0103toare. V\u0103 rug\u0103m s\u0103 specifica\u021bi clar adresa dvs. din buletin, Codul Numeric Personal \u0219i num\u0103rul de telefon pentru a facilita ridicarea coletului. Pentru Bucure\u0219ti, cartea este livrat\u0103 personal, la domiciliu.<\/p>\n<p><strong>Comanda aici: office@autismancaar.ro, tel. 0726 207 808.<\/strong><\/p>\n<p><span style=\"font-size: large;\"><strong>R\u0103sfoie\u0219te cartea <a href=\"http:\/\/issuu.com\/ancaar\/docs\/eu_sunt_special\">aici<\/a><\/strong><\/span><\/p>\n<p><span style=\"font-size: large;\"><strong> Deschide DVD-ul <a href=\"http:\/\/issuu.com\/ancaar\/docs\/selectiefise_eusuntspecial\">aici<\/a><\/strong><\/span><\/p>\n<p>&nbsp;<\/p>\n","protected":false},"excerpt":{"rendered":"<p>Cartea \u201eEu sunt special\u201d scris\u0103 de belgianul Peter Vermeulen prezint\u0103, pentru prima dat\u0103 \u00een Rom\u00e2nia, metoda de lucru care \u00een prezent este folosit\u0103 \u00een terapia persoanelor cu autism \u00een peste 10 \u021b\u0103ri. Cartea este \u00eenso\u021bit\u0103 de un DVD pe care sunt Fi\u0219ele de lucru ale acestei metode, \u00een num\u0103r de 410, care se aplic\u0103 at\u00e2t [&hellip;]<\/p>\n","protected":false},"author":2,"featured_media":0,"parent":1481,"menu_order":0,"comment_status":"open","ping_status":"closed","template":"","meta":{"ngg_post_thumbnail":0,"footnotes":""},"class_list":["post-680","page","type-page","status-publish","hentry"],"_links":{"self":[{"href":"http:\/\/autismancaar.ro\/ro\/wp-json\/wp\/v2\/pages\/680","targetHints":{"allow":["GET"]}}],"collection":[{"href":"http:\/\/autismancaar.ro\/ro\/wp-json\/wp\/v2\/pages"}],"about":[{"href":"http:\/\/autismancaar.ro\/ro\/wp-json\/wp\/v2\/types\/page"}],"author":[{"embeddable":true,"href":"http:\/\/autismancaar.ro\/ro\/wp-json\/wp\/v2\/users\/2"}],"replies":[{"embeddable":true,"href":"http:\/\/autismancaar.ro\/ro\/wp-json\/wp\/v2\/comments?post=680"}],"version-history":[{"count":2,"href":"http:\/\/autismancaar.ro\/ro\/wp-json\/wp\/v2\/pages\/680\/revisions"}],"predecessor-version":[{"id":2046,"href":"http:\/\/autismancaar.ro\/ro\/wp-json\/wp\/v2\/pages\/680\/revisions\/2046"}],"up":[{"embeddable":true,"href":"http:\/\/autismancaar.ro\/ro\/wp-json\/wp\/v2\/pages\/1481"}],"wp:attachment":[{"href":"http:\/\/autismancaar.ro\/ro\/wp-json\/wp\/v2\/media?parent=680"}],"curies":[{"name":"wp","href":"https:\/\/api.w.org\/{rel}","templated":true}]}}