{"id":76,"date":"2011-03-14T09:20:41","date_gmt":"2011-03-14T09:20:41","guid":{"rendered":"http:\/\/autismancaar.ro\/?page_id=76"},"modified":"2014-11-04T16:32:41","modified_gmt":"2014-11-04T16:32:41","slug":"text1","status":"publish","type":"page","link":"http:\/\/autismancaar.ro\/ro\/text1\/","title":{"rendered":"In fiecare zi &#8230;"},"content":{"rendered":"<p>.. la fiecare \u015fapte ore \u015fi jum\u0103tate, \u00een Rom\u00e2nia se na\u015fte un copil cu autism. Adic\u0103 trei pe zi. E\u0219ti preg\u0103tit s\u0103-i prime\u0219ti \u00een lumea ta? C\u00e2\u0163iva sunt noroco\u015fi pentru c\u0103 p\u0103rin\u0163ii le pot pl\u0103ti terapia \u015fi \u00eei pot \u00eencuraja s\u0103-\u015fi dezvolte poten\u0163ialul. Ajung piani\u015fti, pictori \u015fi pot fi inclu\u015fi \u00een \u00eenv\u0103\u021b\u0103m\u00e2ntul normal. <a href=\"http:\/\/autismancaar.ro\/ro\/campanie\/\"><img loading=\"lazy\" decoding=\"async\" class=\"aligncenter size-full wp-image-484\" title=\"campanie-banner-m\" src=\"http:\/\/autismancaar.ro\/ro\/wp-content\/uploads\/2011\/03\/campanie-banner-m.jpg\" alt=\"\" width=\"205\" height=\"36\" \/><\/a><\/p>\n","protected":false},"excerpt":{"rendered":"<p>.. la fiecare \u015fapte ore \u015fi jum\u0103tate, \u00een Rom\u00e2nia se na\u015fte un copil cu autism. Adic\u0103 trei pe zi. E\u0219ti preg\u0103tit s\u0103-i prime\u0219ti \u00een lumea ta? C\u00e2\u0163iva sunt noroco\u015fi pentru c\u0103 p\u0103rin\u0163ii le pot pl\u0103ti terapia \u015fi \u00eei pot \u00eencuraja s\u0103-\u015fi dezvolte poten\u0163ialul. Ajung piani\u015fti, pictori \u015fi pot fi inclu\u015fi \u00een \u00eenv\u0103\u021b\u0103m\u00e2ntul normal.<\/p>\n","protected":false},"author":2,"featured_media":0,"parent":0,"menu_order":0,"comment_status":"open","ping_status":"open","template":"","meta":{"ngg_post_thumbnail":0,"footnotes":""},"class_list":["post-76","page","type-page","status-publish","hentry"],"_links":{"self":[{"href":"http:\/\/autismancaar.ro\/ro\/wp-json\/wp\/v2\/pages\/76","targetHints":{"allow":["GET"]}}],"collection":[{"href":"http:\/\/autismancaar.ro\/ro\/wp-json\/wp\/v2\/pages"}],"about":[{"href":"http:\/\/autismancaar.ro\/ro\/wp-json\/wp\/v2\/types\/page"}],"author":[{"embeddable":true,"href":"http:\/\/autismancaar.ro\/ro\/wp-json\/wp\/v2\/users\/2"}],"replies":[{"embeddable":true,"href":"http:\/\/autismancaar.ro\/ro\/wp-json\/wp\/v2\/comments?post=76"}],"version-history":[{"count":1,"href":"http:\/\/autismancaar.ro\/ro\/wp-json\/wp\/v2\/pages\/76\/revisions"}],"predecessor-version":[{"id":2113,"href":"http:\/\/autismancaar.ro\/ro\/wp-json\/wp\/v2\/pages\/76\/revisions\/2113"}],"wp:attachment":[{"href":"http:\/\/autismancaar.ro\/ro\/wp-json\/wp\/v2\/media?parent=76"}],"curies":[{"name":"wp","href":"https:\/\/api.w.org\/{rel}","templated":true}]}}