{"id":763,"date":"2011-09-15T06:19:22","date_gmt":"2011-09-15T06:19:22","guid":{"rendered":"http:\/\/autismancaar.ro\/?page_id=763"},"modified":"2014-11-03T16:30:49","modified_gmt":"2014-11-03T16:30:49","slug":"conferinta-omul-din-spatele-autismului","status":"publish","type":"page","link":"http:\/\/autismancaar.ro\/ro\/campanie\/evenimentele-campaniei\/conferinta-omul-din-spatele-autismului\/","title":{"rendered":"Conferinta &#8222;Omul din spatele Autismului&#8221;"},"content":{"rendered":"<p><a href=\"http:\/\/autismancaar.ro\/ro\/wp-content\/uploads\/2011\/09\/logo-omul-din-spatele-autismului_rgb-poza-web.jpg\"><img loading=\"lazy\" decoding=\"async\" class=\"size-medium wp-image-1418 alignleft\" title=\"logo-omul-din-spatele-autismului\" src=\"http:\/\/autismancaar.ro\/ro\/wp-content\/uploads\/2011\/09\/logo-omul-din-spatele-autismului_rgb-poza-web-300x149.jpg\" alt=\"\" width=\"300\" height=\"149\" srcset=\"http:\/\/autismancaar.ro\/ro\/wp-content\/uploads\/2011\/09\/logo-omul-din-spatele-autismului_rgb-poza-web-300x149.jpg 300w, http:\/\/autismancaar.ro\/ro\/wp-content\/uploads\/2011\/09\/logo-omul-din-spatele-autismului_rgb-poza-web.jpg 1024w\" sizes=\"auto, (max-width: 300px) 100vw, 300px\" \/><\/a><\/p>\n<p>&nbsp;<\/p>\n<ul>\n<li><span style=\"font-size: medium;\"><span style=\"text-decoration: underline;\">ORGANIZATORI<\/span>: <strong>ANCAAR, Asocia\u021bia <em>Speran\u021ba Andradei<\/em>, CRISP<\/strong><br \/>\n<\/span><\/li>\n<li><span style=\"font-size: medium;\"><span style=\"text-decoration: underline;\">LOCA\u021aIE<\/span>: Casa de cultur\u0103 a Sindicatelor Leopoldina B\u0103l\u0103nu\u021b\u0103, Foc\u0219ani<\/span><\/li>\n<li><span style=\"font-size: medium;\"><span style=\"text-decoration: underline;\">PERIOAD\u0102<\/span>: 1-2 octombrie 2011, cu \u00eencepere de la ora 9<\/span><\/li>\n<li><span style=\"font-size: medium;\"><span style=\"text-decoration: underline;\">PROGRAMUL <a href=\"http:\/\/autismancaar.ro\/ro\/wp-content\/uploads\/2011\/09\/program-conferinta.pdf\">aici<\/a><\/span><\/span><\/li>\n<li><span style=\"font-size: medium;\"><span style=\"text-decoration: underline;\">Comunicat de pres\u0103 <a href=\"http:\/\/autismancaar.ro\/ro\/wp-content\/uploads\/2011\/09\/Comunicat-conferinta-autism.pdf\">aici<\/a><\/span><\/span><\/li>\n<li><span style=\"text-decoration: underline;\"><span style=\"font-size: medium;\">Comunicat post-eveniment <a href=\"http:\/\/autismancaar.ro\/ro\/wp-content\/uploads\/2011\/09\/post-comunicat-conferinta-autism.pdf\">aici<\/a><\/span><\/span><\/li>\n<li><span style=\"font-size: medium;\"><span style=\"text-decoration: underline;\">Prezent\u0103rile lectorilor sunt disponibile \u00een lista de mai jos.<\/span><br \/>\n<\/span><\/li>\n<li>EVENIMENTE SPECIALE:<\/li>\n<\/ul>\n<p style=\"padding-left: 30px;\"><span style=\"font-size: medium;\"><strong>Mar\u0219ul Autismului<\/strong>, 30 septembrie 2011, Foc\u0219ani. <a href=\"http:\/\/autismancaar.ro\/campanie\/evenimentele-campaniei\/conferinta-omul-din-spatele-autismului\/marsul-autismului\/\">Vezi fotografii&#8230;<\/a><\/span><\/p>\n<p style=\"padding-left: 30px;\"><span style=\"font-size: medium;\">Lansarea c\u0103r\u021bii <em>Eu sunt special<\/em>, de Peter Vermeulen, ANCAAR, 2011. <a href=\"http:\/\/autismancaar.ro\/despre-autism\/metoda-eu-sunt-special\/\">Cite\u0219te&#8230;<\/a><\/span><\/p>\n<p><span style=\"font-size: medium;\"><span style=\"text-decoration: underline;\">LECTORI CONFIRMA\u021aI<\/span>:<\/span><\/p>\n<p><span style=\"font-size: medium;\"><strong>Wil Koning<\/strong> (psiholog, Olanda), Psihoeduca\u021bia &#8211; Metoda Eu sunt special (prezentare \u00een plen), Aplica\u021bii ale metodei Eu sunt special (workshop) <a href=\"http:\/\/autismancaar.ro\/ro\/wp-content\/uploads\/2011\/09\/Wil_prelegere-ro.ppt\">Descarc\u0103<\/a><br \/>\n<\/span><\/p>\n<p><span style=\"font-size: medium;\"><strong>Ella Lobregt van Buuren<\/strong> (psiholog, Olanda)- Casa familial\u0103 cu ateliere protejate LeoKannerhuis, Olanda (prezentare \u00een plen), Terapia de familie. Teste (workshop) <a href=\"http:\/\/autismancaar.ro\/ro\/wp-content\/uploads\/2011\/09\/ella_lecture.ppt\">Descarc\u0103<\/a><br \/>\n<\/span><\/p>\n<p><span style=\"font-size: medium;\"><strong>Tudor Mitasov<\/strong> (psiholog, Ia\u0219i), Terapeutul neajutorat (prezentare \u00een plen)<\/span><\/p>\n<p><span style=\"font-size: medium;\"><strong>Alice Pruteanu<\/strong> (psiholog, Foc\u0219ani), Accesul la educa\u021bie specializat\u0103 \u0219i integrarea \u00een colectivitate a adolescen\u021bilor \u0219i adul\u021bilor cu autism (prezentare \u00een plen) <a href=\"http:\/\/autismancaar.ro\/ro\/wp-content\/uploads\/2011\/09\/prezentare-alice-oct.pptx\">Descarc\u0103 <\/a><br \/>\n<\/span><\/p>\n<p><span style=\"font-size: medium;\"><strong>Georgeta Cri\u0219u<\/strong> (consilier educa\u021bional, Bucure\u0219ti), De ce servicii <strong><em>doar<\/em><\/strong> pentru persoanele cu autism? (prezentare \u00een plen)<\/span><\/p>\n<p><span style=\"font-size: medium;\"><strong>Mihai Mihalache<\/strong> (psihopedagog, Foc\u0219ani), Terapia prin art\u0103 la persoanele cu autism (prezentare \u00een plen), Aplica\u021bii ale terapiei prin art\u0103 (workshop) <a href=\"http:\/\/autismancaar.ro\/ro\/wp-content\/uploads\/2011\/09\/mihai-mihalache.ppt\">Descarc\u0103 <\/a><br \/>\n<\/span><\/p>\n<p><span style=\"font-size: medium;\"><strong>Gabriela Dima<\/strong> (sociolog, Foc\u0219ani), Accesul pe pia\u021ba muncii a adul\u021bilor cu autism (prezentare \u00een plen) <a href=\"http:\/\/autismancaar.ro\/ro\/wp-content\/uploads\/2011\/09\/Integrarea-in-munca-a-adultilor-cu-autism.ppt\">Descarc\u0103<\/a><br \/>\n<\/span><\/p>\n<p><span style=\"font-size: medium;\"><strong>Carmen Gherc\u0103<\/strong> (medic, Ia\u0219i), Situa\u021bia legisla\u021biei referitoare la persoanele adulte cu autism (prezentare \u00een plen) <a href=\"http:\/\/autismancaar.ro\/ro\/wp-content\/uploads\/2011\/09\/Carmen_prezentare-conferinta-Focsani-2.ppt\">Descarc\u0103 <\/a><br \/>\n<\/span><\/p>\n<p><span style=\"font-size: medium;\"><strong>Ana Maria C\u0103praru<\/strong> (psiholog, Ia\u0219i), Centrele de respiro. Exemplificare prin modelul de la ANCAAR Ia\u0219i (prezentare \u00een plen) <a href=\"http:\/\/autismancaar.ro\/ro\/wp-content\/uploads\/2011\/09\/PREZENTARE-centre-respiro.ppt\">descarc\u0103<\/a><br \/>\n<\/span><\/p>\n<p><span style=\"font-size: medium;\"><strong>Cristina Rusu<\/strong> (medic, Iasi), Genetica autismului (prezentare \u00een plen) <a href=\"http:\/\/autismancaar.ro\/ro\/wp-content\/uploads\/2011\/09\/rusu.ppt\">descarc\u0103<\/a><br \/>\n<\/span><\/p>\n<p><span style=\"font-size: medium;\"><strong>Radu Naghiu<\/strong> (psiholog, Bucure\u0219ti), Principii \u0219i obiective de tratament \u00een autism (prezentare \u00een plen), Rolul tratamentului medicamentos homeopat la adul\u021bii cu autism \u0219i sindrom Asperger (prezentare \u00een plen) <a href=\"http:\/\/autismancaar.ro\/ro\/wp-content\/uploads\/2011\/09\/Dr.Naghiu-Radu_P2.ppt\">descarc\u01031<\/a> <a href=\"http:\/\/autismancaar.ro\/ro\/wp-content\/uploads\/2011\/09\/Dr.Naghiu_P1.ppt\">descarc\u01032<\/a><br \/>\n<\/span><\/p>\n<p><span style=\"font-size: medium;\"><strong>Paul Moro\u0219anu<\/strong> (psiholog, Bucure\u0219ti), Comunicarea la adolescen\u021bii cu autism. Alternative la limbajul verbal. Studiu de caz (prezentare \u00een plen) <a href=\"http:\/\/autismancaar.ro\/ro\/wp-content\/uploads\/2011\/09\/morosanu.pps\">descarc\u0103<\/a><br \/>\n<\/span><\/p>\n<p><span style=\"font-size: medium;\"><strong>Carmen Toader<\/strong> (psihoterapeut, Bucure\u0219ti), Ochii vorbesc \u00een g\u00e2ndul lor: perspectiva teoriilor rela\u021biilor de obiect asupra lumii interioare (prezentare \u00een plen)<br \/>\n<\/span><\/p>\n<p><span style=\"font-size: medium;\"><strong>Mariana Dio\u0219teanu<\/strong> (psiholog, FSC Bac\u0103u), Rolul artei combinate pentru tineri \u0219i adul\u021bi cu autism (prezentare \u00een plen), Program de stimulare senzorial\u0103 (workshop) \u00eempreun\u0103 cu <strong>Lenu\u021ba N\u0103stac<\/strong> (FSC Bac\u0103u) <a href=\"http:\/\/autismancaar.ro\/ro\/wp-content\/uploads\/2011\/09\/Stimularea-prin-arte-combinate-a-copilului-cu.ppt\">descarc\u0103<\/a><\/span><\/p>\n<p><span style=\"font-size: medium;\"><strong>Lili Covaci<\/strong> (psiholog, Bucure\u0219ti), Comunicarea func\u021bional\u0103 (prezentare \u00een plen)<br \/>\n<\/span><\/p>\n<p><span style=\"font-size: medium;\"><strong>Marius Zamfir <\/strong>(psiholog, Bucure\u0219ti), Efectele civiliza\u021biei moderne asupra cauzelor apari\u021biei autismului (prezentare \u00een plen) <a href=\"http:\/\/autismancaar.ro\/ro\/wp-content\/uploads\/2011\/09\/Influenta-mediului-inconjurator-si-a-civilizatiei-moderne-Fundatia-CID-2011.odp\">descarc\u0103<\/a><br \/>\n<\/span><\/p>\n<p><span style=\"font-size: medium;\"><strong>Laura Mia Oancea <\/strong>(psiholog, Foc\u0219ani), Rolul \u015fi importan\u0163a stimul\u0103rii senzoriale la tinerii cu autism (prezentare \u00een plen) <a href=\"http:\/\/autismancaar.ro\/ro\/wp-content\/uploads\/2011\/09\/Prezentare-Snoezelen-Romana.ppt\">descarc\u0103<\/a> <strong><br \/>\n<\/strong><\/span><\/p>\n<p><span style=\"font-size: medium;\"><strong><strong>Ana Fianu<\/strong> <\/strong>(medic, Foc\u0219ani),\u00a0Impactul confirm\u0103rii diagnosticului de TSA asupra familiei (prezentare \u00een plen) <strong><br \/>\n<\/strong><\/span><\/p>\n<p><span style=\"font-size: medium;\"><strong>Ion Arsene<\/strong> (medic, Ia\u0219i), Reabilitarea bazat\u0103 pe comunitate \u0219i educa\u021bia inclusiv\u0103 (prezentare \u00een plen) <a href=\"http:\/\/autismancaar.ro\/ro\/wp-content\/uploads\/2011\/09\/focsani_conf_psy_sept2011_arsene.ppt\">descarc\u0103<\/a><\/span><\/p>\n<p>&nbsp;<\/p>\n<p>&nbsp;<\/p>\n","protected":false},"excerpt":{"rendered":"<p>&nbsp; ORGANIZATORI: ANCAAR, Asocia\u021bia Speran\u021ba Andradei, CRISP LOCA\u021aIE: Casa de cultur\u0103 a Sindicatelor Leopoldina B\u0103l\u0103nu\u021b\u0103, Foc\u0219ani PERIOAD\u0102: 1-2 octombrie 2011, cu \u00eencepere de la ora 9 PROGRAMUL aici Comunicat de pres\u0103 aici Comunicat post-eveniment aici Prezent\u0103rile lectorilor sunt disponibile \u00een lista de mai jos. EVENIMENTE SPECIALE: Mar\u0219ul Autismului, 30 septembrie 2011, Foc\u0219ani. Vezi fotografii&#8230; Lansarea [&hellip;]<\/p>\n","protected":false},"author":2,"featured_media":0,"parent":440,"menu_order":4,"comment_status":"open","ping_status":"closed","template":"","meta":{"ngg_post_thumbnail":0,"footnotes":""},"class_list":["post-763","page","type-page","status-publish","hentry"],"_links":{"self":[{"href":"http:\/\/autismancaar.ro\/ro\/wp-json\/wp\/v2\/pages\/763","targetHints":{"allow":["GET"]}}],"collection":[{"href":"http:\/\/autismancaar.ro\/ro\/wp-json\/wp\/v2\/pages"}],"about":[{"href":"http:\/\/autismancaar.ro\/ro\/wp-json\/wp\/v2\/types\/page"}],"author":[{"embeddable":true,"href":"http:\/\/autismancaar.ro\/ro\/wp-json\/wp\/v2\/users\/2"}],"replies":[{"embeddable":true,"href":"http:\/\/autismancaar.ro\/ro\/wp-json\/wp\/v2\/comments?post=763"}],"version-history":[{"count":2,"href":"http:\/\/autismancaar.ro\/ro\/wp-json\/wp\/v2\/pages\/763\/revisions"}],"predecessor-version":[{"id":2087,"href":"http:\/\/autismancaar.ro\/ro\/wp-json\/wp\/v2\/pages\/763\/revisions\/2087"}],"up":[{"embeddable":true,"href":"http:\/\/autismancaar.ro\/ro\/wp-json\/wp\/v2\/pages\/440"}],"wp:attachment":[{"href":"http:\/\/autismancaar.ro\/ro\/wp-json\/wp\/v2\/media?parent=763"}],"curies":[{"name":"wp","href":"https:\/\/api.w.org\/{rel}","templated":true}]}}