{"id":78,"date":"2011-03-14T09:21:32","date_gmt":"2011-03-14T09:21:32","guid":{"rendered":"http:\/\/autismancaar.ro\/?page_id=78"},"modified":"2014-11-04T16:32:06","modified_gmt":"2014-11-04T16:32:06","slug":"text-2","status":"publish","type":"page","link":"http:\/\/autismancaar.ro\/ro\/text-2\/","title":{"rendered":"Esti \u00eengrijorat &#8230;"},"content":{"rendered":"<p>&#8230; c\u0103 fiul sau fiica ta ar putea avea autism? Este obligatoriu s\u0103 mergi la medicul de familie pentru a beneficia de screening-ul gratuit oferit de Casa de Asigur\u0103ri de S\u0103n\u0103tate. Noi te putem ajuta oferindu-\u0163i un rezumat al simptomelor.<\/p>\n<ul>\n<li><a href=\"http:\/\/autismancaar.ro\/ro\/screening-autism\/\">Descarc\u0103 posterul al\u0103turat<\/a>.<\/li>\n<\/ul>\n","protected":false},"excerpt":{"rendered":"<p>&#8230; c\u0103 fiul sau fiica ta ar putea avea autism? Este obligatoriu s\u0103 mergi la medicul de familie pentru a beneficia de screening-ul gratuit oferit de Casa de Asigur\u0103ri de S\u0103n\u0103tate. Noi te putem ajuta oferindu-\u0163i un rezumat al simptomelor. Descarc\u0103 posterul al\u0103turat.<\/p>\n","protected":false},"author":2,"featured_media":0,"parent":0,"menu_order":0,"comment_status":"open","ping_status":"open","template":"","meta":{"ngg_post_thumbnail":0,"footnotes":""},"class_list":["post-78","page","type-page","status-publish","hentry"],"_links":{"self":[{"href":"http:\/\/autismancaar.ro\/ro\/wp-json\/wp\/v2\/pages\/78","targetHints":{"allow":["GET"]}}],"collection":[{"href":"http:\/\/autismancaar.ro\/ro\/wp-json\/wp\/v2\/pages"}],"about":[{"href":"http:\/\/autismancaar.ro\/ro\/wp-json\/wp\/v2\/types\/page"}],"author":[{"embeddable":true,"href":"http:\/\/autismancaar.ro\/ro\/wp-json\/wp\/v2\/users\/2"}],"replies":[{"embeddable":true,"href":"http:\/\/autismancaar.ro\/ro\/wp-json\/wp\/v2\/comments?post=78"}],"version-history":[{"count":1,"href":"http:\/\/autismancaar.ro\/ro\/wp-json\/wp\/v2\/pages\/78\/revisions"}],"predecessor-version":[{"id":2112,"href":"http:\/\/autismancaar.ro\/ro\/wp-json\/wp\/v2\/pages\/78\/revisions\/2112"}],"wp:attachment":[{"href":"http:\/\/autismancaar.ro\/ro\/wp-json\/wp\/v2\/media?parent=78"}],"curies":[{"name":"wp","href":"https:\/\/api.w.org\/{rel}","templated":true}]}}