{"id":883,"date":"2011-11-09T18:21:21","date_gmt":"2011-11-09T18:21:21","guid":{"rendered":"http:\/\/autismancaar.ro\/?page_id=883"},"modified":"2014-11-03T16:27:16","modified_gmt":"2014-11-03T16:27:16","slug":"artistul-din-spatele-autismului","status":"publish","type":"page","link":"http:\/\/autismancaar.ro\/ro\/campanie\/evenimentele-campaniei\/artistul-din-spatele-autismului\/","title":{"rendered":"Artistul din spatele Autismului"},"content":{"rendered":"<p><strong>Artistul din spatele autismului &#8211;\u00a0<\/strong><strong>Edi<\/strong><strong>\u0163<\/strong><strong>ia III<\/strong><\/p>\n<p><strong>Concerte de pian, expozi\u0163ie de pictur\u0103<\/strong><strong>, ceramic\u0103, quilling<\/strong><strong>, produse handmade<\/strong><\/p>\n<p><strong>Asocia\u0163ia Na\u0163ional\u0103 pentru Copii \u015fi Adul\u0163i cu Autism din Rom\u00e2nia<\/strong> are placerea s\u0103 v\u0103 invite mar\u0163i, <strong>10 iunie 2014<\/strong>, de la <strong>ora 17.00<\/strong>, la \u201c<strong>Biblioteca Central\u0103 Universitar\u0103 Carol I\u201d<\/strong> (str. Boteanu nr. 1, sector 1, Bucure\u0219ti)la o serie de evenimente sub genericul <strong><em>\u201cArtistul din spatele autismului \u2013 Ed. III\u201d.<\/em> <\/strong><\/p>\n<p>Evenimentul organizat de <strong>Asocia\u0163ia Na\u0163ional\u0103 pentru Copii \u015fi Adul\u0163i cu Autism din Rom\u00e2nia (ANCAAR)<\/strong> include un concert de pian sus\u0163inut de <strong>Victor<\/strong> (19 ani), o expozi\u0163ie de pictur\u0103 cu v\u00e2nzare semnat\u0103 de <strong>Andrei <\/strong>(13 ani) \u015fi un stand de prezentare a unor produse de quilling realizate de <strong>M\u0103d\u0103lin <\/strong>(17 ani), tineri diagnostica\u0163i cu autism.<\/p>\n<p>Surpriza evenimentului din acest an o constituie <strong>Mircea<\/strong> (39 ani), diagnosticat cu sindrom Arsperger care va \u00eenc\u00e2nta publicul cu baladele sale rock.<\/p>\n<p>\u00cen \u00eencununarea acestei serii, invitatul special, <strong>Baritonul Constantin Tra\u015fc\u0103<\/strong>, va completa evenimentul prin sus\u0163inerea unui recital emo\u0163ionant.<\/p>\n<p>Mai mult, cei prezen\u021bi se pot delecta cu o suit\u0103 de produse handmade lucrate \u00een atelierele ANCAAR de copii, adolescen\u0163i \u015fi adul\u0163i cu autism, al\u0103turi de terapeu\u0163ii lor \u015fi de arti\u015fti pricepu\u0163i. Programul mai include \u0219i o tombol\u0103 \u015fi alte mici surprize.<\/p>\n<p>Evenimentul <strong><em>\u201cArtistul din spatele autismului \u2013 Ed. III\u201d <\/em><\/strong>face parte din Campania <strong><em>\u201c<\/em><\/strong><strong><em>Omul din spatele autismului\u201d<\/em><\/strong>, care \u00ee\u015fi propune promovarea abilit\u0103\u0163ilor \u015fi talentelor artistice ale persoanelor cu autism care au beneficiat \u00a0de programe terapeutice \u015fi de socializare \u00een cadrul ANCAAR.<\/p>\n<p><strong>ANCAAR<\/strong> accentueaz\u0103 mesajul campaniei: <strong>m\u0103sura \u00een care persoanele cu autism se pot integra pe pia\u021ba muncii nu depinde de inteligen\u0163a, aptitudinile sau posibilit\u0103\u0163ile lor de comunicare, ci de <em>toleran\u0163a <\/em>noastr\u0103.<\/strong><\/p>\n<p>La eveniment sunt a\u015ftepta\u0163i, tineri \u0219i copii cu autism, apar\u021bin\u0103torii acestora, speciali\u0219ti din domeniul autismului, profesori \u0219i educatori, studen\u0163i, public larg, reprezentan\u021bi ai mass-media.<\/p>\n<p>V\u0103 a\u015ftept\u0103m cu drag, s\u0103 ne bucur\u0103m cu to\u0163ii de progresele acestor tineri!<\/p>\n<p><strong><a href=\"http:\/\/autismancaar.ro\/ro\/wp-content\/uploads\/2014\/06\/comunicat-posteveniment.pdf\"> Comunicat post eveniment: Artistul din spatele autismului \u2013 Ed. III<\/a><\/strong><\/p>\n<hr \/>\n<div style=\"text-align: left;\" align=\"center\"><strong>Edi<\/strong><strong>\u0163<\/strong><strong>ia II<\/strong><\/div>\n<div style=\"text-align: left;\" align=\"center\"><b>Concert de pian, expozi\u0163ie de pictur\u0103<\/b><b>, ceramic\u0103, quilling<\/b><b> \u0219i film documentar<\/b><\/div>\n<p><span style=\"font-size: medium;\">Mar\u021bi, <b>2 aprilie 2013<\/b>, de la <b>ora 18.00<\/b>, la <b>Centrul Cultural Casa Eliad \u2013 Prim\u0103ria Sectorului 3 <\/b>(Bd. Mircea Vod\u0103 nr. 5) a avut loc o serie de evenimente sub genericul <b><i>Artistul din spatele autismului<\/i>, <i>edi\u021bia a doua<\/i>. <\/b>Organizat de <b>Asocia\u0163ia Na\u0163ional\u0103 pentru Copii \u015fi Adul\u0163i cu Autism din Rom\u00e2nia (ANCAAR)<\/b> \u00een parteneriat cu <b>Prim\u0103ria Sectorului 3<\/b>, programul a inclus un concert de pian sus\u0163inut de <b>Victor<\/b>, un t\u00e2n\u0103r \u00een v\u00e2rst\u0103 de 17 ani diagnosticat cu autism, o expozi\u021bie de pictur\u0103 cu v\u00e2nzare semnat\u0103 de <b>Andrei<\/b>, un copil de 12 ani diagnosticat cu aceea\u015fi afec\u0163iune \u0219i un stand de prezentare a unor produse de quilling \u0219i a unor p\u0103pu\u0219i din ceramic\u0103, realizate de <b>M\u0103d\u0103lin, <\/b>\u00een v\u00e2rst\u0103 de 16 ani, diagnosticat cu autism. Seara s-a \u00eencheiat cu proiec\u021bia documentarului <b><i>Omul din spatele autismului<\/i><\/b>, realizat de ANCAAR.<\/span><\/p>\n<p><span style=\"font-size: medium;\">Evenimentul a f\u0103cut parte din Campania <i>Omul din spatele autismului<\/i>, care are ca scop str\u00e2ngerea de fonduri pentru construc\u021bia unui centru reziden\u021bial \u0219i de lucru pentru adolescen\u021bi \u015fi adul\u021bi cu autism. Proiectul \u015fi-a propus promovarea talentelor artistice ale persoanelor cu autism care au beneficiat \u00een ultimii ani de programe terapeutice \u0219i de socializare \u00een cadrul ANCAAR.<\/span><\/p>\n<p><span style=\"font-size: medium;\">\u00cen deschiderea evenimentului au vorbit dl. <b>Robert Negoi\u021b\u0103<\/b>, Primar al sectorului 3, dna.Director al Centrului Cultural Casa Eliad, <strong>Alice Barb<\/strong> \u0219i <b>Georgeta Cri\u0219u<\/b>, pre\u015fedintele ANCAAR.<\/span><\/p>\n<p>La eveniment au participat peste 50 de persoane, tineri \u0219i copii cu autism, apar\u021bin\u0103torii acestora, speciali\u0219ti din domeniul autismului, profesori \u0219i educatori, public larg \u0219i pres\u0103.<\/p>\n<p><a href=\"http:\/\/autismancaar.ro\/ro\/wp-content\/uploads\/2011\/11\/concert-ancaar_02.jpg\"><img loading=\"lazy\" decoding=\"async\" class=\"alignleft\" title=\"victor la pian\" src=\"http:\/\/autismancaar.ro\/ro\/wp-content\/uploads\/2011\/11\/concert-ancaar_02.jpg\" alt=\"victor la pian\" width=\"208\" height=\"139\" \/><\/a><\/address>\n<\/address>\n<address>\u00a0<em><b>Victor<\/b> are 17 ani, a finalizat cursurile unei \u015fcoli speciale din Bucure\u015fti \u015fi a primit diagnosticul de autism la v\u00e2rsta de 3 ani. A \u00eenceput s\u0103 c\u00e2nte la pian \u00een 2007, c\u00e2nd pus \u00een fa\u0163a claviaturii a c\u00e2ntat dup\u0103 ureche melodia pe care o fredona, f\u0103r\u0103 s\u0103 cunoasc\u0103 notele \u015fi clapele; ulterior a fost familiarizat cu tainele muzicii de c\u0103tre un profesor de specialitate. Ast\u0103zi c\u00e2nt\u0103 dup\u0103 partitur\u0103 melodii de o complexitate foarte mare. Victor este un pasionat ascult\u0103tor de muzic\u0103 simfonic\u0103 \u015fi de camer\u0103.<\/em> <a href=\"http:\/\/www.youtube.com\/watch?v=30JkPeVERZg\">Ascult\u0103-l pe Victor<\/a><\/p>\n<address><a href=\"http:\/\/autismancaar.ro\/ro\/wp-content\/uploads\/2011\/11\/DSC_0818.jpg\"><img loading=\"lazy\" decoding=\"async\" class=\"alignleft\" title=\"DSC_0818\" src=\"http:\/\/autismancaar.ro\/ro\/wp-content\/uploads\/2011\/11\/DSC_0818-150x150.jpg\" alt=\"\" width=\"189\" height=\"189\" \/><\/a>\u00a0<b>Andrei <\/b>are 12 ani, este elev \u00een clasa a V-a la Liceul Tonitza din Bucure\u015fti \u015fi a fost diagnosticat cu autism la v\u00e2rsta de 5 ani. Progresul educa\u0163ional s-a \u00eenregistrat \u00een urma terapiei specifice, efectuat\u0103 at\u00e2t \u00een privat, c\u00e2t \u015fi la \u015fcoal\u0103, cu \u00eenv\u0103\u0163\u0103torul care a adaptat metoda sa nevoilor educa\u0163ionale ale elevului. Andrei a \u00eenceput din 2006 s\u0103 \u00eenve\u0163e s\u0103 picteze al\u0103turi de un profesionist, dup\u0103 descoperirea talentului s\u0103u artistic deosebit prin u\u015furin\u0163a cu care participa la orele de pictur\u0103.&nbsp;<\/p>\n<p><a href=\"http:\/\/autismancaar.ro\/ro\/wp-content\/uploads\/2011\/11\/Untitled1.jpg\"><img loading=\"lazy\" decoding=\"async\" class=\"alignleft size-medium wp-image-1469\" src=\"http:\/\/autismancaar.ro\/ro\/wp-content\/uploads\/2011\/11\/Untitled1-249x300.jpg\" alt=\"Untitled1\" width=\"188\" height=\"224\" \/><\/a><\/p>\n<p><b>M\u0103d\u0103lin <\/b>este elev \u00een clasa a VIII-a la o \u015fcoal\u0103 de mas\u0103 din Fete\u015fti \u015fi are 16 ani. A beneficiat \u00een cadru privat de terapie specific\u0103 diagnosticului de autism de la v\u00e2rsta de 8 ani. \u00cen prezent, M\u0103d\u0103lin continu\u0103 terapia care presupune activit\u0103\u0163i educa\u0163ionale diverse, dar \u015fi activit\u0103\u0163i de terapie ocupa\u0163ional\u0103. Orice persoan\u0103 trebuie s\u0103 fie acceptat\u0103, mai ales pentru c\u0103 fiecare are un talent deosebit, cum M\u0103d\u0103lin are la \u00eenv\u0103\u0163area limbilor str\u0103ine, dar \u015fi la confec\u0163ionarea unor produse hand-made de o adev\u0103rat\u0103 valoare artistic\u0103.<span style=\"font-size: medium;\">Documentarul <b><i>Omul din spatele autismului<\/i><\/b>, realizat de ANCAAR, sus\u021bine campania na\u021bional\u0103 \u0219i prezint\u0103 situa\u021bia real\u0103 a c\u00e2torva adolescen\u021bi \u0219i adul\u021bi cu autism, cazuri tipice pentru categoriile care exist\u0103 in Rom\u00e2nia: este vorba despre persoane care au un parcurs educa\u021bional, care \u0219i-au dezvoltat abilit\u0103\u021bi \u0219i \u0219i-au cultivat talentele, dar care nu sunt integrate \u00een colectivit\u0103\u021bi specifice de munc\u0103, fiind marginalizate pe plan social. Prin povestea lui Drago\u0219, a lui \u0218tefan, a Cameliei, a lui C\u0103t\u0103lin \u0219i Silviu, a lui M\u0103d\u0103lin, Bogdan, Carmen, Mihai \u0219i a familiilor lor, ANCAAR dore\u0219te s\u0103 trag\u0103 un semnal de alarm\u0103: m\u0103sura \u00een care persoanele cu autism se pot integra pe pia\u021ba muncii nu depinde de inteligen\u0163a, aptitudinile sau posibilit\u0103\u0163ile lor de comunicare, ci de <i>toleran\u0163a <\/i>noastr\u0103.\u00a0 <a href=\"http:\/\/www.youtube.com\/watch?v=UQYz9a4wKpE\">Vezi documentarul Omul din spatele Autismului (trailer)<\/a><\/span><\/p>\n<p>Adresa: Centrul Cultural Casa Eliad, Bd. Mircea Vod\u0103 nr. 5 (Vecin\u0103t\u0103\u021bi: zona Unirii, sec\u021bia de poli\u021bie Udri\u0219te, \u0218coala 73 Barbu Delavrancea, Liceul Evreiesc)<\/p>\n<p><a href=\"http:\/\/autismancaar.ro\/ro\/wp-content\/uploads\/2011\/11\/harta.jpg\"><img loading=\"lazy\" decoding=\"async\" class=\"alignleft size-medium wp-image-1476\" src=\"http:\/\/autismancaar.ro\/ro\/wp-content\/uploads\/2011\/11\/harta-300x157.jpg\" alt=\"harta\" width=\"300\" height=\"157\" srcset=\"http:\/\/autismancaar.ro\/ro\/wp-content\/uploads\/2011\/11\/harta-300x157.jpg 300w, http:\/\/autismancaar.ro\/ro\/wp-content\/uploads\/2011\/11\/harta.jpg 984w\" sizes=\"auto, (max-width: 300px) 100vw, 300px\" \/><\/a><\/p>\n<p>&nbsp;<\/p>\n<p>&nbsp;<\/p>\n<p>&nbsp;<\/p>\n<p>&nbsp;<\/p>\n<p>&nbsp;<\/p>\n<hr \/>\n<p>&nbsp;<\/p>\n<p><strong>Edi<\/strong><strong>\u0163<\/strong><strong>ia I<\/strong><br \/>\nMiercuri, <strong>7 decembrie 2011<\/strong>, de la <strong>ora 18.00<\/strong>, la <strong>Institutul Cultural Rom\u00e2n <\/strong>(Aleea Alexandru 38 )au avut loc o serie de evenimente sub genericul <strong><em>Artistul din spatele autismului<\/em>. <\/strong>Organizat de <strong>Asocia\u0163ia Na\u0163ional\u0103 pentru Copii \u015fi Adul\u0163i cu Autism din Rom\u00e2nia (ANCAAR)<\/strong> \u00een colaborare cu <strong>ICR<\/strong>, programul a inclus un concert de pian sus\u0163inut de <strong>Victor<\/strong>, un t\u00e2n\u0103r \u00een v\u00e2rst\u0103 de 16 ani diagnosticat cu autism la 3 ani, \u015fi o expozi\u021bie de pictur\u0103 cu v\u00e2nzare semnat\u0103 de <strong>Andrei<\/strong>, un copil de 11 ani diagnosticat cu aceea\u015fi afec\u0163iune. Seara s-a \u00eencheiat cu proiec\u021bia documentarului <strong><em>Omul din spatele autismului<\/em><\/strong>, realizat de ANCAAR.<\/p>\n","protected":false},"excerpt":{"rendered":"<p>Artistul din spatele autismului &#8211;\u00a0Edi\u0163ia III Concerte de pian, expozi\u0163ie de pictur\u0103, ceramic\u0103, quilling, produse handmade Asocia\u0163ia Na\u0163ional\u0103 pentru Copii \u015fi Adul\u0163i cu Autism din Rom\u00e2nia are placerea s\u0103 v\u0103 invite mar\u0163i, 10 iunie 2014, de la ora 17.00, la \u201cBiblioteca Central\u0103 Universitar\u0103 Carol I\u201d (str. Boteanu nr. 1, sector 1, Bucure\u0219ti)la o serie de [&hellip;]<\/p>\n","protected":false},"author":2,"featured_media":0,"parent":440,"menu_order":2,"comment_status":"open","ping_status":"closed","template":"","meta":{"ngg_post_thumbnail":0,"footnotes":""},"class_list":["post-883","page","type-page","status-publish","hentry"],"_links":{"self":[{"href":"http:\/\/autismancaar.ro\/ro\/wp-json\/wp\/v2\/pages\/883","targetHints":{"allow":["GET"]}}],"collection":[{"href":"http:\/\/autismancaar.ro\/ro\/wp-json\/wp\/v2\/pages"}],"about":[{"href":"http:\/\/autismancaar.ro\/ro\/wp-json\/wp\/v2\/types\/page"}],"author":[{"embeddable":true,"href":"http:\/\/autismancaar.ro\/ro\/wp-json\/wp\/v2\/users\/2"}],"replies":[{"embeddable":true,"href":"http:\/\/autismancaar.ro\/ro\/wp-json\/wp\/v2\/comments?post=883"}],"version-history":[{"count":5,"href":"http:\/\/autismancaar.ro\/ro\/wp-json\/wp\/v2\/pages\/883\/revisions"}],"predecessor-version":[{"id":2083,"href":"http:\/\/autismancaar.ro\/ro\/wp-json\/wp\/v2\/pages\/883\/revisions\/2083"}],"up":[{"embeddable":true,"href":"http:\/\/autismancaar.ro\/ro\/wp-json\/wp\/v2\/pages\/440"}],"wp:attachment":[{"href":"http:\/\/autismancaar.ro\/ro\/wp-json\/wp\/v2\/media?parent=883"}],"curies":[{"name":"wp","href":"https:\/\/api.w.org\/{rel}","templated":true}]}}