{"id":904,"date":"2011-11-23T08:10:34","date_gmt":"2011-11-23T08:10:34","guid":{"rendered":"http:\/\/autismancaar.ro\/?page_id=904"},"modified":"2014-11-03T16:28:13","modified_gmt":"2014-11-03T16:28:13","slug":"spectacol-artistic-omul-din-spatele-autismului","status":"publish","type":"page","link":"http:\/\/autismancaar.ro\/ro\/campanie\/evenimentele-campaniei\/spectacol-artistic-omul-din-spatele-autismului\/","title":{"rendered":"Spectacol Artistic Omul din spatele Autismului"},"content":{"rendered":"<p align=\"center\"><strong>ACTA Autism Arge\u015f<\/strong> \u00een parteneriat cu <strong>ANCAAR<\/strong> a organizat \u00een data de <strong>3 decembrie 2011\u00a0 &#8211; Ziua mondial\u0103 a dizabilit\u0103\u0163ii &#8211;<\/strong><\/p>\n<p align=\"center\"><span style=\"background-color: #ffff99;\"><strong>Spectacolul artistic \u00a0\u201cOmul din spatele autismului\u201d<\/strong><\/span><\/p>\n<p align=\"center\">la Biblioteca Jude\u0163ean\u0103 \u201eDinicu Golescu\u201d, PITE\u0218TI \u00een sala Amfiteatru, orele 10,00-13,00.<\/p>\n<p>Au participat:<\/p>\n<p><strong>&#8211; ANCAAR <\/strong>ca partener de eveniment \u00een <strong>Campania Na\u021bional\u0103 <em>Omul din spatele autismului<\/em><\/strong><\/p>\n<p><strong>&#8211; <\/strong><strong>KIR-\u00c7ED Kir\u015fehir Youth Culture, Art<\/strong> \u2013<strong>Turcia <\/strong>\u00een calitatea de partener de proiect printr-un grup de 5 persoane \u2013 actori de profesie, care prin scenetele prezentate au pus \u00een eviden\u0163\u0103 aspecte din via\u0163a persoanelor cu autism \u015fi problemele cu care acestea se confrunt\u0103.<\/p>\n<p style=\"text-align: center;\"><a href=\"http:\/\/www.youtube.com\/watch?v=li5UQih955Q&amp;feature=youtu.be\">Vezi scenetele<\/a><\/p>\n<p>Scopul ac\u0163iunii a fost sus\u0163inerea campaniei de sprijinire a tinerilor cu autism din Arge\u015f \u00eempotriva discrimin\u0103rii \u015fi excluziunii sociale, din cadrul Proiectului transna\u0163ional <strong>\u201cPuzzle of divesity\u201d<\/strong> (finan\u0163at prin programul Tineret \u00een Ac\u0163iune, de Comisia European\u0103 ) lansat de <strong>ACTA Autism Arge\u015f \u015fi <\/strong><strong>\u00a0<\/strong><strong>KIR-\u00c7ED K\u0131r\u015fehir Youth Culture, Art<\/strong> \u2013<strong>Turcia.<\/strong><\/p>\n<p>Au fost invita\u021bi psihologi, psihopedagogi, logopezi, asisten\u0163i sociali, profesori, educatori, \u00eenv\u0103\u0163\u0103tori, studen\u0163i, p\u0103rin\u0163i\/apar\u0163in\u0103tori ai persoanelor cu autism, terapeu\u0163i, oficialit\u0103\u0163i \u015fi to\u0163i cei interesa\u0163i s\u0103 p\u0103trund\u0103 \u00een tainele autismului.<\/p>\n<p style=\"text-align: left;\" align=\"right\">La eveniment s-a proiectat documentarul<a href=\"http:\/\/www.youtube.com\/watch?v=UQYz9a4wKpE\"> <strong>Omul din spatele Autismului<\/strong> <\/a>(ANCAAR, 2011) \u0219i a fost admirat\u0103 Expozi\u0163ia foto <strong>\u201eCreat diferit pentru a tr\u0103i \u00eempreun\u0103\u201d <\/strong>(aspecte din activit\u0103\u0163ile realizate) prezentat\u0103 \u00een holul Bibliotecii \u00een perioada 3 \u2013 7 decembrie 2011.<\/p>\n<p style=\"text-align: center;\" align=\"right\"><a href=\"http:\/\/autismancaar.ro\/ro\/wp-content\/uploads\/2011\/11\/Invitatie-spectacol.pdf\">Descarc\u0103 invita\u021bia!<\/a><\/p>\n<p><a href=\"http:\/\/autismancaar.ro\/ro\/wp-content\/uploads\/2011\/11\/IMG_4489.jpg\"><img loading=\"lazy\" decoding=\"async\" class=\"alignleft size-thumbnail wp-image-1027\" title=\"IMG_4489\" src=\"http:\/\/autismancaar.ro\/ro\/wp-content\/uploads\/2011\/11\/IMG_4489-150x150.jpg\" alt=\"\" width=\"150\" height=\"150\" \/><\/a><a href=\"http:\/\/autismancaar.ro\/ro\/wp-content\/uploads\/2011\/11\/IMG_4490.jpg\"><img loading=\"lazy\" decoding=\"async\" class=\"alignleft size-thumbnail wp-image-1028\" title=\"IMG_4490\" src=\"http:\/\/autismancaar.ro\/ro\/wp-content\/uploads\/2011\/11\/IMG_4490-150x150.jpg\" alt=\"\" width=\"150\" height=\"150\" \/><\/a><a href=\"http:\/\/autismancaar.ro\/ro\/wp-content\/uploads\/2011\/11\/IMG_4493.jpg\"><img loading=\"lazy\" decoding=\"async\" class=\"alignleft size-thumbnail wp-image-1029\" title=\"IMG_4493\" src=\"http:\/\/autismancaar.ro\/ro\/wp-content\/uploads\/2011\/11\/IMG_4493-150x150.jpg\" alt=\"\" width=\"150\" height=\"150\" \/><\/a><a href=\"http:\/\/autismancaar.ro\/ro\/wp-content\/uploads\/2011\/11\/IMG_4496.jpg\"><img loading=\"lazy\" decoding=\"async\" class=\"alignleft size-thumbnail wp-image-1030\" title=\"IMG_4496\" src=\"http:\/\/autismancaar.ro\/ro\/wp-content\/uploads\/2011\/11\/IMG_4496-150x150.jpg\" alt=\"\" width=\"150\" height=\"150\" \/><\/a><a href=\"http:\/\/autismancaar.ro\/ro\/wp-content\/uploads\/2011\/11\/IMG_4495.jpg\"><img loading=\"lazy\" decoding=\"async\" class=\"alignleft size-thumbnail wp-image-1035\" title=\"IMG_4495\" src=\"http:\/\/autismancaar.ro\/ro\/wp-content\/uploads\/2011\/11\/IMG_4495-150x150.jpg\" alt=\"\" width=\"150\" height=\"150\" \/><\/a><\/p>\n<p>&nbsp;<\/p>\n<p>&nbsp;<\/p>\n<p>&nbsp;<\/p>\n<p>&nbsp;<\/p>\n<p>&nbsp;<\/p>\n<p>&nbsp;<\/p>\n<p>&nbsp;<\/p>\n","protected":false},"excerpt":{"rendered":"<p>ACTA Autism Arge\u015f \u00een parteneriat cu ANCAAR a organizat \u00een data de 3 decembrie 2011\u00a0 &#8211; Ziua mondial\u0103 a dizabilit\u0103\u0163ii &#8211; Spectacolul artistic \u00a0\u201cOmul din spatele autismului\u201d la Biblioteca Jude\u0163ean\u0103 \u201eDinicu Golescu\u201d, PITE\u0218TI \u00een sala Amfiteatru, orele 10,00-13,00. Au participat: &#8211; ANCAAR ca partener de eveniment \u00een Campania Na\u021bional\u0103 Omul din spatele autismului &#8211; KIR-\u00c7ED [&hellip;]<\/p>\n","protected":false},"author":2,"featured_media":0,"parent":440,"menu_order":3,"comment_status":"open","ping_status":"closed","template":"","meta":{"ngg_post_thumbnail":0,"footnotes":""},"class_list":["post-904","page","type-page","status-publish","hentry"],"_links":{"self":[{"href":"http:\/\/autismancaar.ro\/ro\/wp-json\/wp\/v2\/pages\/904","targetHints":{"allow":["GET"]}}],"collection":[{"href":"http:\/\/autismancaar.ro\/ro\/wp-json\/wp\/v2\/pages"}],"about":[{"href":"http:\/\/autismancaar.ro\/ro\/wp-json\/wp\/v2\/types\/page"}],"author":[{"embeddable":true,"href":"http:\/\/autismancaar.ro\/ro\/wp-json\/wp\/v2\/users\/2"}],"replies":[{"embeddable":true,"href":"http:\/\/autismancaar.ro\/ro\/wp-json\/wp\/v2\/comments?post=904"}],"version-history":[{"count":2,"href":"http:\/\/autismancaar.ro\/ro\/wp-json\/wp\/v2\/pages\/904\/revisions"}],"predecessor-version":[{"id":2085,"href":"http:\/\/autismancaar.ro\/ro\/wp-json\/wp\/v2\/pages\/904\/revisions\/2085"}],"up":[{"embeddable":true,"href":"http:\/\/autismancaar.ro\/ro\/wp-json\/wp\/v2\/pages\/440"}],"wp:attachment":[{"href":"http:\/\/autismancaar.ro\/ro\/wp-json\/wp\/v2\/media?parent=904"}],"curies":[{"name":"wp","href":"https:\/\/api.w.org\/{rel}","templated":true}]}}